{"id":2532,"date":"2022-09-06T21:23:17","date_gmt":"2022-09-06T21:23:17","guid":{"rendered":"https:\/\/adoptabosque.org\/?page_id=2532"},"modified":"2022-10-05T20:40:48","modified_gmt":"2022-10-05T20:40:48","slug":"notopleura-sallydavidsoniae","status":"publish","type":"page","link":"https:\/\/adoptabosque.org\/en\/chucanti\/new-species\/notopleura-sallydavidsoniae\/","title":{"rendered":"Notopleura sallydavidsoniae"},"content":{"rendered":"<div id=\"pl-2532\"  class=\"panel-layout\" ><div id=\"pg-2532-0\"  class=\"panel-grid panel-has-style\" ><div class=\"siteorigin-panels-stretch mob-pad-0 panel-row-style panel-row-style-for-2532-0\" style=\"padding: 50px 0; \" data-stretch-type=\"full-stretched-padded\" data-overlay=\"true\" data-overlay-color=\"#000000\" ><div id=\"pgc-2532-0-0\"  class=\"panel-grid-cell\" ><div class=\"panel-cell-style panel-cell-style-for-2532-0-0\" ><div id=\"panel-2532-0-0-0\" class=\"widget_text so-panel widget widget_custom_html panel-first-child\" data-index=\"0\" ><div style=\"text-align: left;\" id=\"MobOnly\" data-title-color=\"#443f3f\" data-headings-color=\"#7aac47\" class=\"widget_text panel-widget-style panel-widget-style-for-2532-0-0-0\" ><div class=\"textwidget custom-html-widget\"><h4 style=\"margin-bottom: 0px;\">\n\tOtras Especies\n<\/h4><\/div><\/div><\/div><div id=\"panel-2532-0-0-1\" class=\"widget_text so-panel widget widget_custom_html panel-last-child\" data-index=\"1\" ><div style=\"text-align: left;\" data-title-color=\"#443f3f\" data-headings-color=\"#443f3f\" class=\"widget_text panel-widget-style panel-widget-style-for-2532-0-0-1\" ><div class=\"textwidget custom-html-widget\"><div class=\"Species-Menu\" style=\"margin-top: -50px;\">\n \u00a0<a href=\"https:\/\/adoptabosque.org\/chucanti\/new-species\/ssebastiani\/\"><em>Strophaeus sebastiani<\/em><\/a>\n\t<a href=\"https:\/\/adoptabosque.org\/chucanti\/new-species\/tessaropa-elizabeth\/\"><em>Tessaropa elizabeth<\/em><\/a>\n  <a href=\"https:\/\/adoptabosque.org\/chucanti\/new-species\/anelaphus-cordiforme\/\"><em>Anelaphus cordiforme<\/em><\/a>\n\t<a href=\"https:\/\/adoptabosque.org\/chucanti\/new-species\/epropetes-tristis\/\"><em>Epropetes tristis<\/em><\/a>\n\t<a href=\"https:\/\/adoptabosque.org\/chucanti\/new-species\/bolitoglossa-chucantiensis\/\"><strong>Salamandra de Chucant\u00ed<\/strong><br><em>Bolitoglossa chucantiensis<\/em><\/a>\n\t<a href=\"https:\/\/adoptabosque.org\/chucanti\/new-species\/diasporus-majeensis\/\"><strong>Rana Chucant\u00ed Tink<\/strong><br><em>Diasporus majeensis<\/em><\/a>\n\t<a href=\"https:\/\/adoptabosque.org\/chucanti\/new-species\/tantilla-berguidoi\/\"><strong>Centipedivora de Chucant\u00ed<\/strong><br><em>Tantilla berguidoi<\/em><\/a>\n\t<a href=\"https:\/\/adoptabosque.org\/chucanti\/new-species\/anthurium-annularum\/\"><em>Anthurium annularum<\/em><\/a>\n\t<a href=\"https:\/\/adoptabosque.org\/chucanti\/new-species\/anthurium-chucantiense\/\"><em>Anthurium chucantiense<\/em><\/a>\n\t<a href=\"https:\/\/adoptabosque.org\/chucanti\/new-species\/heliconia-berguidoi\/\"><em>Heliconia berguidoi<\/em><\/a>\n\t<a href=\"https:\/\/adoptabosque.org\/chucanti\/new-species\/photinus-interdius\/\" ><em>Photinus interdius<\/em><\/a>\n\t<a href=\"https:\/\/adoptabosque.org\/chucanti\/new-species\/quindina-kuna\/\"><em>Quindina kuna<\/em><\/a>\n\t<a href=\"https:\/\/adoptabosque.org\/chucanti\/new-species\/notopleura-sallydavidsoniae\/\" class=\"active\"><em>Notopleura sallydavidsoniae<\/em><\/a>\n\t<a href=\"https:\/\/adoptabosque.org\/chucanti\/new-species\/dieffenbachia-mortoniana\/\"><em>Diffenbachia mortoniana<\/em><\/a>\n\t<a href=\"https:\/\/adoptabosque.org\/chucanti\/new-species\/neaporia-chucanti\/\"><em>Neaporia chucanti<\/em><\/a>\n\t<a href=\"https:\/\/adoptabosque.org\/chucanti\/new-species\/syscia-austrella\/\"><em>Syscia austrella<\/em><\/a>\n\t<a href=\"https:\/\/adoptabosque.org\/chucanti\/new-species\/pristimantis-gretathunbergae\/\"><strong>Greta Thunberg\u2019s Rainfrog<\/strong><br><em>Pristimantis gretathunbergae<\/em><\/a>\n\t<a href=\"https:\/\/adoptabosque.org\/chucanti\/new-species\/anthurium-berguidoi\/\"><em>Anthurium berguidoi<\/em><\/a>\n<\/div><\/div><\/div><\/div><\/div><\/div><div id=\"pgc-2532-0-1\"  class=\"panel-grid-cell\" ><div class=\"panel-cell-style panel-cell-style-for-2532-0-1\" ><div id=\"panel-2532-0-1-0\" class=\"widget_text so-panel widget widget_custom_html panel-first-child\" data-index=\"2\" ><div style=\"text-align: left;\" id=\"NotMob\" data-title-color=\"#443f3f\" data-headings-color=\"#000000\" class=\"widget_text panel-widget-style panel-widget-style-for-2532-0-1-0\" ><div class=\"textwidget custom-html-widget\"><div class=\"Species-image-contain\"><img loading=\"lazy\" decoding=\"async\" src=\"https:\/\/adoptabosque.org\/wp-content\/uploads\/2022\/09\/Screen-Shot-2022-09-06-at-2.40.21-PM-e1662501332784.png\" alt=\"N.sallydavidsoniae\" width=\"400\" height=\"300\" class=\"alignleft size-full wp-image-2541\" srcset=\"https:\/\/adoptabosque.org\/wp-content\/uploads\/2022\/09\/Screen-Shot-2022-09-06-at-2.40.21-PM-e1662501332784.png 763w, https:\/\/adoptabosque.org\/wp-content\/uploads\/2022\/09\/Screen-Shot-2022-09-06-at-2.40.21-PM-e1662501332784-600x450.png 600w, https:\/\/adoptabosque.org\/wp-content\/uploads\/2022\/09\/Screen-Shot-2022-09-06-at-2.40.21-PM-e1662501332784-300x225.png 300w, https:\/\/adoptabosque.org\/wp-content\/uploads\/2022\/09\/Screen-Shot-2022-09-06-at-2.40.21-PM-e1662501332784-16x12.png 16w, https:\/\/adoptabosque.org\/wp-content\/uploads\/2022\/09\/Screen-Shot-2022-09-06-at-2.40.21-PM-e1662501332784-230x172.png 230w, https:\/\/adoptabosque.org\/wp-content\/uploads\/2022\/09\/Screen-Shot-2022-09-06-at-2.40.21-PM-e1662501332784-350x262.png 350w, https:\/\/adoptabosque.org\/wp-content\/uploads\/2022\/09\/Screen-Shot-2022-09-06-at-2.40.21-PM-e1662501332784-480x360.png 480w\" sizes=\"auto, (max-width: 400px) 100vw, 400px\" \/><div class=\"Species-copyright-DarkBG\">\n\t\t<i class=\"fa fa-camera\"><\/i>  Rodolfo Flores\n\t\t<\/div>\n\t<\/div>\n<h2 class=\"Species-Name\">\n\t<em>Notopleura sallydavidsoniae<\/em>\n<\/h2><\/div><\/div><\/div><div id=\"panel-2532-0-1-1\" class=\"widget_text so-panel widget widget_custom_html\" data-index=\"3\" ><div style=\"text-align: center;\" id=\"MobOnly\" data-title-color=\"#443f3f\" data-headings-color=\"#000000\" class=\"widget_text panel-widget-style panel-widget-style-for-2532-0-1-1\" ><div class=\"textwidget custom-html-widget\"><div class=\"Species-image-contain\"><img loading=\"lazy\" decoding=\"async\" src=\"https:\/\/adoptabosque.org\/wp-content\/uploads\/2022\/09\/Screen-Shot-2022-09-06-at-2.40.21-PM-e1662501332784.png\" alt=\"N.sallydavidsoniae\" width=\"400\" height=\"300\" class=\"alignleft size-full wp-image-2541\" srcset=\"https:\/\/adoptabosque.org\/wp-content\/uploads\/2022\/09\/Screen-Shot-2022-09-06-at-2.40.21-PM-e1662501332784.png 763w, https:\/\/adoptabosque.org\/wp-content\/uploads\/2022\/09\/Screen-Shot-2022-09-06-at-2.40.21-PM-e1662501332784-600x450.png 600w, https:\/\/adoptabosque.org\/wp-content\/uploads\/2022\/09\/Screen-Shot-2022-09-06-at-2.40.21-PM-e1662501332784-300x225.png 300w, https:\/\/adoptabosque.org\/wp-content\/uploads\/2022\/09\/Screen-Shot-2022-09-06-at-2.40.21-PM-e1662501332784-16x12.png 16w, https:\/\/adoptabosque.org\/wp-content\/uploads\/2022\/09\/Screen-Shot-2022-09-06-at-2.40.21-PM-e1662501332784-230x172.png 230w, https:\/\/adoptabosque.org\/wp-content\/uploads\/2022\/09\/Screen-Shot-2022-09-06-at-2.40.21-PM-e1662501332784-350x262.png 350w, https:\/\/adoptabosque.org\/wp-content\/uploads\/2022\/09\/Screen-Shot-2022-09-06-at-2.40.21-PM-e1662501332784-480x360.png 480w\" sizes=\"auto, (max-width: 400px) 100vw, 400px\" \/><div class=\"Species-copyright-DarkBG\">\n\t\t<i class=\"fa fa-camera\"><\/i>  Rodolfo Flores\n\t\t<\/div>\n\t<\/div>\n<h2 class=\"Species-Name-Mob\">\n\t<em>Notopleura sallydavidsoniae<\/em>\n<\/h2><\/div><\/div><\/div><div id=\"panel-2532-0-1-2\" class=\"widget_text so-panel widget widget_custom_html\" data-index=\"4\" ><div style=\"text-align: left;\" data-title-color=\"#443f3f\" data-headings-color=\"#000000\" class=\"widget_text panel-widget-style panel-widget-style-for-2532-0-1-2\" ><div class=\"textwidget custom-html-widget\"><p style=\"margin-bottom: 10px;\">\n\tAunque bastante com\u00fan en las \u00e1reas altas de la Reserva Natural Privada Cerro Chucant\u00ed, su \u00e1rea restringida de distribuci\u00f3n ha llevado a los autores que describieron por primera vez esta especie sugerir que deber\u00eda considerarse <span style=\"color: red\">En Peligro Cr\u00edtico [CR]<\/span>.\n<\/p>\n<\/div><\/div><\/div><div id=\"panel-2532-0-1-3\" class=\"so-panel widget widget_siteorigin-panels-builder\" data-index=\"5\" ><div style=\"text-align: left;\" data-title-color=\"#443f3f\" data-headings-color=\"#443f3f\" class=\"panel-widget-style panel-widget-style-for-2532-0-1-3\" ><div id=\"pl-w6330a4e6ccde7\"  class=\"panel-layout\" ><div id=\"pg-w6330a4e6ccde7-0\"  class=\"panel-grid panel-has-style\" ><div style=\"padding: 0px 0; \" data-overlay=\"true\" data-overlay-color=\"#000000\" class=\"panel-row-style panel-row-style-for-w6330a4e6ccde7-0\" ><div id=\"pgc-w6330a4e6ccde7-0-0\"  class=\"panel-grid-cell\" ><div id=\"panel-w6330a4e6ccde7-0-0-0\" class=\"widget_text so-panel widget widget_custom_html panel-first-child panel-last-child\" data-index=\"0\" ><div style=\"text-align: left;\" data-title-color=\"#443f3f\" data-headings-color=\"#7aac47\" class=\"widget_text panel-widget-style panel-widget-style-for-w6330a4e6ccde7-0-0-0\" ><div class=\"textwidget custom-html-widget\"><h4>\n\tIdentificaci\u00f3n\n<\/h4>\n<p>\n\t<strong style=\"color:black;\">Forma de crecimiento:<\/strong> Hierba trepadora ep\u00edfita o peque\u00f1o arbusto ramificado, con tallos y hojas suculentas.\n<\/p>\n<p>\n\t<strong style=\"color:black;\">Follaje:<\/strong> <u>Hojas<\/u> opuestas, lisas con una vena central roja debajo. <u>Ped\u00edculos<\/u>  (tallos de hojas) de 5 a 15 mm de largo. <u>Est\u00edpulas<\/u> (peque\u00f1as estructuras similares a hojas ubicadas en la base del tallo de la hoja) lisas, combinadas alrededor del ped\u00edculo para formar una vaina con una parte superior con flecos (foto D).\n<\/p>\n<p>\n\t<strong style=\"color:black;\">Estructura de floraci\u00f3n:<\/strong> <u>Inflorescencia<\/u> una estructura ramificada que crece al final de los tallos, aunque los tallos crecen r\u00e1pidamente m\u00e1s all\u00e1 de la estructura. Liso, con tallos rojos. Estructura del tallo principal de 2,7 a 6 cm de largo, secci\u00f3n ramificada de aproximadamente 2,5 a 4 cm x 6 cm (largo x ancho). De tres a nueve peque\u00f1as <u>Flores<\/u> blancas al final de cada rama.\n<\/p>\n<p>\n\t<strong style=\"color:black;\">Estructura de fructificaci\u00f3n:<\/strong> <u>Frutas<\/u> reemplazan a las flores en los extremos de las ramas. Son lisas, de forma m\u00e1s o menos esf\u00e9rica (ligeramente m\u00e1s anchas que largas, 3 x 4 mm), madurando de rojo a negro.\n<\/p><\/div><\/div><\/div><\/div><\/div><\/div><div id=\"pg-w6330a4e6ccde7-1\"  class=\"panel-grid panel-has-style\" ><div style=\"padding: 0px 0; \" data-overlay=\"true\" data-overlay-color=\"#000000\" class=\"panel-row-style panel-row-style-for-w6330a4e6ccde7-1\" ><div id=\"pgc-w6330a4e6ccde7-1-0\"  class=\"panel-grid-cell\" ><div class=\"panel-cell-style panel-cell-style-for-w6330a4e6ccde7-1-0\" ><div id=\"panel-w6330a4e6ccde7-1-0-0\" class=\"widget_text so-panel widget widget_custom_html panel-first-child panel-last-child\" data-index=\"1\" ><div style=\"text-align: left;\" data-title-color=\"#443f3f\" data-headings-color=\"#443f3f\" class=\"widget_text panel-widget-style panel-widget-style-for-w6330a4e6ccde7-1-0-0\" ><div class=\"textwidget custom-html-widget\"><div style=\"max-width: 600px; margin: auto; position: relative; margin-top: 10px;\"><a href=\"https:\/\/adoptabosque.org\/wp-content\/uploads\/2022\/09\/Screen-Shot-2022-09-06-at-2.47.44-PM.png\"><img loading=\"lazy\" decoding=\"async\" src=\"https:\/\/adoptabosque.org\/wp-content\/uploads\/2022\/09\/Screen-Shot-2022-09-06-at-2.47.44-PM.png\" alt=\"N.sallydavisoniae anatom\u00eda\" width=\"806\" height=\"695\" class=\"size-full wp-image-2412\" \/><\/a><div class=\"copyright-DarkBG\" style=\"bottom: 0px !important;\">\n\t\t<i class=\"fa fa-camera\"><\/i> Rodolfo Flores\n\t\t<\/div>\n\t<\/div><\/div><\/div><\/div><\/div><\/div><div id=\"pgc-w6330a4e6ccde7-1-1\"  class=\"panel-grid-cell\" ><div id=\"panel-w6330a4e6ccde7-1-1-0\" class=\"widget_text so-panel widget widget_custom_html panel-first-child panel-last-child\" data-index=\"2\" ><div style=\"text-align: left;\" data-title-color=\"#443f3f\" data-headings-color=\"#443f3f\" class=\"widget_text panel-widget-style panel-widget-style-for-w6330a4e6ccde7-1-1-0\" ><div class=\"textwidget custom-html-widget\"><span class=\"Species-caption\" style=\"color: black;\">Im\u00e1genes de una rama (C), estipulaci\u00f3n (D), inflorescencia (E), y estructura de fruitificaci\u00f3n (F) de Flores et al. (2018).<\/span><\/div><\/div><\/div><\/div><\/div><\/div><\/div><\/div><\/div><div id=\"panel-2532-0-1-4\" class=\"widget_text so-panel widget widget_custom_html\" data-index=\"6\" ><div style=\"text-align: left;\" data-title-color=\"#443f3f\" data-headings-color=\"#7aac47\" class=\"widget_text panel-widget-style panel-widget-style-for-2532-0-1-4\" ><div class=\"textwidget custom-html-widget\"><h4 style=\"margin-bottom: 10px;\">\n\tDistribuci\u00f3n\n<\/h4>\n<p>\n\tHasta la fecha solo se han encontrado en Cerro Chucant\u00ed.\n<\/p><\/div><\/div><\/div><div id=\"panel-2532-0-1-5\" class=\"widget_text so-panel widget widget_custom_html\" data-index=\"7\" ><div style=\"text-align: left;\" data-title-color=\"#443f3f\" data-headings-color=\"#7aac47\" class=\"widget_text panel-widget-style panel-widget-style-for-2532-0-1-5\" ><div class=\"textwidget custom-html-widget\"><h4 style=\"margin-bottom: 10px;\">\n\tBiolog\u00eda y Historia Natural\n<\/h4>\n<p>\n\t<strong style=\"color: black\">H\u00e1bitat:<\/strong> Bosque lluvioso montano bajo desde 1.300 - 1.439 m de altura.\n<\/p>\n<p>\n\t<strong style=\"color: black\">Fenolog\u00eda:<\/strong> Floraci\u00f3n observada en diciembre y abril, fructificaci\u00f3n de abril a octubre.\n<\/p>\n<\/div><\/div><\/div><div id=\"panel-2532-0-1-6\" class=\"widget_text so-panel widget widget_custom_html\" data-index=\"8\" ><div style=\"text-align: left;\" data-title-color=\"#443f3f\" data-headings-color=\"#7aac47\" class=\"widget_text panel-widget-style panel-widget-style-for-2532-0-1-6\" ><div class=\"textwidget custom-html-widget\"><h4 style=\"margin-bottom: 10px;\">\n\tEtimolog\u00eda\n<\/h4>\n<p>\nEsta especie recibi\u00f3 su nombre de Sally Davidson de Washington, D.C. de los Estados Unidos, una apasionada conservacionista, fil\u00e1ntropa y miembro de Rainforest Trust desde hace mucho tiempo para reconocer sus contribuciones a la conservaci\u00f3n y su apoyo inquebrantable a Rainforest Trust y sus esfuerzos para conservar el Cerro Chucant\u00ed.\n<\/p><\/div><\/div><\/div><div id=\"panel-2532-0-1-7\" class=\"widget_text so-panel widget widget_custom_html panel-last-child\" data-index=\"9\" ><div style=\"text-align: left;\" data-title-color=\"#443f3f\" data-headings-color=\"#7aac47\" class=\"widget_text panel-widget-style panel-widget-style-for-2532-0-1-7\" ><div class=\"textwidget custom-html-widget\"><h4 style=\"margin-bottom: 10px;\">\n\tReferencias\n<\/h4>\n<a href=\"https:\/\/panama.inaturalist.org\/taxa\/1199445-Notopleura-sallydavidsoniae\" target=\"_blank\"><div class=\"Species-iNat\" id=\"Pop\">\n\t<img loading=\"lazy\" decoding=\"async\" class=\"alignleft size-full wp-image-1967\" src=\"https:\/\/adoptabosque.org\/wp-content\/uploads\/2022\/08\/inat.png\" alt=\"\" width=\"50\" height=\"50\" srcset=\"https:\/\/adoptabosque.org\/wp-content\/uploads\/2022\/08\/inat-100x100.png 100w, https:\/\/adoptabosque.org\/wp-content\/uploads\/2022\/08\/inat-150x150.png 150w\" sizes=\"auto, (max-width: 50px) 100vw, 50px\" \/><span>iNat Observaciones<\/span>\n<\/div>\n<\/a>\n<ul style=\"margin-top: 15px;\">\n\t<li class=\"Citation\">Flores, R., C.M. Taylor, G. McPherson &#38; A. Ib\u00e1\u00f1ez (2018). A new epiphytic species of <em>Notopleura<\/em> (Rubiaceae) from Chucant\u00ed Nature Reserve, eastern Panama. <em>WEBBIA<\/em>. <strong>73(2):<\/strong> 195-201. <a href=\"https:\/\/www.tandfonline.com\/doi\/abs\/10.1080\/00837792.2018.1504264\" target=\"_blank\">(Enlace)<\/a><\/li>\n<\/ul><\/div><\/div><\/div><\/div><\/div><\/div><\/div><\/div>","protected":false},"excerpt":{"rendered":"<p>Otras Especies \u00a0Strophaeus sebastiani Tessaropa elizabeth Anelaphus cordiforme Epropetes tristis Salamandra de Chucant\u00edBolitoglossa chucantiensis Rana Chucant\u00ed TinkDiasporus majeensis Centipedivora de Chucant\u00edTantilla berguidoi Anthurium annularum Anthurium chucantiense Heliconia berguidoi Photinus interdius Quindina kuna Notopleura sallydavidsoniae Diffenbachia mortoniana Neaporia chucanti Syscia austrella Greta Thunberg\u2019s RainfrogPristimantis gretathunbergae Anthurium berguidoi Rodolfo Flores Notopleura sallydavidsoniae Rodolfo Flores Notopleura sallydavidsoniae Aunque [&hellip;]<\/p>\n","protected":false},"author":2,"featured_media":700,"parent":1619,"menu_order":0,"comment_status":"closed","ping_status":"closed","template":"page-templates\/page_single-header-wide.php","meta":{"footnotes":""},"class_list":["post-2532","page","type-page","status-publish","has-post-thumbnail","hentry"],"yoast_head":"<!-- This site is optimized with the Yoast SEO Premium plugin v25.3.1 (Yoast SEO v27.3) - https:\/\/yoast.com\/product\/yoast-seo-premium-wordpress\/ -->\n<title>Notopleura sallydavidsoniae - ADOPTA<\/title>\n<meta name=\"robots\" content=\"index, follow, max-snippet:-1, max-image-preview:large, max-video-preview:-1\" \/>\n<link rel=\"canonical\" href=\"https:\/\/adoptabosque.org\/en\/chucanti\/new-species\/notopleura-sallydavidsoniae\/\" \/>\n<meta property=\"og:locale\" content=\"en_US\" \/>\n<meta property=\"og:type\" content=\"article\" \/>\n<meta property=\"og:title\" content=\"Notopleura sallydavidsoniae\" \/>\n<meta property=\"og:description\" content=\"Otras Especies \u00a0Strophaeus sebastiani Tessaropa elizabeth Anelaphus cordiforme Epropetes tristis Salamandra de Chucant\u00edBolitoglossa chucantiensis Rana Chucant\u00ed TinkDiasporus majeensis Centipedivora de Chucant\u00edTantilla berguidoi Anthurium annularum Anthurium chucantiense Heliconia berguidoi Photinus interdius Quindina kuna Notopleura sallydavidsoniae Diffenbachia mortoniana Neaporia chucanti Syscia austrella Greta Thunberg\u2019s RainfrogPristimantis gretathunbergae Anthurium berguidoi Rodolfo Flores Notopleura sallydavidsoniae Rodolfo Flores Notopleura sallydavidsoniae Aunque [&hellip;]\" \/>\n<meta property=\"og:url\" content=\"https:\/\/adoptabosque.org\/en\/chucanti\/new-species\/notopleura-sallydavidsoniae\/\" \/>\n<meta property=\"og:site_name\" content=\"ADOPTA\" \/>\n<meta property=\"article:modified_time\" content=\"2022-10-05T20:40:48+00:00\" \/>\n<meta property=\"og:image\" content=\"https:\/\/adoptabosque.org\/wp-content\/uploads\/2022\/02\/Chucanti-Cloud-Forest.jpg\" \/>\n\t<meta property=\"og:image:width\" content=\"1024\" \/>\n\t<meta property=\"og:image:height\" content=\"683\" \/>\n\t<meta property=\"og:image:type\" content=\"image\/jpeg\" \/>\n<meta name=\"twitter:card\" content=\"summary_large_image\" \/>\n<meta name=\"twitter:label1\" content=\"Est. reading time\" \/>\n\t<meta name=\"twitter:data1\" content=\"1 minute\" \/>\n<script type=\"application\/ld+json\" class=\"yoast-schema-graph\">{\"@context\":\"https:\\\/\\\/schema.org\",\"@graph\":[{\"@type\":\"WebPage\",\"@id\":\"https:\\\/\\\/adoptabosque.org\\\/chucanti\\\/new-species\\\/notopleura-sallydavidsoniae\\\/\",\"url\":\"https:\\\/\\\/adoptabosque.org\\\/chucanti\\\/new-species\\\/notopleura-sallydavidsoniae\\\/\",\"name\":\"Notopleura sallydavidsoniae - ADOPTA\",\"isPartOf\":{\"@id\":\"https:\\\/\\\/adoptabosque.org\\\/#website\"},\"primaryImageOfPage\":{\"@id\":\"https:\\\/\\\/adoptabosque.org\\\/chucanti\\\/new-species\\\/notopleura-sallydavidsoniae\\\/#primaryimage\"},\"image\":{\"@id\":\"https:\\\/\\\/adoptabosque.org\\\/chucanti\\\/new-species\\\/notopleura-sallydavidsoniae\\\/#primaryimage\"},\"thumbnailUrl\":\"https:\\\/\\\/adoptabosque.org\\\/wp-content\\\/uploads\\\/2022\\\/02\\\/Chucanti-Cloud-Forest.jpg\",\"datePublished\":\"2022-09-06T21:23:17+00:00\",\"dateModified\":\"2022-10-05T20:40:48+00:00\",\"breadcrumb\":{\"@id\":\"https:\\\/\\\/adoptabosque.org\\\/chucanti\\\/new-species\\\/notopleura-sallydavidsoniae\\\/#breadcrumb\"},\"inLanguage\":\"en-US\",\"potentialAction\":[{\"@type\":\"ReadAction\",\"target\":[\"https:\\\/\\\/adoptabosque.org\\\/chucanti\\\/new-species\\\/notopleura-sallydavidsoniae\\\/\"]}]},{\"@type\":\"ImageObject\",\"inLanguage\":\"en-US\",\"@id\":\"https:\\\/\\\/adoptabosque.org\\\/chucanti\\\/new-species\\\/notopleura-sallydavidsoniae\\\/#primaryimage\",\"url\":\"https:\\\/\\\/adoptabosque.org\\\/wp-content\\\/uploads\\\/2022\\\/02\\\/Chucanti-Cloud-Forest.jpg\",\"contentUrl\":\"https:\\\/\\\/adoptabosque.org\\\/wp-content\\\/uploads\\\/2022\\\/02\\\/Chucanti-Cloud-Forest.jpg\",\"width\":1024,\"height\":683},{\"@type\":\"BreadcrumbList\",\"@id\":\"https:\\\/\\\/adoptabosque.org\\\/chucanti\\\/new-species\\\/notopleura-sallydavidsoniae\\\/#breadcrumb\",\"itemListElement\":[{\"@type\":\"ListItem\",\"position\":1,\"name\":\"Home\",\"item\":\"https:\\\/\\\/adoptabosque.org\\\/\"},{\"@type\":\"ListItem\",\"position\":2,\"name\":\"Cerro Chucant\u00ed\",\"item\":\"https:\\\/\\\/adoptabosque.org\\\/chucanti\\\/\"},{\"@type\":\"ListItem\",\"position\":3,\"name\":\"Especies descubiertas en Chucant\u00ed\",\"item\":\"https:\\\/\\\/adoptabosque.org\\\/chucanti\\\/new-species\\\/\"},{\"@type\":\"ListItem\",\"position\":4,\"name\":\"Notopleura sallydavidsoniae\"}]},{\"@type\":\"WebSite\",\"@id\":\"https:\\\/\\\/adoptabosque.org\\\/#website\",\"url\":\"https:\\\/\\\/adoptabosque.org\\\/\",\"name\":\"ADOPTA\",\"description\":\"Bosque Panam\u00e1\",\"potentialAction\":[{\"@type\":\"SearchAction\",\"target\":{\"@type\":\"EntryPoint\",\"urlTemplate\":\"https:\\\/\\\/adoptabosque.org\\\/?s={search_term_string}\"},\"query-input\":{\"@type\":\"PropertyValueSpecification\",\"valueRequired\":true,\"valueName\":\"search_term_string\"}}],\"inLanguage\":\"en-US\"}]}<\/script>\n<!-- \/ Yoast SEO Premium plugin. -->","yoast_head_json":{"title":"Notopleura sallydavidsoniae - ADOPTA","robots":{"index":"index","follow":"follow","max-snippet":"max-snippet:-1","max-image-preview":"max-image-preview:large","max-video-preview":"max-video-preview:-1"},"canonical":"https:\/\/adoptabosque.org\/en\/chucanti\/new-species\/notopleura-sallydavidsoniae\/","og_locale":"en_US","og_type":"article","og_title":"Notopleura sallydavidsoniae","og_description":"Otras Especies \u00a0Strophaeus sebastiani Tessaropa elizabeth Anelaphus cordiforme Epropetes tristis Salamandra de Chucant\u00edBolitoglossa chucantiensis Rana Chucant\u00ed TinkDiasporus majeensis Centipedivora de Chucant\u00edTantilla berguidoi Anthurium annularum Anthurium chucantiense Heliconia berguidoi Photinus interdius Quindina kuna Notopleura sallydavidsoniae Diffenbachia mortoniana Neaporia chucanti Syscia austrella Greta Thunberg\u2019s RainfrogPristimantis gretathunbergae Anthurium berguidoi Rodolfo Flores Notopleura sallydavidsoniae Rodolfo Flores Notopleura sallydavidsoniae Aunque [&hellip;]","og_url":"https:\/\/adoptabosque.org\/en\/chucanti\/new-species\/notopleura-sallydavidsoniae\/","og_site_name":"ADOPTA","article_modified_time":"2022-10-05T20:40:48+00:00","og_image":[{"width":1024,"height":683,"url":"https:\/\/adoptabosque.org\/wp-content\/uploads\/2022\/02\/Chucanti-Cloud-Forest.jpg","type":"image\/jpeg"}],"twitter_card":"summary_large_image","twitter_misc":{"Est. reading time":"1 minute"},"schema":{"@context":"https:\/\/schema.org","@graph":[{"@type":"WebPage","@id":"https:\/\/adoptabosque.org\/chucanti\/new-species\/notopleura-sallydavidsoniae\/","url":"https:\/\/adoptabosque.org\/chucanti\/new-species\/notopleura-sallydavidsoniae\/","name":"Notopleura sallydavidsoniae - ADOPTA","isPartOf":{"@id":"https:\/\/adoptabosque.org\/#website"},"primaryImageOfPage":{"@id":"https:\/\/adoptabosque.org\/chucanti\/new-species\/notopleura-sallydavidsoniae\/#primaryimage"},"image":{"@id":"https:\/\/adoptabosque.org\/chucanti\/new-species\/notopleura-sallydavidsoniae\/#primaryimage"},"thumbnailUrl":"https:\/\/adoptabosque.org\/wp-content\/uploads\/2022\/02\/Chucanti-Cloud-Forest.jpg","datePublished":"2022-09-06T21:23:17+00:00","dateModified":"2022-10-05T20:40:48+00:00","breadcrumb":{"@id":"https:\/\/adoptabosque.org\/chucanti\/new-species\/notopleura-sallydavidsoniae\/#breadcrumb"},"inLanguage":"en-US","potentialAction":[{"@type":"ReadAction","target":["https:\/\/adoptabosque.org\/chucanti\/new-species\/notopleura-sallydavidsoniae\/"]}]},{"@type":"ImageObject","inLanguage":"en-US","@id":"https:\/\/adoptabosque.org\/chucanti\/new-species\/notopleura-sallydavidsoniae\/#primaryimage","url":"https:\/\/adoptabosque.org\/wp-content\/uploads\/2022\/02\/Chucanti-Cloud-Forest.jpg","contentUrl":"https:\/\/adoptabosque.org\/wp-content\/uploads\/2022\/02\/Chucanti-Cloud-Forest.jpg","width":1024,"height":683},{"@type":"BreadcrumbList","@id":"https:\/\/adoptabosque.org\/chucanti\/new-species\/notopleura-sallydavidsoniae\/#breadcrumb","itemListElement":[{"@type":"ListItem","position":1,"name":"Home","item":"https:\/\/adoptabosque.org\/"},{"@type":"ListItem","position":2,"name":"Cerro Chucant\u00ed","item":"https:\/\/adoptabosque.org\/chucanti\/"},{"@type":"ListItem","position":3,"name":"Especies descubiertas en Chucant\u00ed","item":"https:\/\/adoptabosque.org\/chucanti\/new-species\/"},{"@type":"ListItem","position":4,"name":"Notopleura sallydavidsoniae"}]},{"@type":"WebSite","@id":"https:\/\/adoptabosque.org\/#website","url":"https:\/\/adoptabosque.org\/","name":"ADOPTA","description":"Bosque Panam\u00e1","potentialAction":[{"@type":"SearchAction","target":{"@type":"EntryPoint","urlTemplate":"https:\/\/adoptabosque.org\/?s={search_term_string}"},"query-input":{"@type":"PropertyValueSpecification","valueRequired":true,"valueName":"search_term_string"}}],"inLanguage":"en-US"}]}},"_links":{"self":[{"href":"https:\/\/adoptabosque.org\/en\/wp-json\/wp\/v2\/pages\/2532","targetHints":{"allow":["GET"]}}],"collection":[{"href":"https:\/\/adoptabosque.org\/en\/wp-json\/wp\/v2\/pages"}],"about":[{"href":"https:\/\/adoptabosque.org\/en\/wp-json\/wp\/v2\/types\/page"}],"author":[{"embeddable":true,"href":"https:\/\/adoptabosque.org\/en\/wp-json\/wp\/v2\/users\/2"}],"replies":[{"embeddable":true,"href":"https:\/\/adoptabosque.org\/en\/wp-json\/wp\/v2\/comments?post=2532"}],"version-history":[{"count":32,"href":"https:\/\/adoptabosque.org\/en\/wp-json\/wp\/v2\/pages\/2532\/revisions"}],"predecessor-version":[{"id":3616,"href":"https:\/\/adoptabosque.org\/en\/wp-json\/wp\/v2\/pages\/2532\/revisions\/3616"}],"up":[{"embeddable":true,"href":"https:\/\/adoptabosque.org\/en\/wp-json\/wp\/v2\/pages\/1619"}],"wp:featuredmedia":[{"embeddable":true,"href":"https:\/\/adoptabosque.org\/en\/wp-json\/wp\/v2\/media\/700"}],"wp:attachment":[{"href":"https:\/\/adoptabosque.org\/en\/wp-json\/wp\/v2\/media?parent=2532"}],"curies":[{"name":"wp","href":"https:\/\/api.w.org\/{rel}","templated":true}]}}