{"id":2584,"date":"2022-09-07T21:59:49","date_gmt":"2022-09-07T21:59:49","guid":{"rendered":"https:\/\/adoptabosque.org\/?page_id=2584"},"modified":"2022-10-05T20:36:05","modified_gmt":"2022-10-05T20:36:05","slug":"dieffenbachia-mortoniana","status":"publish","type":"page","link":"https:\/\/adoptabosque.org\/en\/chucanti\/new-species\/dieffenbachia-mortoniana\/","title":{"rendered":"Dieffenbachia mortoniana"},"content":{"rendered":"<div id=\"pl-2584\"  class=\"panel-layout\" ><div id=\"pg-2584-0\"  class=\"panel-grid panel-has-style\" ><div class=\"siteorigin-panels-stretch mob-pad-0 panel-row-style panel-row-style-for-2584-0\" style=\"padding: 50px 0; \" data-stretch-type=\"full-stretched-padded\" data-overlay=\"true\" data-overlay-color=\"#000000\" ><div id=\"pgc-2584-0-0\"  class=\"panel-grid-cell\" ><div class=\"panel-cell-style panel-cell-style-for-2584-0-0\" ><div id=\"panel-2584-0-0-0\" class=\"widget_text so-panel widget widget_custom_html panel-first-child\" data-index=\"0\" ><div style=\"text-align: left;\" id=\"MobOnly\" data-title-color=\"#443f3f\" data-headings-color=\"#7aac47\" class=\"widget_text panel-widget-style panel-widget-style-for-2584-0-0-0\" ><div class=\"textwidget custom-html-widget\"><h4 style=\"margin-bottom: 0px;\">\n\tOtras Especies\n<\/h4><\/div><\/div><\/div><div id=\"panel-2584-0-0-1\" class=\"widget_text so-panel widget widget_custom_html panel-last-child\" data-index=\"1\" ><div style=\"text-align: left;\" data-title-color=\"#443f3f\" data-headings-color=\"#443f3f\" class=\"widget_text panel-widget-style panel-widget-style-for-2584-0-0-1\" ><div class=\"textwidget custom-html-widget\"><div class=\"Species-Menu\" style=\"margin-top: -50px;\">\n \u00a0<a href=\"https:\/\/adoptabosque.org\/chucanti\/new-species\/ssebastiani\/\"><em>Strophaeus sebastiani<\/em><\/a>\n\t<a href=\"https:\/\/adoptabosque.org\/chucanti\/new-species\/tessaropa-elizabeth\/\"><em>Tessaropa elizabeth<\/em><\/a>\n  <a href=\"https:\/\/adoptabosque.org\/chucanti\/new-species\/anelaphus-cordiforme\/\"><em>Anelaphus cordiforme<\/em><\/a>\n\t<a href=\"https:\/\/adoptabosque.org\/chucanti\/new-species\/epropetes-tristis\/\"><em>Epropetes tristis<\/em><\/a>\n\t<a href=\"https:\/\/adoptabosque.org\/chucanti\/new-species\/bolitoglossa-chucantiensis\/\"><strong>Salamandra de Chucant\u00ed<\/strong><br><em>Bolitoglossa chucantiensis<\/em><\/a>\n\t<a href=\"https:\/\/adoptabosque.org\/chucanti\/new-species\/diasporus-majeensis\/\"><strong>Rana Chucant\u00ed Tink<\/strong><br><em>Diasporus majeensis<\/em><\/a>\n\t<a href=\"https:\/\/adoptabosque.org\/chucanti\/new-species\/tantilla-berguidoi\/\"><strong>Centipedivora de Chucant\u00ed<\/strong><br><em>Tantilla berguidoi<\/em><\/a>\n\t<a href=\"https:\/\/adoptabosque.org\/chucanti\/new-species\/anthurium-annularum\/\"><em>Anthurium annularum<\/em><\/a>\n\t<a href=\"https:\/\/adoptabosque.org\/chucanti\/new-species\/anthurium-chucantiense\/\"><em>Anthurium chucantiense<\/em><\/a>\n\t<a href=\"https:\/\/adoptabosque.org\/chucanti\/new-species\/heliconia-berguidoi\/\"><em>Heliconia berguidoi<\/em><\/a>\n\t<a href=\"https:\/\/adoptabosque.org\/chucanti\/new-species\/photinus-interdius\/\" ><em>Photinus interdius<\/em><\/a>\n\t<a href=\"https:\/\/adoptabosque.org\/chucanti\/new-species\/quindina-kuna\/\"><em>Quindina kuna<\/em><\/a>\n\t<a href=\"https:\/\/adoptabosque.org\/chucanti\/new-species\/notopleura-sallydavidsoniae\/\"><em>Notopleura sallydavidsoniae<\/em><\/a>\n\t<a href=\"https:\/\/adoptabosque.org\/chucanti\/new-species\/dieffenbachia-mortoniana\/\" class=\"active\"><em>Diffenbachia mortoniana<\/em><\/a>\n\t<a href=\"https:\/\/adoptabosque.org\/chucanti\/new-species\/neaporia-chucanti\/\"><em>Neaporia chucanti<\/em><\/a>\n\t<a href=\"https:\/\/adoptabosque.org\/chucanti\/new-species\/syscia-austrella\/\"><em>Syscia austrella<\/em><\/a>\n\t<a href=\"https:\/\/adoptabosque.org\/chucanti\/new-species\/pristimantis-gretathunbergae\/\"><strong>Greta Thunberg\u2019s Rainfrog<\/strong><br><em>Pristimantis gretathunbergae<\/em><\/a>\n\t<a href=\"https:\/\/adoptabosque.org\/chucanti\/new-species\/anthurium-berguidoi\/\"><em>Anthurium berguidoi<\/em><\/a>\n<\/div><\/div><\/div><\/div><\/div><\/div><div id=\"pgc-2584-0-1\"  class=\"panel-grid-cell\" ><div class=\"panel-cell-style panel-cell-style-for-2584-0-1\" ><div id=\"panel-2584-0-1-0\" class=\"widget_text so-panel widget widget_custom_html panel-first-child\" data-index=\"2\" ><div style=\"text-align: left;\" id=\"NotMob\" data-title-color=\"#443f3f\" data-headings-color=\"#000000\" class=\"widget_text panel-widget-style panel-widget-style-for-2584-0-1-0\" ><div class=\"textwidget custom-html-widget\"><div class=\"Species-image-contain\"><img loading=\"lazy\" decoding=\"async\" class=\"alignleft size-full wp-image-2585\" src=\"https:\/\/adoptabosque.org\/wp-content\/uploads\/2022\/09\/Screen-Shot-2022-09-07-at-4.55.01-PM-e1662587904887.png\" alt=\"D. mortoniana\" width=\"400\" height=\"300\" srcset=\"https:\/\/adoptabosque.org\/wp-content\/uploads\/2022\/09\/Screen-Shot-2022-09-07-at-4.55.01-PM-e1662587904887.png 812w, https:\/\/adoptabosque.org\/wp-content\/uploads\/2022\/09\/Screen-Shot-2022-09-07-at-4.55.01-PM-e1662587904887-600x451.png 600w, https:\/\/adoptabosque.org\/wp-content\/uploads\/2022\/09\/Screen-Shot-2022-09-07-at-4.55.01-PM-e1662587904887-300x225.png 300w, https:\/\/adoptabosque.org\/wp-content\/uploads\/2022\/09\/Screen-Shot-2022-09-07-at-4.55.01-PM-e1662587904887-768x577.png 768w, https:\/\/adoptabosque.org\/wp-content\/uploads\/2022\/09\/Screen-Shot-2022-09-07-at-4.55.01-PM-e1662587904887-16x12.png 16w, https:\/\/adoptabosque.org\/wp-content\/uploads\/2022\/09\/Screen-Shot-2022-09-07-at-4.55.01-PM-e1662587904887-230x173.png 230w, https:\/\/adoptabosque.org\/wp-content\/uploads\/2022\/09\/Screen-Shot-2022-09-07-at-4.55.01-PM-e1662587904887-350x263.png 350w, https:\/\/adoptabosque.org\/wp-content\/uploads\/2022\/09\/Screen-Shot-2022-09-07-at-4.55.01-PM-e1662587904887-480x361.png 480w\" sizes=\"auto, (max-width: 400px) 100vw, 400px\" \/><div class=\"Species-copyright-DarkBG\">\n\t\t<i class=\"fa fa-camera\"><\/i>  Ortiz &#38; Croat (2021)\n\t\t<\/div>\n\t<\/div>\n<h2 class=\"Species-Name\">\n\t<em>Dieffenbachia mortoniana<\/em>\n<\/h2>\n<\/div><\/div><\/div><div id=\"panel-2584-0-1-1\" class=\"widget_text so-panel widget widget_custom_html\" data-index=\"3\" ><div style=\"text-align: center;\" id=\"MobOnly\" data-title-color=\"#443f3f\" data-headings-color=\"#000000\" class=\"widget_text panel-widget-style panel-widget-style-for-2584-0-1-1\" ><div class=\"textwidget custom-html-widget\"><div class=\"Species-image-contain\"><img loading=\"lazy\" decoding=\"async\" class=\"alignleft size-full wp-image-2585\" src=\"https:\/\/adoptabosque.org\/wp-content\/uploads\/2022\/09\/Screen-Shot-2022-09-07-at-4.55.01-PM-e1662587904887.png\" alt=\"D. mortoniana\" width=\"400\" height=\"300\" srcset=\"https:\/\/adoptabosque.org\/wp-content\/uploads\/2022\/09\/Screen-Shot-2022-09-07-at-4.55.01-PM-e1662587904887.png 812w, https:\/\/adoptabosque.org\/wp-content\/uploads\/2022\/09\/Screen-Shot-2022-09-07-at-4.55.01-PM-e1662587904887-600x451.png 600w, https:\/\/adoptabosque.org\/wp-content\/uploads\/2022\/09\/Screen-Shot-2022-09-07-at-4.55.01-PM-e1662587904887-300x225.png 300w, https:\/\/adoptabosque.org\/wp-content\/uploads\/2022\/09\/Screen-Shot-2022-09-07-at-4.55.01-PM-e1662587904887-768x577.png 768w, https:\/\/adoptabosque.org\/wp-content\/uploads\/2022\/09\/Screen-Shot-2022-09-07-at-4.55.01-PM-e1662587904887-16x12.png 16w, https:\/\/adoptabosque.org\/wp-content\/uploads\/2022\/09\/Screen-Shot-2022-09-07-at-4.55.01-PM-e1662587904887-230x173.png 230w, https:\/\/adoptabosque.org\/wp-content\/uploads\/2022\/09\/Screen-Shot-2022-09-07-at-4.55.01-PM-e1662587904887-350x263.png 350w, https:\/\/adoptabosque.org\/wp-content\/uploads\/2022\/09\/Screen-Shot-2022-09-07-at-4.55.01-PM-e1662587904887-480x361.png 480w\" sizes=\"auto, (max-width: 400px) 100vw, 400px\" \/><div class=\"Species-copyright-DarkBG\">\n\t\t<i class=\"fa fa-camera\"><\/i>  Ortiz &#38; Croat (2021)\n\t\t<\/div>\n\t<\/div>\n<h2 class=\"Species-Name-Mob\">\n\t<em>Dieffenbachia mortoniana<\/em>\n<\/h2>\n<\/div><\/div><\/div><div id=\"panel-2584-0-1-2\" class=\"widget_text so-panel widget widget_custom_html\" data-index=\"4\" ><div style=\"text-align: left;\" data-title-color=\"#443f3f\" data-headings-color=\"#000000\" class=\"widget_text panel-widget-style panel-widget-style-for-2584-0-1-2\" ><div class=\"textwidget custom-html-widget\"><p style=\"margin-bottom: 10px;\">\n\tDebido a su \u00e1rea de distribuci\u00f3n restringida y a las amenazas cercanas de la agricultura, los autores que la describieron por primera vez sugieron que deber\u00eda considerar a esta especie <span style=\"color: red;\">En Peligro Cr\u00edtico [CR]<\/span>.\n<\/p>\n<\/div><\/div><\/div><div id=\"panel-2584-0-1-3\" class=\"so-panel widget widget_siteorigin-panels-builder\" data-index=\"5\" ><div style=\"text-align: left;\" data-title-color=\"#443f3f\" data-headings-color=\"#443f3f\" class=\"panel-widget-style panel-widget-style-for-2584-0-1-3\" ><div id=\"pl-w6330a25745328\"  class=\"panel-layout\" ><div id=\"pg-w6330a25745328-0\"  class=\"panel-grid panel-has-style\" ><div style=\"padding: 0px 0; \" data-overlay=\"true\" data-overlay-color=\"#000000\" class=\"panel-row-style panel-row-style-for-w6330a25745328-0\" ><div id=\"pgc-w6330a25745328-0-0\"  class=\"panel-grid-cell\" ><div id=\"panel-w6330a25745328-0-0-0\" class=\"widget_text so-panel widget widget_custom_html panel-first-child panel-last-child\" data-index=\"0\" ><div style=\"text-align: left;\" data-title-color=\"#443f3f\" data-headings-color=\"#7aac47\" class=\"widget_text panel-widget-style panel-widget-style-for-w6330a25745328-0-0-0\" ><div class=\"textwidget custom-html-widget\"><h4>\n\tIdentificaci\u00f3n\n<\/h4>\n<p>\n\t<strong style=\"color:black;\">Forma de crecimiento:<\/strong> Peque\u00f1a hierba terrestre de 0,5 a 1 m de altura. Aunque el tallo principal tiende a medir alrededor de 30 cm de largo, las secciones m\u00e1s viejas del tallo pueden arrastrarse por el suelo hasta 1 m.\n<\/p>\n<p>\n\t<strong style=\"color:black;\">Follaje:<\/strong> <u>Hojas<\/u> erectas\/extendidas, de color verde oscuro y algo lustrosas en el env\u00e9s, m\u00e1s p\u00e1lidas y semibrillantes en el env\u00e9s, angostas y lanceoladas, de 10 a 15 cm de largo por 3 a 5 cm de ancho (un poco m\u00e1s de tres veces m\u00e1s largas que largas que anchas), con m\u00e1rgenes ondulados. <u>Pec\u00edolos<\/u> (tallos de hojas) 4 a 5 cm de largo. <u>Entrenudos<\/u> (las secciones del tallo entre cada hoja) de 1,0 a 2,5 cm de largo, casi completamente envainados (90% - 100% de la longitud total).\n<\/p>\n<p>\n\t<strong style=\"color:black;\">Estructura de floraci\u00f3n:<\/strong> Solitaria. <u>Ped\u00fanculo<\/u> (tallo principal de la estructura) de color verde medio, casi completamente oculto por la vaina. <u>Espata<\/u> de unos 7 cm de largo, de 0,5 a 0,9 cm de ancho, de color verde medio y algo brillante por fuera, m\u00e1s p\u00e1lida y semibrillante por dentro, envolvi\u00e9ndose sobre s\u00ed misma en la mitad inferior, 1 cm m\u00e1s larga que el esp\u00e1dice. <u>Esp\u00e1dice<\/u> contiguo (sin una secci\u00f3n desnuda y est\u00e9ril), de 5 a 7 cm de largo, porci\u00f3n estaminada de color blanco cremoso, porci\u00f3n pistilada de color amarillo p\u00e1lido.\n<\/p>\n<p>\n\t<strong style=\"color:black;\">Estructura de fructificaci\u00f3n:<\/strong> A\u00fan no descrito.\n<\/p><\/div><\/div><\/div><\/div><\/div><\/div><div id=\"pg-w6330a25745328-1\"  class=\"panel-grid panel-has-style\" ><div style=\"padding: 0px 0; \" data-overlay=\"true\" data-overlay-color=\"#000000\" class=\"panel-row-style panel-row-style-for-w6330a25745328-1\" ><div id=\"pgc-w6330a25745328-1-0\"  class=\"panel-grid-cell\" ><div class=\"panel-cell-style panel-cell-style-for-w6330a25745328-1-0\" ><div id=\"panel-w6330a25745328-1-0-0\" class=\"widget_text so-panel widget widget_custom_html panel-first-child panel-last-child\" data-index=\"1\" ><div style=\"text-align: left;\" data-title-color=\"#443f3f\" data-headings-color=\"#443f3f\" class=\"widget_text panel-widget-style panel-widget-style-for-w6330a25745328-1-0-0\" ><div class=\"textwidget custom-html-widget\"><div style=\"max-width: 600px; margin: auto; position: relative; margin-top: 10px;\"><a href=\"https:\/\/adoptabosque.org\/wp-content\/uploads\/2022\/09\/Screen-Shot-2022-09-07-at-4.54.42-PM.png\"><img loading=\"lazy\" decoding=\"async\" src=\"https:\/\/adoptabosque.org\/wp-content\/uploads\/2022\/09\/Screen-Shot-2022-09-07-at-4.54.42-PM.png\" alt=\"D. mortoniana \" width=\"903\" height=\"678\" class=\"size-full wp-image-2412\" \/><\/a><div class=\"copyright-DarkBG\" style=\"bottom: 0px !important;\">\n\t\t<i class=\"fa fa-camera\"><\/i> Ortiz &#38; Croat (2021)\n\t\t<\/div>\n\t<\/div>\n<\/div><\/div><\/div><\/div><\/div><div id=\"pgc-w6330a25745328-1-1\"  class=\"panel-grid-cell\" ><div id=\"panel-w6330a25745328-1-1-0\" class=\"widget_text so-panel widget widget_custom_html panel-first-child panel-last-child\" data-index=\"2\" ><div style=\"text-align: left;\" data-title-color=\"#443f3f\" data-headings-color=\"#443f3f\" class=\"widget_text panel-widget-style panel-widget-style-for-w6330a25745328-1-1-0\" ><div class=\"textwidget custom-html-widget\"><span class=\"Species-caption\" style=\"color: black;\">Forma de crecimiento (A) y otras estructuras del <em>Dieffenbachia mortoniana<\/em> de  Ortiz &#38; Croat (2021).<\/span><\/div><\/div><\/div><\/div><\/div><\/div><\/div><\/div><\/div><div id=\"panel-2584-0-1-4\" class=\"widget_text so-panel widget widget_custom_html\" data-index=\"6\" ><div style=\"text-align: left;\" data-title-color=\"#443f3f\" data-headings-color=\"#7aac47\" class=\"widget_text panel-widget-style panel-widget-style-for-2584-0-1-4\" ><div class=\"textwidget custom-html-widget\"><h4 style=\"margin-bottom: 10px;\">\n\tDistribuci\u00f3n\n<\/h4>\n<p>\n\tHasta la fecha solo se han encontrado en Cerro Chucant\u00ed.\n<\/p><\/div><\/div><\/div><div id=\"panel-2584-0-1-5\" class=\"widget_text so-panel widget widget_custom_html\" data-index=\"7\" ><div style=\"text-align: left;\" data-title-color=\"#443f3f\" data-headings-color=\"#7aac47\" class=\"widget_text panel-widget-style panel-widget-style-for-2584-0-1-5\" ><div class=\"textwidget custom-html-widget\"><h4 style=\"margin-bottom: 10px;\">\n\tBiolog\u00eda y Historia Natural\n<\/h4>\n<p>\n\tUna especie generalmente rara y solitaria (no crece en colonias).\n<\/p>\n<p>\n\t<strong style=\"color: black\">H\u00e1bitat:<\/strong> Bosque h\u00famedo premontano y bosque h\u00famedo tropical alrededor de 1325 m de altura.\n<\/p>\n<p>\n\t<strong style=\"color: black\">Fenolog\u00eda:<\/strong> Se observ\u00f3 en floraci\u00f3n en abril.\n<\/p>\n<\/div><\/div><\/div><div id=\"panel-2584-0-1-6\" class=\"widget_text so-panel widget widget_custom_html\" data-index=\"8\" ><div style=\"text-align: left;\" data-title-color=\"#443f3f\" data-headings-color=\"#7aac47\" class=\"widget_text panel-widget-style panel-widget-style-for-2584-0-1-6\" ><div class=\"textwidget custom-html-widget\"><h4 style=\"margin-bottom: 10px;\">\n\tEtimolog\u00eda\n<\/h4>\n<p>\nEsta especie lleva el nombre de Jess Morton, poeta y mecenas de las artes y la conservaci\u00f3n, miembro fundador de la Sociedad Audubon de Palos Verdes\/South Bay, que apoya el trabajo de ADOPTA, y la Liga de H\u00e1bitats en Peligro y la Conservaci\u00f3n de H\u00e1bitats en Riesgo, los tres son importantes para promover la salud ambiental del Sur de California. Ha mostrado un apoyo inquebrantable a ADOPTA en nuestros esfuerzos por preservar los bosques \u00fanicos del Cerro Chucant\u00ed, la \u00fanica localidad conocida de esta especie.\n<\/p><\/div><\/div><\/div><div id=\"panel-2584-0-1-7\" class=\"widget_text so-panel widget widget_custom_html panel-last-child\" data-index=\"9\" ><div style=\"text-align: left;\" data-title-color=\"#443f3f\" data-headings-color=\"#7aac47\" class=\"widget_text panel-widget-style panel-widget-style-for-2584-0-1-7\" ><div class=\"textwidget custom-html-widget\"><h4 style=\"margin-bottom: 10px;\">\n\tReferencias\n<\/h4>\n<ul style=\"margin-top: 15px;\">\n\t<li class=\"Citation\">Ortiz, O.O. &#38; T.B. Croat (2021). <em>Dieffenbachia batistae<\/em> and <em>D. mortoniana<\/em> (Araceae, Aroideae, Spathicarpeae), new species from Panama <em>Ann. Bot. Fennici<\/em>. <strong>58:<\/strong> 95-99. <a href=\"https:\/\/bioone.org\/journals\/annales-botanici-fennici\/volume-58\/issue-1-3\/085.058.0115\/----Custom-HTML----iDieffenbachia\/10.5735\/085.058.0115.short\" target=\"_blank\">(Enlace)<\/a><\/li>\n<\/ul><\/div><\/div><\/div><\/div><\/div><\/div><\/div><\/div>","protected":false},"excerpt":{"rendered":"<p>Otras Especies \u00a0Strophaeus sebastiani Tessaropa elizabeth Anelaphus cordiforme Epropetes tristis Salamandra de Chucant\u00edBolitoglossa chucantiensis Rana Chucant\u00ed TinkDiasporus majeensis Centipedivora de Chucant\u00edTantilla berguidoi Anthurium annularum Anthurium chucantiense Heliconia berguidoi Photinus interdius Quindina kuna Notopleura sallydavidsoniae Diffenbachia mortoniana Neaporia chucanti Syscia austrella Greta Thunberg\u2019s RainfrogPristimantis gretathunbergae Anthurium berguidoi Ortiz &#38; Croat (2021) Dieffenbachia mortoniana Ortiz &#38; Croat [&hellip;]<\/p>\n","protected":false},"author":2,"featured_media":700,"parent":1619,"menu_order":0,"comment_status":"closed","ping_status":"closed","template":"page-templates\/page_single-header-wide.php","meta":{"footnotes":""},"class_list":["post-2584","page","type-page","status-publish","has-post-thumbnail","hentry"],"yoast_head":"<!-- This site is optimized with the Yoast SEO Premium plugin v25.3.1 (Yoast SEO v27.3) - https:\/\/yoast.com\/product\/yoast-seo-premium-wordpress\/ -->\n<title>Dieffenbachia mortoniana - ADOPTA<\/title>\n<meta name=\"robots\" content=\"index, follow, max-snippet:-1, max-image-preview:large, max-video-preview:-1\" \/>\n<link rel=\"canonical\" href=\"https:\/\/adoptabosque.org\/en\/chucanti\/new-species\/dieffenbachia-mortoniana\/\" \/>\n<meta property=\"og:locale\" content=\"en_US\" \/>\n<meta property=\"og:type\" content=\"article\" \/>\n<meta property=\"og:title\" content=\"Dieffenbachia mortoniana\" \/>\n<meta property=\"og:description\" content=\"Otras Especies \u00a0Strophaeus sebastiani Tessaropa elizabeth Anelaphus cordiforme Epropetes tristis Salamandra de Chucant\u00edBolitoglossa chucantiensis Rana Chucant\u00ed TinkDiasporus majeensis Centipedivora de Chucant\u00edTantilla berguidoi Anthurium annularum Anthurium chucantiense Heliconia berguidoi Photinus interdius Quindina kuna Notopleura sallydavidsoniae Diffenbachia mortoniana Neaporia chucanti Syscia austrella Greta Thunberg\u2019s RainfrogPristimantis gretathunbergae Anthurium berguidoi Ortiz &#038; Croat (2021) Dieffenbachia mortoniana Ortiz &#038; Croat [&hellip;]\" \/>\n<meta property=\"og:url\" content=\"https:\/\/adoptabosque.org\/en\/chucanti\/new-species\/dieffenbachia-mortoniana\/\" \/>\n<meta property=\"og:site_name\" content=\"ADOPTA\" \/>\n<meta property=\"article:modified_time\" content=\"2022-10-05T20:36:05+00:00\" \/>\n<meta property=\"og:image\" content=\"https:\/\/adoptabosque.org\/wp-content\/uploads\/2022\/02\/Chucanti-Cloud-Forest.jpg\" \/>\n\t<meta property=\"og:image:width\" content=\"1024\" \/>\n\t<meta property=\"og:image:height\" content=\"683\" \/>\n\t<meta property=\"og:image:type\" content=\"image\/jpeg\" \/>\n<meta name=\"twitter:card\" content=\"summary_large_image\" \/>\n<meta name=\"twitter:label1\" content=\"Est. reading time\" \/>\n\t<meta name=\"twitter:data1\" content=\"1 minute\" \/>\n<script type=\"application\/ld+json\" class=\"yoast-schema-graph\">{\"@context\":\"https:\\\/\\\/schema.org\",\"@graph\":[{\"@type\":\"WebPage\",\"@id\":\"https:\\\/\\\/adoptabosque.org\\\/chucanti\\\/new-species\\\/dieffenbachia-mortoniana\\\/\",\"url\":\"https:\\\/\\\/adoptabosque.org\\\/chucanti\\\/new-species\\\/dieffenbachia-mortoniana\\\/\",\"name\":\"Dieffenbachia mortoniana - ADOPTA\",\"isPartOf\":{\"@id\":\"https:\\\/\\\/adoptabosque.org\\\/#website\"},\"primaryImageOfPage\":{\"@id\":\"https:\\\/\\\/adoptabosque.org\\\/chucanti\\\/new-species\\\/dieffenbachia-mortoniana\\\/#primaryimage\"},\"image\":{\"@id\":\"https:\\\/\\\/adoptabosque.org\\\/chucanti\\\/new-species\\\/dieffenbachia-mortoniana\\\/#primaryimage\"},\"thumbnailUrl\":\"https:\\\/\\\/adoptabosque.org\\\/wp-content\\\/uploads\\\/2022\\\/02\\\/Chucanti-Cloud-Forest.jpg\",\"datePublished\":\"2022-09-07T21:59:49+00:00\",\"dateModified\":\"2022-10-05T20:36:05+00:00\",\"breadcrumb\":{\"@id\":\"https:\\\/\\\/adoptabosque.org\\\/chucanti\\\/new-species\\\/dieffenbachia-mortoniana\\\/#breadcrumb\"},\"inLanguage\":\"en-US\",\"potentialAction\":[{\"@type\":\"ReadAction\",\"target\":[\"https:\\\/\\\/adoptabosque.org\\\/chucanti\\\/new-species\\\/dieffenbachia-mortoniana\\\/\"]}]},{\"@type\":\"ImageObject\",\"inLanguage\":\"en-US\",\"@id\":\"https:\\\/\\\/adoptabosque.org\\\/chucanti\\\/new-species\\\/dieffenbachia-mortoniana\\\/#primaryimage\",\"url\":\"https:\\\/\\\/adoptabosque.org\\\/wp-content\\\/uploads\\\/2022\\\/02\\\/Chucanti-Cloud-Forest.jpg\",\"contentUrl\":\"https:\\\/\\\/adoptabosque.org\\\/wp-content\\\/uploads\\\/2022\\\/02\\\/Chucanti-Cloud-Forest.jpg\",\"width\":1024,\"height\":683},{\"@type\":\"BreadcrumbList\",\"@id\":\"https:\\\/\\\/adoptabosque.org\\\/chucanti\\\/new-species\\\/dieffenbachia-mortoniana\\\/#breadcrumb\",\"itemListElement\":[{\"@type\":\"ListItem\",\"position\":1,\"name\":\"Home\",\"item\":\"https:\\\/\\\/adoptabosque.org\\\/\"},{\"@type\":\"ListItem\",\"position\":2,\"name\":\"Cerro Chucant\u00ed\",\"item\":\"https:\\\/\\\/adoptabosque.org\\\/chucanti\\\/\"},{\"@type\":\"ListItem\",\"position\":3,\"name\":\"Especies descubiertas en Chucant\u00ed\",\"item\":\"https:\\\/\\\/adoptabosque.org\\\/chucanti\\\/new-species\\\/\"},{\"@type\":\"ListItem\",\"position\":4,\"name\":\"Dieffenbachia mortoniana\"}]},{\"@type\":\"WebSite\",\"@id\":\"https:\\\/\\\/adoptabosque.org\\\/#website\",\"url\":\"https:\\\/\\\/adoptabosque.org\\\/\",\"name\":\"ADOPTA\",\"description\":\"Bosque Panam\u00e1\",\"potentialAction\":[{\"@type\":\"SearchAction\",\"target\":{\"@type\":\"EntryPoint\",\"urlTemplate\":\"https:\\\/\\\/adoptabosque.org\\\/?s={search_term_string}\"},\"query-input\":{\"@type\":\"PropertyValueSpecification\",\"valueRequired\":true,\"valueName\":\"search_term_string\"}}],\"inLanguage\":\"en-US\"}]}<\/script>\n<!-- \/ Yoast SEO Premium plugin. -->","yoast_head_json":{"title":"Dieffenbachia mortoniana - ADOPTA","robots":{"index":"index","follow":"follow","max-snippet":"max-snippet:-1","max-image-preview":"max-image-preview:large","max-video-preview":"max-video-preview:-1"},"canonical":"https:\/\/adoptabosque.org\/en\/chucanti\/new-species\/dieffenbachia-mortoniana\/","og_locale":"en_US","og_type":"article","og_title":"Dieffenbachia mortoniana","og_description":"Otras Especies \u00a0Strophaeus sebastiani Tessaropa elizabeth Anelaphus cordiforme Epropetes tristis Salamandra de Chucant\u00edBolitoglossa chucantiensis Rana Chucant\u00ed TinkDiasporus majeensis Centipedivora de Chucant\u00edTantilla berguidoi Anthurium annularum Anthurium chucantiense Heliconia berguidoi Photinus interdius Quindina kuna Notopleura sallydavidsoniae Diffenbachia mortoniana Neaporia chucanti Syscia austrella Greta Thunberg\u2019s RainfrogPristimantis gretathunbergae Anthurium berguidoi Ortiz &#38; Croat (2021) Dieffenbachia mortoniana Ortiz &#38; Croat [&hellip;]","og_url":"https:\/\/adoptabosque.org\/en\/chucanti\/new-species\/dieffenbachia-mortoniana\/","og_site_name":"ADOPTA","article_modified_time":"2022-10-05T20:36:05+00:00","og_image":[{"width":1024,"height":683,"url":"https:\/\/adoptabosque.org\/wp-content\/uploads\/2022\/02\/Chucanti-Cloud-Forest.jpg","type":"image\/jpeg"}],"twitter_card":"summary_large_image","twitter_misc":{"Est. reading time":"1 minute"},"schema":{"@context":"https:\/\/schema.org","@graph":[{"@type":"WebPage","@id":"https:\/\/adoptabosque.org\/chucanti\/new-species\/dieffenbachia-mortoniana\/","url":"https:\/\/adoptabosque.org\/chucanti\/new-species\/dieffenbachia-mortoniana\/","name":"Dieffenbachia mortoniana - ADOPTA","isPartOf":{"@id":"https:\/\/adoptabosque.org\/#website"},"primaryImageOfPage":{"@id":"https:\/\/adoptabosque.org\/chucanti\/new-species\/dieffenbachia-mortoniana\/#primaryimage"},"image":{"@id":"https:\/\/adoptabosque.org\/chucanti\/new-species\/dieffenbachia-mortoniana\/#primaryimage"},"thumbnailUrl":"https:\/\/adoptabosque.org\/wp-content\/uploads\/2022\/02\/Chucanti-Cloud-Forest.jpg","datePublished":"2022-09-07T21:59:49+00:00","dateModified":"2022-10-05T20:36:05+00:00","breadcrumb":{"@id":"https:\/\/adoptabosque.org\/chucanti\/new-species\/dieffenbachia-mortoniana\/#breadcrumb"},"inLanguage":"en-US","potentialAction":[{"@type":"ReadAction","target":["https:\/\/adoptabosque.org\/chucanti\/new-species\/dieffenbachia-mortoniana\/"]}]},{"@type":"ImageObject","inLanguage":"en-US","@id":"https:\/\/adoptabosque.org\/chucanti\/new-species\/dieffenbachia-mortoniana\/#primaryimage","url":"https:\/\/adoptabosque.org\/wp-content\/uploads\/2022\/02\/Chucanti-Cloud-Forest.jpg","contentUrl":"https:\/\/adoptabosque.org\/wp-content\/uploads\/2022\/02\/Chucanti-Cloud-Forest.jpg","width":1024,"height":683},{"@type":"BreadcrumbList","@id":"https:\/\/adoptabosque.org\/chucanti\/new-species\/dieffenbachia-mortoniana\/#breadcrumb","itemListElement":[{"@type":"ListItem","position":1,"name":"Home","item":"https:\/\/adoptabosque.org\/"},{"@type":"ListItem","position":2,"name":"Cerro Chucant\u00ed","item":"https:\/\/adoptabosque.org\/chucanti\/"},{"@type":"ListItem","position":3,"name":"Especies descubiertas en Chucant\u00ed","item":"https:\/\/adoptabosque.org\/chucanti\/new-species\/"},{"@type":"ListItem","position":4,"name":"Dieffenbachia mortoniana"}]},{"@type":"WebSite","@id":"https:\/\/adoptabosque.org\/#website","url":"https:\/\/adoptabosque.org\/","name":"ADOPTA","description":"Bosque Panam\u00e1","potentialAction":[{"@type":"SearchAction","target":{"@type":"EntryPoint","urlTemplate":"https:\/\/adoptabosque.org\/?s={search_term_string}"},"query-input":{"@type":"PropertyValueSpecification","valueRequired":true,"valueName":"search_term_string"}}],"inLanguage":"en-US"}]}},"_links":{"self":[{"href":"https:\/\/adoptabosque.org\/en\/wp-json\/wp\/v2\/pages\/2584","targetHints":{"allow":["GET"]}}],"collection":[{"href":"https:\/\/adoptabosque.org\/en\/wp-json\/wp\/v2\/pages"}],"about":[{"href":"https:\/\/adoptabosque.org\/en\/wp-json\/wp\/v2\/types\/page"}],"author":[{"embeddable":true,"href":"https:\/\/adoptabosque.org\/en\/wp-json\/wp\/v2\/users\/2"}],"replies":[{"embeddable":true,"href":"https:\/\/adoptabosque.org\/en\/wp-json\/wp\/v2\/comments?post=2584"}],"version-history":[{"count":35,"href":"https:\/\/adoptabosque.org\/en\/wp-json\/wp\/v2\/pages\/2584\/revisions"}],"predecessor-version":[{"id":3612,"href":"https:\/\/adoptabosque.org\/en\/wp-json\/wp\/v2\/pages\/2584\/revisions\/3612"}],"up":[{"embeddable":true,"href":"https:\/\/adoptabosque.org\/en\/wp-json\/wp\/v2\/pages\/1619"}],"wp:featuredmedia":[{"embeddable":true,"href":"https:\/\/adoptabosque.org\/en\/wp-json\/wp\/v2\/media\/700"}],"wp:attachment":[{"href":"https:\/\/adoptabosque.org\/en\/wp-json\/wp\/v2\/media?parent=2584"}],"curies":[{"name":"wp","href":"https:\/\/api.w.org\/{rel}","templated":true}]}}