{"id":2662,"date":"2022-09-08T20:23:24","date_gmt":"2022-09-08T20:23:24","guid":{"rendered":"https:\/\/adoptabosque.org\/?page_id=2662"},"modified":"2022-10-05T20:39:47","modified_gmt":"2022-10-05T20:39:47","slug":"neaporia-chucanti","status":"publish","type":"page","link":"https:\/\/adoptabosque.org\/en\/chucanti\/new-species\/neaporia-chucanti\/","title":{"rendered":"Neaporia chucanti"},"content":{"rendered":"<div id=\"pl-2662\"  class=\"panel-layout\" ><div id=\"pg-2662-0\"  class=\"panel-grid panel-has-style\" ><div class=\"siteorigin-panels-stretch mob-pad-0 panel-row-style panel-row-style-for-2662-0\" style=\"padding: 50px 0; \" data-stretch-type=\"full-stretched-padded\" data-overlay=\"true\" data-overlay-color=\"#000000\" ><div id=\"pgc-2662-0-0\"  class=\"panel-grid-cell\" ><div class=\"panel-cell-style panel-cell-style-for-2662-0-0\" ><div id=\"panel-2662-0-0-0\" class=\"widget_text so-panel widget widget_custom_html panel-first-child\" data-index=\"0\" ><div style=\"text-align: left;\" id=\"MobOnly\" data-title-color=\"#443f3f\" data-headings-color=\"#7aac47\" class=\"widget_text panel-widget-style panel-widget-style-for-2662-0-0-0\" ><div class=\"textwidget custom-html-widget\"><h4 style=\"margin-bottom: 0px;\">\n\tOther Species\n<\/h4><\/div><\/div><\/div><div id=\"panel-2662-0-0-1\" class=\"widget_text so-panel widget widget_custom_html panel-last-child\" data-index=\"1\" ><div style=\"text-align: left;\" data-title-color=\"#443f3f\" data-headings-color=\"#443f3f\" class=\"widget_text panel-widget-style panel-widget-style-for-2662-0-0-1\" ><div class=\"textwidget custom-html-widget\"><div class=\"Species-Menu\" style=\"margin-top: -50px;\">\n \u00a0<a href=\"https:\/\/adoptabosque.org\/en\/chucanti\/new-species\/ssebastiani\/\"><em>Strophaeus sebastiani<\/em><\/a>\n\t<a href=\"https:\/\/adoptabosque.org\/en\/chucanti\/new-species\/tessaropa-elizabeth\/\"><em>Tessaropa elizabeth<\/em><\/a>\n  <a href=\"https:\/\/adoptabosque.org\/en\/chucanti\/new-species\/anelaphus-cordiforme\/\"><em>Anelaphus cordiforme<\/em><\/a>\n\t<a href=\"https:\/\/adoptabosque.org\/en\/chucanti\/new-species\/epropetes-tristis\/\"><em>Epropetes tristis<\/em><\/a>\n\t<a href=\"https:\/\/adoptabosque.org\/en\/chucanti\/new-species\/bolitoglossa-chucantiensis\/\"><strong>Chucant\u00ed Salamander<\/strong><br><em>Bolitoglossa chucantiensis<\/em><\/a>\n\t<a href=\"https:\/\/adoptabosque.org\/en\/chucanti\/new-species\/diasporus-majeensis\/\"><strong>Chucant\u00ed Tink Frog<\/strong><br><em>Diasporus majeensis<\/em><\/a>\n\t<a href=\"https:\/\/adoptabosque.org\/en\/chucanti\/new-species\/tantilla-berguidoi\/\"><strong>Chucant\u00ed Centipede Snake<\/strong><br><em>Tantilla berguidoi<\/em><\/a>\n\t<a href=\"https:\/\/adoptabosque.org\/en\/chucanti\/new-species\/anthurium-annularum\/\"><em>Anthurium annularum<\/em><\/a>\n\t<a href=\"https:\/\/adoptabosque.org\/en\/chucanti\/new-species\/anthurium-chucantiense\/\"><em>Anthurium chucantiense<\/em><\/a>\n\t<a href=\"https:\/\/adoptabosque.org\/en\/chucanti\/new-species\/heliconia-berguidoi\/\"><em>Heliconia berguidoi<\/em><\/a>\n\t<a href=\"https:\/\/adoptabosque.org\/en\/chucanti\/new-species\/photinus-interdius\/\"><em>Photinus interdius<\/em><\/a>\n\t<a href=\"https:\/\/adoptabosque.org\/en\/chucanti\/new-species\/quindina-kuna\/\"><em>Quindina kuna<\/em><\/a>\n\t<a href=\"https:\/\/adoptabosque.org\/en\/chucanti\/new-species\/notopleura-sallydavidsoniae\/\"><em>Notopleura sallydavidsoniae<\/em><\/a>\n\t<a href=\"https:\/\/adoptabosque.org\/en\/chucanti\/new-species\/dieffenbachia-mortoniana\/\"><em>Diffenbachia mortoniana<\/em><\/a>\n\t<a href=\"https:\/\/adoptabosque.org\/en\/chucanti\/new-species\/neaporia-chucanti\/\" class=\"active\"><em>Neaporia chucanti<\/em><\/a>\n\t<a href=\"https:\/\/adoptabosque.org\/en\/chucanti\/new-species\/syscia-austrella\/\"><em>Syscia austrella<\/em><\/a>\n\t<a href=\"https:\/\/adoptabosque.org\/en\/chucanti\/new-species\/pristimantis-gretathunbergae\/\"><strong>Greta Thunberg\u2019s Rainfrog<\/strong><br><em>Pristimantis gretathunbergae<\/em><\/a>\n\t<a href=\"https:\/\/adoptabosque.org\/en\/chucanti\/new-species\/anthurium-berguidoi\/\"><em>Anthurium berguidoi<\/em><\/a>\n<\/div><\/div><\/div><\/div><\/div><\/div><div id=\"pgc-2662-0-1\"  class=\"panel-grid-cell\" ><div class=\"panel-cell-style panel-cell-style-for-2662-0-1\" ><div id=\"panel-2662-0-1-0\" class=\"widget_text so-panel widget widget_custom_html panel-first-child\" data-index=\"2\" ><div style=\"text-align: left;\" id=\"NotMob\" data-title-color=\"#443f3f\" data-headings-color=\"#000000\" class=\"widget_text panel-widget-style panel-widget-style-for-2662-0-1-0\" ><div class=\"textwidget custom-html-widget\"><div class=\"Species-image-contain\"><img loading=\"lazy\" decoding=\"async\" src=\"https:\/\/adoptabosque.org\/wp-content\/uploads\/2022\/09\/N.-chucanti-e1662668547870.png\" alt=\"N. chucanti\" width=\"400\" height=\"300\" class=\"alignleft size-full wp-image-2469\" \/><div class=\"Species-copyright-DarkBG\">\n\t\t<i class=\"fa fa-camera\"><\/i> Gonz\u00e1lez &#38; V\u011btrovec (2021)\n\t\t<\/div>\n\t<\/div>\n<h2 class=\"Species-Name\">\n\t<em>Neaporia chucanti<\/em>\n<\/h2><\/div><\/div><\/div><div id=\"panel-2662-0-1-1\" class=\"widget_text so-panel widget widget_custom_html\" data-index=\"3\" ><div style=\"text-align: center;\" id=\"MobOnly\" data-title-color=\"#443f3f\" data-headings-color=\"#000000\" class=\"widget_text panel-widget-style panel-widget-style-for-2662-0-1-1\" ><div class=\"textwidget custom-html-widget\"><div class=\"Species-image-contain\"><img loading=\"lazy\" decoding=\"async\" src=\"https:\/\/adoptabosque.org\/wp-content\/uploads\/2022\/09\/N.-chucanti-e1662668547870.png\" alt=\"N. chucanti\" width=\"400\" height=\"300\" class=\"alignleft size-full wp-image-2469\" \/><div class=\"Species-copyright-DarkBG\">\n\t\t<i class=\"fa fa-camera\"><\/i> Gonz\u00e1lez &#38; V\u011btrovec (2021)\n\t\t<\/div>\n\t<\/div>\n<h2 class=\"Species-Name-Mob\">\n\t<em>Neaporia chucanti<\/em>\n<\/h2><\/div><\/div><\/div><div id=\"panel-2662-0-1-2\" class=\"so-panel widget widget_siteorigin-panels-builder\" data-index=\"4\" ><div style=\"text-align: left;\" data-title-color=\"#443f3f\" data-headings-color=\"#443f3f\" class=\"panel-widget-style panel-widget-style-for-2662-0-1-2\" ><div id=\"pl-w631a65415033a\"  class=\"panel-layout\" ><div id=\"pg-w631a65415033a-0\"  class=\"panel-grid panel-has-style\" ><div style=\"padding: 0px 0; \" data-overlay=\"true\" data-overlay-color=\"#000000\" class=\"panel-row-style panel-row-style-for-w631a65415033a-0\" ><div id=\"pgc-w631a65415033a-0-0\"  class=\"panel-grid-cell\" ><div id=\"panel-w631a65415033a-0-0-0\" class=\"widget_text so-panel widget widget_custom_html panel-first-child panel-last-child\" data-index=\"0\" ><div style=\"text-align: left;\" data-title-color=\"#443f3f\" data-headings-color=\"#000000\" class=\"widget_text panel-widget-style panel-widget-style-for-w631a65415033a-0-0-0\" ><div class=\"textwidget custom-html-widget\"><h4>\n\tIdentification\n<\/h4>\n<p>\n\tA small species of ladybug (about 2 mm long).\n<\/p>\n<p>\n\t<strong style=\"color: black\">Male:<\/strong> Recognized by its yellow head with a black central mark (small enough to keep a yellow border around the eyes). Also, no other <em>Neaporia<\/em> species is known to have a yellow-bordered black pronotum.\n<\/p>\n<p>\n\t<strong style=\"color: black\">Female:<\/strong> Unknown.\n<\/p><\/div><\/div><\/div><\/div><\/div><\/div><\/div><\/div><\/div><div id=\"panel-2662-0-1-3\" class=\"widget_text so-panel widget widget_custom_html\" data-index=\"5\" ><div style=\"text-align: left;\" data-title-color=\"#443f3f\" data-headings-color=\"#000000\" class=\"widget_text panel-widget-style panel-widget-style-for-2662-0-1-3\" ><div class=\"textwidget custom-html-widget\"><h4 style=\"margin-bottom: 10px;\">\n\tBiology and Natural History\n<\/h4>\n<p>\n\t<strong style=\"color: black\">Habitat:<\/strong> Montane forest 1200 - 1400 m in elevation.\n<\/p>\n<\/div><\/div><\/div><div id=\"panel-2662-0-1-4\" class=\"widget_text so-panel widget widget_custom_html\" data-index=\"6\" ><div style=\"text-align: left;\" data-title-color=\"#443f3f\" data-headings-color=\"#000000\" class=\"widget_text panel-widget-style panel-widget-style-for-2662-0-1-4\" ><div class=\"textwidget custom-html-widget\"><h4 style=\"margin-bottom: 10px;\">\n\tEtymology\n<\/h4>\n<p>\nIt takes its name from the Cerro Chucant\u00ed Reserve, where the first specimen was collected from.\n<\/p><\/div><\/div><\/div><div id=\"panel-2662-0-1-5\" class=\"widget_text so-panel widget widget_custom_html panel-last-child\" data-index=\"7\" ><div style=\"text-align: left;\" data-title-color=\"#443f3f\" data-headings-color=\"#000000\" class=\"widget_text panel-widget-style panel-widget-style-for-2662-0-1-5\" ><div class=\"textwidget custom-html-widget\"><h4 style=\"margin-bottom: 10px;\">\n\tReferences\n<\/h4>\n<ul style=\"margin-top: 15px;\">\n\t<li class=\"Citation\">Gonz\u00e1lez, G. &#38; J. V\u011btrovec (2021). New species and records of Neotropical ladybirds (Coleoptera: Coccinellidae). <em>Revista Chilena de Entomolog\u00eda<\/em>. <strong>47(2):<\/strong> 331-374. <a href=\"https:\/\/www.biotaxa.org\/rce\/article\/download\/69196\/66941\/238264\" target=\"_blank\">(Link)<\/a><\/li>\n<\/ul><\/div><\/div><\/div><\/div><\/div><\/div><\/div><\/div>","protected":false},"excerpt":{"rendered":"<p>Otras Especies \u00a0Strophaeus sebastiani Tessaropa elizabeth Anelaphus cordiforme Epropetes tristis Salamandra de Chucant\u00edBolitoglossa chucantiensis Rana Chucant\u00ed TinkDiasporus majeensis Centipedivora de Chucant\u00edTantilla berguidoi Anthurium annularum Anthurium chucantiense Heliconia berguidoi Photinus interdius Quindina kuna Notopleura sallydavidsoniae Diffenbachia mortoniana Neaporia chucanti Syscia austrella Greta Thunberg\u2019s RainfrogPristimantis gretathunbergae Anthurium berguidoi Gonz\u00e1lez &#38; V\u011btrovec (2021) Neaporia chucanti Gonz\u00e1lez &#38; V\u011btrovec [&hellip;]<\/p>\n","protected":false},"author":2,"featured_media":700,"parent":1619,"menu_order":0,"comment_status":"closed","ping_status":"closed","template":"page-templates\/page_single-header-wide.php","meta":{"footnotes":""},"class_list":["post-2662","page","type-page","status-publish","has-post-thumbnail","hentry"],"yoast_head":"<!-- This site is optimized with the Yoast SEO Premium plugin v25.3.1 (Yoast SEO v27.3) - https:\/\/yoast.com\/product\/yoast-seo-premium-wordpress\/ -->\n<title>Neaporia chucanti - ADOPTA<\/title>\n<meta name=\"robots\" content=\"index, follow, max-snippet:-1, max-image-preview:large, max-video-preview:-1\" \/>\n<link rel=\"canonical\" href=\"https:\/\/adoptabosque.org\/en\/chucanti\/new-species\/neaporia-chucanti\/\" \/>\n<meta property=\"og:locale\" content=\"en_US\" \/>\n<meta property=\"og:type\" content=\"article\" \/>\n<meta property=\"og:title\" content=\"Neaporia chucanti\" \/>\n<meta property=\"og:description\" content=\"Otras Especies \u00a0Strophaeus sebastiani Tessaropa elizabeth Anelaphus cordiforme Epropetes tristis Salamandra de Chucant\u00edBolitoglossa chucantiensis Rana Chucant\u00ed TinkDiasporus majeensis Centipedivora de Chucant\u00edTantilla berguidoi Anthurium annularum Anthurium chucantiense Heliconia berguidoi Photinus interdius Quindina kuna Notopleura sallydavidsoniae Diffenbachia mortoniana Neaporia chucanti Syscia austrella Greta Thunberg\u2019s RainfrogPristimantis gretathunbergae Anthurium berguidoi Gonz\u00e1lez &#038; V\u011btrovec (2021) Neaporia chucanti Gonz\u00e1lez &#038; V\u011btrovec [&hellip;]\" \/>\n<meta property=\"og:url\" content=\"https:\/\/adoptabosque.org\/en\/chucanti\/new-species\/neaporia-chucanti\/\" \/>\n<meta property=\"og:site_name\" content=\"ADOPTA\" \/>\n<meta property=\"article:modified_time\" content=\"2022-10-05T20:39:47+00:00\" \/>\n<meta property=\"og:image\" content=\"https:\/\/adoptabosque.org\/wp-content\/uploads\/2022\/02\/Chucanti-Cloud-Forest.jpg\" \/>\n\t<meta property=\"og:image:width\" content=\"1024\" \/>\n\t<meta property=\"og:image:height\" content=\"683\" \/>\n\t<meta property=\"og:image:type\" content=\"image\/jpeg\" \/>\n<meta name=\"twitter:card\" content=\"summary_large_image\" \/>\n<meta name=\"twitter:label1\" content=\"Est. reading time\" \/>\n\t<meta name=\"twitter:data1\" content=\"1 minute\" \/>\n<script type=\"application\/ld+json\" class=\"yoast-schema-graph\">{\"@context\":\"https:\\\/\\\/schema.org\",\"@graph\":[{\"@type\":\"WebPage\",\"@id\":\"https:\\\/\\\/adoptabosque.org\\\/chucanti\\\/new-species\\\/neaporia-chucanti\\\/\",\"url\":\"https:\\\/\\\/adoptabosque.org\\\/chucanti\\\/new-species\\\/neaporia-chucanti\\\/\",\"name\":\"Neaporia chucanti - ADOPTA\",\"isPartOf\":{\"@id\":\"https:\\\/\\\/adoptabosque.org\\\/#website\"},\"primaryImageOfPage\":{\"@id\":\"https:\\\/\\\/adoptabosque.org\\\/chucanti\\\/new-species\\\/neaporia-chucanti\\\/#primaryimage\"},\"image\":{\"@id\":\"https:\\\/\\\/adoptabosque.org\\\/chucanti\\\/new-species\\\/neaporia-chucanti\\\/#primaryimage\"},\"thumbnailUrl\":\"https:\\\/\\\/adoptabosque.org\\\/wp-content\\\/uploads\\\/2022\\\/02\\\/Chucanti-Cloud-Forest.jpg\",\"datePublished\":\"2022-09-08T20:23:24+00:00\",\"dateModified\":\"2022-10-05T20:39:47+00:00\",\"breadcrumb\":{\"@id\":\"https:\\\/\\\/adoptabosque.org\\\/chucanti\\\/new-species\\\/neaporia-chucanti\\\/#breadcrumb\"},\"inLanguage\":\"en-US\",\"potentialAction\":[{\"@type\":\"ReadAction\",\"target\":[\"https:\\\/\\\/adoptabosque.org\\\/chucanti\\\/new-species\\\/neaporia-chucanti\\\/\"]}]},{\"@type\":\"ImageObject\",\"inLanguage\":\"en-US\",\"@id\":\"https:\\\/\\\/adoptabosque.org\\\/chucanti\\\/new-species\\\/neaporia-chucanti\\\/#primaryimage\",\"url\":\"https:\\\/\\\/adoptabosque.org\\\/wp-content\\\/uploads\\\/2022\\\/02\\\/Chucanti-Cloud-Forest.jpg\",\"contentUrl\":\"https:\\\/\\\/adoptabosque.org\\\/wp-content\\\/uploads\\\/2022\\\/02\\\/Chucanti-Cloud-Forest.jpg\",\"width\":1024,\"height\":683},{\"@type\":\"BreadcrumbList\",\"@id\":\"https:\\\/\\\/adoptabosque.org\\\/chucanti\\\/new-species\\\/neaporia-chucanti\\\/#breadcrumb\",\"itemListElement\":[{\"@type\":\"ListItem\",\"position\":1,\"name\":\"Home\",\"item\":\"https:\\\/\\\/adoptabosque.org\\\/\"},{\"@type\":\"ListItem\",\"position\":2,\"name\":\"Cerro Chucant\u00ed\",\"item\":\"https:\\\/\\\/adoptabosque.org\\\/chucanti\\\/\"},{\"@type\":\"ListItem\",\"position\":3,\"name\":\"Especies descubiertas en Chucant\u00ed\",\"item\":\"https:\\\/\\\/adoptabosque.org\\\/chucanti\\\/new-species\\\/\"},{\"@type\":\"ListItem\",\"position\":4,\"name\":\"Neaporia chucanti\"}]},{\"@type\":\"WebSite\",\"@id\":\"https:\\\/\\\/adoptabosque.org\\\/#website\",\"url\":\"https:\\\/\\\/adoptabosque.org\\\/\",\"name\":\"ADOPTA\",\"description\":\"Bosque Panam\u00e1\",\"potentialAction\":[{\"@type\":\"SearchAction\",\"target\":{\"@type\":\"EntryPoint\",\"urlTemplate\":\"https:\\\/\\\/adoptabosque.org\\\/?s={search_term_string}\"},\"query-input\":{\"@type\":\"PropertyValueSpecification\",\"valueRequired\":true,\"valueName\":\"search_term_string\"}}],\"inLanguage\":\"en-US\"}]}<\/script>\n<!-- \/ Yoast SEO Premium plugin. -->","yoast_head_json":{"title":"Neaporia chucanti - ADOPTA","robots":{"index":"index","follow":"follow","max-snippet":"max-snippet:-1","max-image-preview":"max-image-preview:large","max-video-preview":"max-video-preview:-1"},"canonical":"https:\/\/adoptabosque.org\/en\/chucanti\/new-species\/neaporia-chucanti\/","og_locale":"en_US","og_type":"article","og_title":"Neaporia chucanti","og_description":"Otras Especies \u00a0Strophaeus sebastiani Tessaropa elizabeth Anelaphus cordiforme Epropetes tristis Salamandra de Chucant\u00edBolitoglossa chucantiensis Rana Chucant\u00ed TinkDiasporus majeensis Centipedivora de Chucant\u00edTantilla berguidoi Anthurium annularum Anthurium chucantiense Heliconia berguidoi Photinus interdius Quindina kuna Notopleura sallydavidsoniae Diffenbachia mortoniana Neaporia chucanti Syscia austrella Greta Thunberg\u2019s RainfrogPristimantis gretathunbergae Anthurium berguidoi Gonz\u00e1lez &#38; V\u011btrovec (2021) Neaporia chucanti Gonz\u00e1lez &#38; V\u011btrovec [&hellip;]","og_url":"https:\/\/adoptabosque.org\/en\/chucanti\/new-species\/neaporia-chucanti\/","og_site_name":"ADOPTA","article_modified_time":"2022-10-05T20:39:47+00:00","og_image":[{"width":1024,"height":683,"url":"https:\/\/adoptabosque.org\/wp-content\/uploads\/2022\/02\/Chucanti-Cloud-Forest.jpg","type":"image\/jpeg"}],"twitter_card":"summary_large_image","twitter_misc":{"Est. reading time":"1 minute"},"schema":{"@context":"https:\/\/schema.org","@graph":[{"@type":"WebPage","@id":"https:\/\/adoptabosque.org\/chucanti\/new-species\/neaporia-chucanti\/","url":"https:\/\/adoptabosque.org\/chucanti\/new-species\/neaporia-chucanti\/","name":"Neaporia chucanti - ADOPTA","isPartOf":{"@id":"https:\/\/adoptabosque.org\/#website"},"primaryImageOfPage":{"@id":"https:\/\/adoptabosque.org\/chucanti\/new-species\/neaporia-chucanti\/#primaryimage"},"image":{"@id":"https:\/\/adoptabosque.org\/chucanti\/new-species\/neaporia-chucanti\/#primaryimage"},"thumbnailUrl":"https:\/\/adoptabosque.org\/wp-content\/uploads\/2022\/02\/Chucanti-Cloud-Forest.jpg","datePublished":"2022-09-08T20:23:24+00:00","dateModified":"2022-10-05T20:39:47+00:00","breadcrumb":{"@id":"https:\/\/adoptabosque.org\/chucanti\/new-species\/neaporia-chucanti\/#breadcrumb"},"inLanguage":"en-US","potentialAction":[{"@type":"ReadAction","target":["https:\/\/adoptabosque.org\/chucanti\/new-species\/neaporia-chucanti\/"]}]},{"@type":"ImageObject","inLanguage":"en-US","@id":"https:\/\/adoptabosque.org\/chucanti\/new-species\/neaporia-chucanti\/#primaryimage","url":"https:\/\/adoptabosque.org\/wp-content\/uploads\/2022\/02\/Chucanti-Cloud-Forest.jpg","contentUrl":"https:\/\/adoptabosque.org\/wp-content\/uploads\/2022\/02\/Chucanti-Cloud-Forest.jpg","width":1024,"height":683},{"@type":"BreadcrumbList","@id":"https:\/\/adoptabosque.org\/chucanti\/new-species\/neaporia-chucanti\/#breadcrumb","itemListElement":[{"@type":"ListItem","position":1,"name":"Home","item":"https:\/\/adoptabosque.org\/"},{"@type":"ListItem","position":2,"name":"Cerro Chucant\u00ed","item":"https:\/\/adoptabosque.org\/chucanti\/"},{"@type":"ListItem","position":3,"name":"Especies descubiertas en Chucant\u00ed","item":"https:\/\/adoptabosque.org\/chucanti\/new-species\/"},{"@type":"ListItem","position":4,"name":"Neaporia chucanti"}]},{"@type":"WebSite","@id":"https:\/\/adoptabosque.org\/#website","url":"https:\/\/adoptabosque.org\/","name":"ADOPTA","description":"Bosque Panam\u00e1","potentialAction":[{"@type":"SearchAction","target":{"@type":"EntryPoint","urlTemplate":"https:\/\/adoptabosque.org\/?s={search_term_string}"},"query-input":{"@type":"PropertyValueSpecification","valueRequired":true,"valueName":"search_term_string"}}],"inLanguage":"en-US"}]}},"_links":{"self":[{"href":"https:\/\/adoptabosque.org\/en\/wp-json\/wp\/v2\/pages\/2662","targetHints":{"allow":["GET"]}}],"collection":[{"href":"https:\/\/adoptabosque.org\/en\/wp-json\/wp\/v2\/pages"}],"about":[{"href":"https:\/\/adoptabosque.org\/en\/wp-json\/wp\/v2\/types\/page"}],"author":[{"embeddable":true,"href":"https:\/\/adoptabosque.org\/en\/wp-json\/wp\/v2\/users\/2"}],"replies":[{"embeddable":true,"href":"https:\/\/adoptabosque.org\/en\/wp-json\/wp\/v2\/comments?post=2662"}],"version-history":[{"count":16,"href":"https:\/\/adoptabosque.org\/en\/wp-json\/wp\/v2\/pages\/2662\/revisions"}],"predecessor-version":[{"id":3615,"href":"https:\/\/adoptabosque.org\/en\/wp-json\/wp\/v2\/pages\/2662\/revisions\/3615"}],"up":[{"embeddable":true,"href":"https:\/\/adoptabosque.org\/en\/wp-json\/wp\/v2\/pages\/1619"}],"wp:featuredmedia":[{"embeddable":true,"href":"https:\/\/adoptabosque.org\/en\/wp-json\/wp\/v2\/media\/700"}],"wp:attachment":[{"href":"https:\/\/adoptabosque.org\/en\/wp-json\/wp\/v2\/media?parent=2662"}],"curies":[{"name":"wp","href":"https:\/\/api.w.org\/{rel}","templated":true}]}}