{"id":2751,"date":"2022-09-17T16:23:16","date_gmt":"2022-09-17T16:23:16","guid":{"rendered":"https:\/\/adoptabosque.org\/?page_id=2751"},"modified":"2022-09-18T16:06:05","modified_gmt":"2022-09-18T16:06:05","slug":"count","status":"publish","type":"page","link":"https:\/\/adoptabosque.org\/en\/count\/","title":{"rendered":"Volunteer Counters"},"content":{"rendered":"<div id=\"pl-2751\"  class=\"panel-layout\" ><div id=\"pg-2751-0\"  class=\"panel-grid panel-has-style\" ><div class=\"siteorigin-panels-stretch panel-row-style panel-row-style-for-2751-0\" style=\"padding: 15px 0; \" data-stretch-type=\"full-stretched-padded\" data-overlay=\"true\" data-overlay-color=\"#000000\" ><div id=\"pgc-2751-0-0\"  class=\"panel-grid-cell\" ><div id=\"panel-2751-0-0-0\" class=\"widget_text so-panel widget widget_custom_html panel-first-child\" data-index=\"0\" ><div style=\"text-align: center;\" id=\"NotPhone\" data-title-color=\"#443f3f\" data-headings-color=\"#000000\" class=\"widget_text panel-widget-style panel-widget-style-for-2751-0-0-0\" ><div class=\"textwidget custom-html-widget\"><div class=\"Full-Contain\">\n\t<div class=\"Count-Contain\">\n\t<h2 style=\"margin-bottom: 10px;\">\n\tVolunteer Counters\n<\/h2>\n<p>\n\tYou can help monitor at one of the world's most prolific raptor migration sites, where more than two million birds of prey are observed each migration season!<\/p>\n<\/div>\n<\/div><\/div><\/div><\/div><div id=\"panel-2751-0-0-1\" class=\"widget_text so-panel widget widget_custom_html panel-last-child\" data-index=\"1\" ><div style=\"text-align: center;\" id=\"PhoneOnly\" data-title-color=\"#443f3f\" data-headings-color=\"#000000\" class=\"widget_text panel-widget-style panel-widget-style-for-2751-0-0-1\" ><div class=\"textwidget custom-html-widget\"><img loading=\"lazy\" decoding=\"async\" class=\"aligncenter size-full wp-image-2768\" src=\"https:\/\/adoptabosque.org\/wp-content\/uploads\/2022\/09\/HawkWatch-Girls-2.png\" alt=\"\" width=\"5396\" height=\"3035\" srcset=\"https:\/\/adoptabosque.org\/wp-content\/uploads\/2022\/09\/HawkWatch-Girls-2.png 5396w, https:\/\/adoptabosque.org\/wp-content\/uploads\/2022\/09\/HawkWatch-Girls-2-600x337.png 600w, https:\/\/adoptabosque.org\/wp-content\/uploads\/2022\/09\/HawkWatch-Girls-2-300x169.png 300w, https:\/\/adoptabosque.org\/wp-content\/uploads\/2022\/09\/HawkWatch-Girls-2-1024x576.png 1024w, https:\/\/adoptabosque.org\/wp-content\/uploads\/2022\/09\/HawkWatch-Girls-2-768x432.png 768w, https:\/\/adoptabosque.org\/wp-content\/uploads\/2022\/09\/HawkWatch-Girls-2-1536x864.png 1536w, https:\/\/adoptabosque.org\/wp-content\/uploads\/2022\/09\/HawkWatch-Girls-2-2048x1152.png 2048w, https:\/\/adoptabosque.org\/wp-content\/uploads\/2022\/09\/HawkWatch-Girls-2-18x10.png 18w, https:\/\/adoptabosque.org\/wp-content\/uploads\/2022\/09\/HawkWatch-Girls-2-830x467.png 830w, https:\/\/adoptabosque.org\/wp-content\/uploads\/2022\/09\/HawkWatch-Girls-2-230x129.png 230w, https:\/\/adoptabosque.org\/wp-content\/uploads\/2022\/09\/HawkWatch-Girls-2-350x197.png 350w, https:\/\/adoptabosque.org\/wp-content\/uploads\/2022\/09\/HawkWatch-Girls-2-480x270.png 480w\" sizes=\"auto, (max-width: 5396px) 100vw, 5396px\" \/>\n<div class=\"Full-Contain-phone\">\n\t<div class=\"Count-Contain-phone\">\n\t<h2>\n\tVolunteer Counters\n<\/h2>\n<p>\n\tYou can help monitor at one of the world's most prolific raptor migration sites, where more than two million birds of prey are observed each migration season!\n<\/p>\n<\/div>\n<\/div><\/div><\/div><\/div><\/div><\/div><\/div><div id=\"pg-2751-1\"  class=\"panel-grid panel-has-style\" ><div style=\"padding: 25px 0; \" data-overlay=\"true\" data-overlay-color=\"#000000\" class=\"panel-row-style panel-row-style-for-2751-1\" ><div id=\"pgc-2751-1-0\"  class=\"panel-grid-cell\" ><div id=\"panel-2751-1-0-0\" class=\"widget_text so-panel widget widget_custom_html panel-first-child\" data-index=\"2\" ><div style=\"text-align: center;\" data-title-color=\"#443f3f\" data-headings-color=\"#7aac27\" class=\"widget_text panel-widget-style panel-widget-style-for-2751-1-0-0\" ><div class=\"textwidget custom-html-widget\"><h5 style=\"marign-top: 50px; margin-bottom: 0px;\">\n\tThe current fall 2022 count is running from August 15th through November. We encourage anyone with birding experience to become a volunteer counter.\n<\/h5><\/div><\/div><\/div><div id=\"panel-2751-1-0-1\" class=\"widget_text so-panel widget widget_custom_html\" data-index=\"3\" ><div style=\"text-align: left;\" data-title-color=\"#443f3f\" data-headings-color=\"#7aac27\" class=\"widget_text panel-widget-style panel-widget-style-for-2751-1-0-1\" ><div class=\"textwidget custom-html-widget\"><p>\n\tIf you are interested in participating, explore the rest of this page for more details about our HawkCount. For more information, custom schedules, or to join our team of counters, reach out to us via email at <a href=\"mailto:info@adoptabosque.org\">info@adoptabosque.org<\/a> or send us a direct message through social media (@AdoptaBosque).\n<\/p><\/div><\/div><\/div><div id=\"panel-2751-1-0-2\" class=\"widget_text so-panel widget widget_custom_html panel-last-child\" data-index=\"4\" ><div style=\"text-align: center;\" data-title-color=\"#443f3f\" data-headings-color=\"#443f3f\" class=\"widget_text panel-widget-style panel-widget-style-for-2751-1-0-2\" ><div class=\"textwidget custom-html-widget\"><a href=\"https:\/\/www.facebook.com\/AdoptaBosque\" target=\"_blank\"><img decoding=\"async\" id=\"Pop\" class=\"alignnone size-full wp-image-36 SoMe\" src=\"https:\/\/adoptabosque.org\/wp-content\/uploads\/2022\/02\/f_logo_RGB-Blue_58.png\" alt=\"\" width=\"50\" height=\"auto\" srcset=\"https:\/\/adoptabosque.org\/wp-content\/uploads\/2022\/02\/f_logo_RGB-Blue_58.png 130w, https:\/\/adoptabosque.org\/wp-content\/uploads\/2022\/02\/f_logo_RGB-Blue_58-100x100.png 100w\" sizes=\"(max-width: 130px) 100vw, 130px\" \/><\/a>\n<a href=\"https:\/\/twitter.com\/AdoptaBosque\" target=\"_blank\"><img id=\"Pop\" class=\"alignnone size-full wp-image-36 SoMe\"src=\"https:\/\/adoptabosque.org\/wp-content\/uploads\/2022\/02\/2021-Twitter-logo-blue.png\" alt=\"\" width=\"50\" height=\"auto\" \/><\/a>\n<a href=\"https:\/\/www.instagram.com\/AdoptaBosque\/\" target=\"_blank\"><img id=\"Pop\" class=\"alignnone size-full wp-image-36 SoMe\"src=\"https:\/\/adoptabosque.org\/wp-content\/uploads\/2022\/02\/Instagram_Glyph_Gradient_RGB.png\" alt=\"\" width=\"50\" height=\"auto\" \/><\/a>\n<\/div><\/div><\/div><\/div><\/div><\/div><div id=\"pg-2751-2\"  class=\"panel-grid panel-has-style\" ><div style=\"padding: 0px 0; \" data-overlay=\"true\" data-overlay-color=\"#000000\" class=\"panel-row-style panel-row-style-for-2751-2\" ><div id=\"pgc-2751-2-0\"  class=\"panel-grid-cell\" ><div id=\"panel-2751-2-0-0\" class=\"widget_text so-panel widget widget_custom_html panel-first-child panel-last-child\" data-index=\"5\" ><div style=\"text-align: left;\" data-title-color=\"#443f3f\" data-headings-color=\"#000000\" class=\"widget_text panel-widget-style panel-widget-style-for-2751-2-0-0\" ><div class=\"textwidget custom-html-widget\"><h3>\nWhy is Bocas del Toro great for monitoring raptor migration?\n<\/h3>\n<p>\n\tBirds of prey generally avoid flying over large bodies of water like the Caribbean Sea. However, the Talamanca mountain range in the west of Panama also creates an obstacle inland, keeping birds from dispersing throughout the country.\n<\/p>\n<p>\nThese factors combine to create massive concentrations of raptors \u2013 these groups sometimes contain more than 10,000 individuals!\n<\/p><\/div><\/div><\/div><\/div><div id=\"pgc-2751-2-1\"  class=\"panel-grid-cell\" ><div id=\"panel-2751-2-1-0\" class=\"widget_text so-panel widget widget_custom_html panel-first-child panel-last-child\" data-index=\"6\" ><div style=\"text-align: left;\" data-title-color=\"#443f3f\" data-headings-color=\"#443f3f\" class=\"widget_text panel-widget-style panel-widget-style-for-2751-2-1-0\" ><div class=\"textwidget custom-html-widget\"><img loading=\"lazy\" decoding=\"async\" class=\"aligncenter size-full wp-image-2777\" src=\"https:\/\/adoptabosque.org\/wp-content\/uploads\/2022\/09\/ZNU9191-1-scaled-e1663439871268.jpeg\" alt=\"\" width=\"1708\" height=\"1707\" srcset=\"https:\/\/adoptabosque.org\/wp-content\/uploads\/2022\/09\/ZNU9191-1-scaled-e1663439871268.jpeg 1708w, https:\/\/adoptabosque.org\/wp-content\/uploads\/2022\/09\/ZNU9191-1-scaled-e1663439871268-300x300.jpeg 300w, https:\/\/adoptabosque.org\/wp-content\/uploads\/2022\/09\/ZNU9191-1-scaled-e1663439871268-100x100.jpeg 100w, https:\/\/adoptabosque.org\/wp-content\/uploads\/2022\/09\/ZNU9191-1-scaled-e1663439871268-600x600.jpeg 600w, https:\/\/adoptabosque.org\/wp-content\/uploads\/2022\/09\/ZNU9191-1-scaled-e1663439871268-1024x1024.jpeg 1024w, https:\/\/adoptabosque.org\/wp-content\/uploads\/2022\/09\/ZNU9191-1-scaled-e1663439871268-150x150.jpeg 150w, https:\/\/adoptabosque.org\/wp-content\/uploads\/2022\/09\/ZNU9191-1-scaled-e1663439871268-768x768.jpeg 768w, https:\/\/adoptabosque.org\/wp-content\/uploads\/2022\/09\/ZNU9191-1-scaled-e1663439871268-1536x1536.jpeg 1536w, https:\/\/adoptabosque.org\/wp-content\/uploads\/2022\/09\/ZNU9191-1-scaled-e1663439871268-12x12.jpeg 12w, https:\/\/adoptabosque.org\/wp-content\/uploads\/2022\/09\/ZNU9191-1-scaled-e1663439871268-830x830.jpeg 830w, https:\/\/adoptabosque.org\/wp-content\/uploads\/2022\/09\/ZNU9191-1-scaled-e1663439871268-230x230.jpeg 230w, https:\/\/adoptabosque.org\/wp-content\/uploads\/2022\/09\/ZNU9191-1-scaled-e1663439871268-350x350.jpeg 350w, https:\/\/adoptabosque.org\/wp-content\/uploads\/2022\/09\/ZNU9191-1-scaled-e1663439871268-480x480.jpeg 480w\" sizes=\"auto, (max-width: 1708px) 100vw, 1708px\" \/><\/div><\/div><\/div><\/div><\/div><\/div><div id=\"pg-2751-3\"  class=\"panel-grid panel-has-style\" ><div style=\"padding: 0px 0; \" data-overlay=\"true\" data-overlay-color=\"#000000\" class=\"panel-row-style panel-row-style-for-2751-3\" ><div id=\"pgc-2751-3-0\"  class=\"panel-grid-cell\" ><div id=\"panel-2751-3-0-0\" class=\"widget_text so-panel widget widget_custom_html panel-first-child panel-last-child\" data-index=\"7\" ><div style=\"text-align: left;\" data-title-color=\"#443f3f\" data-headings-color=\"#443f3f\" class=\"widget_text panel-widget-style panel-widget-style-for-2751-3-0-0\" ><div class=\"textwidget custom-html-widget\"><img loading=\"lazy\" decoding=\"async\" class=\"aligncenter size-full wp-image-2780\" src=\"https:\/\/adoptabosque.org\/wp-content\/uploads\/2022\/09\/Counting-scaled.jpg\" alt=\"\" width=\"2560\" height=\"2560\" srcset=\"https:\/\/adoptabosque.org\/wp-content\/uploads\/2022\/09\/Counting-scaled.jpg 2560w, https:\/\/adoptabosque.org\/wp-content\/uploads\/2022\/09\/Counting-300x300.jpg 300w, https:\/\/adoptabosque.org\/wp-content\/uploads\/2022\/09\/Counting-scaled-100x100.jpg 100w, https:\/\/adoptabosque.org\/wp-content\/uploads\/2022\/09\/Counting-scaled-600x600.jpg 600w, https:\/\/adoptabosque.org\/wp-content\/uploads\/2022\/09\/Counting-1024x1024.jpg 1024w, https:\/\/adoptabosque.org\/wp-content\/uploads\/2022\/09\/Counting-150x150.jpg 150w, https:\/\/adoptabosque.org\/wp-content\/uploads\/2022\/09\/Counting-768x768.jpg 768w, https:\/\/adoptabosque.org\/wp-content\/uploads\/2022\/09\/Counting-1536x1536.jpg 1536w, https:\/\/adoptabosque.org\/wp-content\/uploads\/2022\/09\/Counting-2048x2048.jpg 2048w, https:\/\/adoptabosque.org\/wp-content\/uploads\/2022\/09\/Counting-12x12.jpg 12w, https:\/\/adoptabosque.org\/wp-content\/uploads\/2022\/09\/Counting-830x830.jpg 830w, https:\/\/adoptabosque.org\/wp-content\/uploads\/2022\/09\/Counting-230x230.jpg 230w, https:\/\/adoptabosque.org\/wp-content\/uploads\/2022\/09\/Counting-350x350.jpg 350w, https:\/\/adoptabosque.org\/wp-content\/uploads\/2022\/09\/Counting-480x480.jpg 480w\" sizes=\"auto, (max-width: 2560px) 100vw, 2560px\" \/><\/div><\/div><\/div><\/div><div id=\"pgc-2751-3-1\"  class=\"panel-grid-cell\" ><div id=\"panel-2751-3-1-0\" class=\"widget_text so-panel widget widget_custom_html panel-first-child panel-last-child\" data-index=\"8\" ><div style=\"text-align: left;\" data-title-color=\"#443f3f\" data-headings-color=\"#000000\" class=\"widget_text panel-widget-style panel-widget-style-for-2751-3-1-0\" ><div class=\"textwidget custom-html-widget\"><h3>\nWhat do the counters do?\n<\/h3>\n<p>\nCounters work in teams to note the thousands of birds flying overhead each day.\n<\/p>\n<p>\n\tIndividuals may be asked to: \n<\/p>\n<ul>\n\t<li>identify the presence of non-dominant species in large groups<\/li>\n\t<li>count specific species in mixed flocks<\/li>\n\t<li>detect recent arrivals flying past the site<\/li>\n<\/ul>\n<p>\n\tMassive groups may require experienced judgement to keep track of numbers (for example, the percentage of each species or the ability to count by hundreds.\n<\/p><\/div><\/div><\/div><\/div><\/div><\/div><div id=\"pg-2751-4\"  class=\"panel-grid panel-has-style\" ><div style=\"padding: 0px 0; \" data-overlay=\"true\" data-overlay-color=\"#000000\" class=\"panel-row-style panel-row-style-for-2751-4\" ><div id=\"pgc-2751-4-0\"  class=\"panel-grid-cell\" ><div id=\"panel-2751-4-0-0\" class=\"widget_text so-panel widget widget_custom_html panel-first-child panel-last-child\" data-index=\"9\" ><div style=\"text-align: left;\" data-title-color=\"#443f3f\" data-headings-color=\"#000000\" class=\"widget_text panel-widget-style panel-widget-style-for-2751-4-0-0\" ><div class=\"textwidget custom-html-widget\"><h3>\n\tCounting sites\n<\/h3>\n<p>\nThere are several counting sites in Bocas del Toro:<\/p>\n<ul>\n\t<li>Bocas Ridge Hotel &amp; Residences<\/li>\n\t<li>Valle de agua (pictured)<\/li>\n\t<li>Gavil\u00e1n Hill<\/li>\n<\/ul>\n<p>\n\tThe hotel is most accessible and may be used as a base of operations (see Pricing, below). Valle de Agua is the next most accessible, easily accessed by car (it can be commuted to from the hotel), but it does not have potable water or electricity. Gavil\u00e1n Hill is the most difficult; counters have to hike in.\n<\/p><\/div><\/div><\/div><\/div><div id=\"pgc-2751-4-1\"  class=\"panel-grid-cell\" ><div id=\"panel-2751-4-1-0\" class=\"widget_text so-panel widget widget_custom_html panel-first-child panel-last-child\" data-index=\"10\" ><div style=\"text-align: left;\" data-title-color=\"#443f3f\" data-headings-color=\"#443f3f\" class=\"widget_text panel-widget-style panel-widget-style-for-2751-4-1-0\" ><div class=\"textwidget custom-html-widget\"><img loading=\"lazy\" decoding=\"async\" src=\"https:\/\/adoptabosque.org\/wp-content\/uploads\/2022\/09\/WhatsApp-Image-2021-12-13-at-5.20.36-PM-e1663444677481.jpeg\" alt=\"\" width=\"1200\" height=\"1200\" class=\"aligncenter size-full wp-image-2785\" srcset=\"https:\/\/adoptabosque.org\/wp-content\/uploads\/2022\/09\/WhatsApp-Image-2021-12-13-at-5.20.36-PM-e1663444677481.jpeg 1200w, https:\/\/adoptabosque.org\/wp-content\/uploads\/2022\/09\/WhatsApp-Image-2021-12-13-at-5.20.36-PM-e1663444677481-300x300.jpeg 300w, https:\/\/adoptabosque.org\/wp-content\/uploads\/2022\/09\/WhatsApp-Image-2021-12-13-at-5.20.36-PM-e1663444677481-100x100.jpeg 100w, https:\/\/adoptabosque.org\/wp-content\/uploads\/2022\/09\/WhatsApp-Image-2021-12-13-at-5.20.36-PM-e1663444677481-600x600.jpeg 600w, https:\/\/adoptabosque.org\/wp-content\/uploads\/2022\/09\/WhatsApp-Image-2021-12-13-at-5.20.36-PM-e1663444677481-1024x1024.jpeg 1024w, https:\/\/adoptabosque.org\/wp-content\/uploads\/2022\/09\/WhatsApp-Image-2021-12-13-at-5.20.36-PM-e1663444677481-150x150.jpeg 150w, https:\/\/adoptabosque.org\/wp-content\/uploads\/2022\/09\/WhatsApp-Image-2021-12-13-at-5.20.36-PM-e1663444677481-768x768.jpeg 768w, https:\/\/adoptabosque.org\/wp-content\/uploads\/2022\/09\/WhatsApp-Image-2021-12-13-at-5.20.36-PM-e1663444677481-12x12.jpeg 12w, https:\/\/adoptabosque.org\/wp-content\/uploads\/2022\/09\/WhatsApp-Image-2021-12-13-at-5.20.36-PM-e1663444677481-830x830.jpeg 830w, https:\/\/adoptabosque.org\/wp-content\/uploads\/2022\/09\/WhatsApp-Image-2021-12-13-at-5.20.36-PM-e1663444677481-230x230.jpeg 230w, https:\/\/adoptabosque.org\/wp-content\/uploads\/2022\/09\/WhatsApp-Image-2021-12-13-at-5.20.36-PM-e1663444677481-350x350.jpeg 350w, https:\/\/adoptabosque.org\/wp-content\/uploads\/2022\/09\/WhatsApp-Image-2021-12-13-at-5.20.36-PM-e1663444677481-480x480.jpeg 480w\" sizes=\"auto, (max-width: 1200px) 100vw, 1200px\" \/><\/div><\/div><\/div><\/div><\/div><\/div><div id=\"pg-2751-5\"  class=\"panel-grid panel-has-style\" ><div style=\"padding: 20px 0; \" data-overlay=\"true\" data-overlay-color=\"#000000\" class=\"panel-row-style panel-row-style-for-2751-5\" ><div id=\"pgc-2751-5-0\"  class=\"panel-grid-cell\" ><div id=\"panel-2751-5-0-0\" class=\"widget_text so-panel widget widget_custom_html panel-first-child panel-last-child\" data-index=\"11\" ><div style=\"text-align: left;\" data-title-color=\"#443f3f\" data-headings-color=\"#000000\" class=\"widget_text panel-widget-style panel-widget-style-for-2751-5-0-0\" ><div class=\"textwidget custom-html-widget\"><h3>\n\tPricing\n<\/h3>\n<p>\n\tIn addition to the incredible opportunity to be part of this important count, your will love your stay at the Bocas Ridge Hotel and Residences with your contribution. Your contribution includes room and board (3 meals) in shared accommodations. If you prefer your own room, it is possible with an additional contribution.<\/p>\n<table style=\"width:70%; margin: auto; margin-top: 25px;\">\n  <tr>\n    <th style=\"width:33.3%; background: rgb(122, 172, 39 , 0.2);\">Duration<\/th>\n    <th style=\"width:33.3%; background: rgb(122, 172, 39 , 0.2);\">Shared room<\/th>\n\t\t<th style=\"width:33.3%; background: rgb(122, 172, 39 , 0.2);\">Single room <span style=\"font-wieght: lighter; font-size: 15px;\"><em>(add to the previous column)<\/em><\/span><\/th>\n  <\/tr>\n\t<tr>\n    <td>1 week<\/td>\n    <td>$400\/week<\/td>\n    <td>+ $210\/week<\/td>\n  <\/tr>\n\t<tr>\n    <td>2 \u2013 3 weeks<\/td>\n    <td>$350\/week<\/td>\n    <td>+ $180\/week<\/td>\n  <\/tr>\n\t<tr>\n    <td>4 \u2013 5 weeks<\/td>\n    <td>$300\/week<\/td>\n    <td>+ $150\/week<\/td>\n  <\/tr>\n\t<tr>\n \u00a0 \u00a0<td>6 weeks or more<\/td>\n    <td>$250\/week<\/td>\n    <td>+ $130\/week<\/td>\n  <\/tr>\n<\/table>\n<p style=\"margin-top: 10px;\"><em style=\"color: black;\">\n\t*One week is considered 7 days (i.e., Monday - Sunday) in the field in Bocas del Toro. Time dedicated to traveling to\/from Bocas del Toro is not included in this duration; plan accordingly.<\/em><\/p><\/div><\/div><\/div><\/div><\/div><\/div><\/div>","protected":false},"excerpt":{"rendered":"<p>Contadores Voluntarios \u00a1Puede ayudar a monitorear uno de los sitios de migraci\u00f3n de aves rapaces m\u00e1s prol\u00edficos del mundo, donde se observan m\u00e1s de dos millones de aves rapaces cada temporada de migraci\u00f3n! Contadores Voluntarios \u00a1Puede ayudar a monitorear uno de los sitios de migraci\u00f3n de aves rapaces m\u00e1s prol\u00edficos del mundo, donde se observan [&hellip;]<\/p>\n","protected":false},"author":2,"featured_media":2754,"parent":0,"menu_order":0,"comment_status":"closed","ping_status":"closed","template":"page-templates\/page_single-header-wide.php","meta":{"footnotes":""},"class_list":["post-2751","page","type-page","status-publish","has-post-thumbnail","hentry"],"yoast_head":"<!-- This site is optimized with the Yoast SEO Premium plugin v25.3.1 (Yoast SEO v27.3) - https:\/\/yoast.com\/product\/yoast-seo-premium-wordpress\/ -->\n<title>Contadores Voluntarios - ADOPTA<\/title>\n<meta name=\"robots\" content=\"index, follow, max-snippet:-1, max-image-preview:large, max-video-preview:-1\" \/>\n<link rel=\"canonical\" href=\"https:\/\/adoptabosque.org\/en\/count\/\" \/>\n<meta property=\"og:locale\" content=\"en_US\" \/>\n<meta property=\"og:type\" content=\"article\" \/>\n<meta property=\"og:title\" content=\"Contadores Voluntarios\" \/>\n<meta property=\"og:description\" content=\"Contadores Voluntarios \u00a1Puede ayudar a monitorear uno de los sitios de migraci\u00f3n de aves rapaces m\u00e1s prol\u00edficos del mundo, donde se observan m\u00e1s de dos millones de aves rapaces cada temporada de migraci\u00f3n! Contadores Voluntarios \u00a1Puede ayudar a monitorear uno de los sitios de migraci\u00f3n de aves rapaces m\u00e1s prol\u00edficos del mundo, donde se observan [&hellip;]\" \/>\n<meta property=\"og:url\" content=\"https:\/\/adoptabosque.org\/en\/count\/\" \/>\n<meta property=\"og:site_name\" content=\"ADOPTA\" \/>\n<meta property=\"article:modified_time\" content=\"2022-09-18T16:06:05+00:00\" \/>\n<meta property=\"og:image\" content=\"https:\/\/adoptabosque.org\/wp-content\/uploads\/2022\/09\/Kites-scaled.jpg\" \/>\n\t<meta property=\"og:image:width\" content=\"2560\" \/>\n\t<meta property=\"og:image:height\" content=\"1707\" \/>\n\t<meta property=\"og:image:type\" content=\"image\/jpeg\" \/>\n<meta name=\"twitter:card\" content=\"summary_large_image\" \/>\n<meta name=\"twitter:label1\" content=\"Est. reading time\" \/>\n\t<meta name=\"twitter:data1\" content=\"4 minutes\" \/>\n<script type=\"application\/ld+json\" class=\"yoast-schema-graph\">{\"@context\":\"https:\\\/\\\/schema.org\",\"@graph\":[{\"@type\":\"WebPage\",\"@id\":\"https:\\\/\\\/adoptabosque.org\\\/count\\\/\",\"url\":\"https:\\\/\\\/adoptabosque.org\\\/count\\\/\",\"name\":\"Contadores Voluntarios - ADOPTA\",\"isPartOf\":{\"@id\":\"https:\\\/\\\/adoptabosque.org\\\/#website\"},\"primaryImageOfPage\":{\"@id\":\"https:\\\/\\\/adoptabosque.org\\\/count\\\/#primaryimage\"},\"image\":{\"@id\":\"https:\\\/\\\/adoptabosque.org\\\/count\\\/#primaryimage\"},\"thumbnailUrl\":\"https:\\\/\\\/adoptabosque.org\\\/wp-content\\\/uploads\\\/2022\\\/09\\\/Kites-scaled.jpg\",\"datePublished\":\"2022-09-17T16:23:16+00:00\",\"dateModified\":\"2022-09-18T16:06:05+00:00\",\"breadcrumb\":{\"@id\":\"https:\\\/\\\/adoptabosque.org\\\/count\\\/#breadcrumb\"},\"inLanguage\":\"en-US\",\"potentialAction\":[{\"@type\":\"ReadAction\",\"target\":[\"https:\\\/\\\/adoptabosque.org\\\/count\\\/\"]}]},{\"@type\":\"ImageObject\",\"inLanguage\":\"en-US\",\"@id\":\"https:\\\/\\\/adoptabosque.org\\\/count\\\/#primaryimage\",\"url\":\"https:\\\/\\\/adoptabosque.org\\\/wp-content\\\/uploads\\\/2022\\\/09\\\/Kites-scaled.jpg\",\"contentUrl\":\"https:\\\/\\\/adoptabosque.org\\\/wp-content\\\/uploads\\\/2022\\\/09\\\/Kites-scaled.jpg\",\"width\":2560,\"height\":1707},{\"@type\":\"BreadcrumbList\",\"@id\":\"https:\\\/\\\/adoptabosque.org\\\/count\\\/#breadcrumb\",\"itemListElement\":[{\"@type\":\"ListItem\",\"position\":1,\"name\":\"Home\",\"item\":\"https:\\\/\\\/adoptabosque.org\\\/\"},{\"@type\":\"ListItem\",\"position\":2,\"name\":\"Contadores Voluntarios\"}]},{\"@type\":\"WebSite\",\"@id\":\"https:\\\/\\\/adoptabosque.org\\\/#website\",\"url\":\"https:\\\/\\\/adoptabosque.org\\\/\",\"name\":\"ADOPTA\",\"description\":\"Bosque Panam\u00e1\",\"potentialAction\":[{\"@type\":\"SearchAction\",\"target\":{\"@type\":\"EntryPoint\",\"urlTemplate\":\"https:\\\/\\\/adoptabosque.org\\\/?s={search_term_string}\"},\"query-input\":{\"@type\":\"PropertyValueSpecification\",\"valueRequired\":true,\"valueName\":\"search_term_string\"}}],\"inLanguage\":\"en-US\"}]}<\/script>\n<!-- \/ Yoast SEO Premium plugin. -->","yoast_head_json":{"title":"Contadores Voluntarios - ADOPTA","robots":{"index":"index","follow":"follow","max-snippet":"max-snippet:-1","max-image-preview":"max-image-preview:large","max-video-preview":"max-video-preview:-1"},"canonical":"https:\/\/adoptabosque.org\/en\/count\/","og_locale":"en_US","og_type":"article","og_title":"Contadores Voluntarios","og_description":"Contadores Voluntarios \u00a1Puede ayudar a monitorear uno de los sitios de migraci\u00f3n de aves rapaces m\u00e1s prol\u00edficos del mundo, donde se observan m\u00e1s de dos millones de aves rapaces cada temporada de migraci\u00f3n! Contadores Voluntarios \u00a1Puede ayudar a monitorear uno de los sitios de migraci\u00f3n de aves rapaces m\u00e1s prol\u00edficos del mundo, donde se observan [&hellip;]","og_url":"https:\/\/adoptabosque.org\/en\/count\/","og_site_name":"ADOPTA","article_modified_time":"2022-09-18T16:06:05+00:00","og_image":[{"width":2560,"height":1707,"url":"https:\/\/adoptabosque.org\/wp-content\/uploads\/2022\/09\/Kites-scaled.jpg","type":"image\/jpeg"}],"twitter_card":"summary_large_image","twitter_misc":{"Est. reading time":"4 minutes"},"schema":{"@context":"https:\/\/schema.org","@graph":[{"@type":"WebPage","@id":"https:\/\/adoptabosque.org\/count\/","url":"https:\/\/adoptabosque.org\/count\/","name":"Contadores Voluntarios - ADOPTA","isPartOf":{"@id":"https:\/\/adoptabosque.org\/#website"},"primaryImageOfPage":{"@id":"https:\/\/adoptabosque.org\/count\/#primaryimage"},"image":{"@id":"https:\/\/adoptabosque.org\/count\/#primaryimage"},"thumbnailUrl":"https:\/\/adoptabosque.org\/wp-content\/uploads\/2022\/09\/Kites-scaled.jpg","datePublished":"2022-09-17T16:23:16+00:00","dateModified":"2022-09-18T16:06:05+00:00","breadcrumb":{"@id":"https:\/\/adoptabosque.org\/count\/#breadcrumb"},"inLanguage":"en-US","potentialAction":[{"@type":"ReadAction","target":["https:\/\/adoptabosque.org\/count\/"]}]},{"@type":"ImageObject","inLanguage":"en-US","@id":"https:\/\/adoptabosque.org\/count\/#primaryimage","url":"https:\/\/adoptabosque.org\/wp-content\/uploads\/2022\/09\/Kites-scaled.jpg","contentUrl":"https:\/\/adoptabosque.org\/wp-content\/uploads\/2022\/09\/Kites-scaled.jpg","width":2560,"height":1707},{"@type":"BreadcrumbList","@id":"https:\/\/adoptabosque.org\/count\/#breadcrumb","itemListElement":[{"@type":"ListItem","position":1,"name":"Home","item":"https:\/\/adoptabosque.org\/"},{"@type":"ListItem","position":2,"name":"Contadores Voluntarios"}]},{"@type":"WebSite","@id":"https:\/\/adoptabosque.org\/#website","url":"https:\/\/adoptabosque.org\/","name":"ADOPTA","description":"Bosque Panam\u00e1","potentialAction":[{"@type":"SearchAction","target":{"@type":"EntryPoint","urlTemplate":"https:\/\/adoptabosque.org\/?s={search_term_string}"},"query-input":{"@type":"PropertyValueSpecification","valueRequired":true,"valueName":"search_term_string"}}],"inLanguage":"en-US"}]}},"_links":{"self":[{"href":"https:\/\/adoptabosque.org\/en\/wp-json\/wp\/v2\/pages\/2751","targetHints":{"allow":["GET"]}}],"collection":[{"href":"https:\/\/adoptabosque.org\/en\/wp-json\/wp\/v2\/pages"}],"about":[{"href":"https:\/\/adoptabosque.org\/en\/wp-json\/wp\/v2\/types\/page"}],"author":[{"embeddable":true,"href":"https:\/\/adoptabosque.org\/en\/wp-json\/wp\/v2\/users\/2"}],"replies":[{"embeddable":true,"href":"https:\/\/adoptabosque.org\/en\/wp-json\/wp\/v2\/comments?post=2751"}],"version-history":[{"count":53,"href":"https:\/\/adoptabosque.org\/en\/wp-json\/wp\/v2\/pages\/2751\/revisions"}],"predecessor-version":[{"id":2755,"href":"https:\/\/adoptabosque.org\/en\/wp-json\/wp\/v2\/pages\/2751\/revisions\/2755"}],"wp:featuredmedia":[{"embeddable":true,"href":"https:\/\/adoptabosque.org\/en\/wp-json\/wp\/v2\/media\/2754"}],"wp:attachment":[{"href":"https:\/\/adoptabosque.org\/en\/wp-json\/wp\/v2\/media?parent=2751"}],"curies":[{"name":"wp","href":"https:\/\/api.w.org\/{rel}","templated":true}]}}