{"id":2814,"date":"2022-09-17T22:57:17","date_gmt":"2022-09-17T22:57:17","guid":{"rendered":"https:\/\/adoptabosque.org\/?page_id=2814"},"modified":"2022-09-19T14:36:59","modified_gmt":"2022-09-19T14:36:59","slug":"results","status":"publish","type":"page","link":"https:\/\/adoptabosque.org\/en\/hawkwatch\/results\/","title":{"rendered":"HawkWatch Results"},"content":{"rendered":"<div id=\"pl-2814\"  class=\"panel-layout\" ><div id=\"pg-2814-0\"  class=\"panel-grid panel-has-style\" ><div style=\"padding: 25px 0; \" data-overlay=\"true\" data-overlay-color=\"#000000\" class=\"panel-row-style panel-row-style-for-2814-0\" ><div id=\"pgc-2814-0-0\"  class=\"panel-grid-cell\" ><div id=\"panel-2814-0-0-0\" class=\"widget_text so-panel widget widget_custom_html panel-first-child\" data-index=\"0\" ><div style=\"text-align: center;\" data-title-color=\"#443f3f\" data-headings-color=\"#000000\" class=\"widget_text panel-widget-style panel-widget-style-for-2814-0-0-0\" ><div class=\"textwidget custom-html-widget\"><h1>\n\tHawkWatch Results\n<\/h1><\/div><\/div><\/div><div id=\"panel-2814-0-0-1\" class=\"widget_text so-panel widget widget_custom_html\" data-index=\"1\" ><div style=\"text-align: left;\" data-title-color=\"#443f3f\" data-headings-color=\"#ffffff\" class=\"widget_text panel-widget-style panel-widget-style-for-2814-0-0-1\" ><div class=\"textwidget custom-html-widget\"><div class=\"Jump-contain\">\n<a href=\"#BocasRidge\">\n<div class=\"Jump-box\" id=\"Pop\" style=\"background-image: url('https:\/\/adoptabosque.org\/wp-content\/uploads\/2022\/09\/BocasHotel.png'); background-size: cover;\">\n\t<h3 style=\"text-shadow: -1px -1px 1px #333, 1px -1px 1px #333, -1px 1px 1px #333, 1px 1px 1px #333;\">\n\t\tBocas Ridge\n\t<\/h3>\n\t<\/div>\n<\/a>\n<a href=\"#GavilanRidge\">\n<div class=\"Jump-box\" id=\"Pop\" style=\"background-image: url('https:\/\/adoptabosque.org\/wp-content\/uploads\/2022\/09\/GavilanRidge.png'); background-size: cover;\">\n\t<h3 style=\"text-shadow: -1px -1px 1px #333, 1px -1px 1px #333, -1px 1px 1px #333, 1px 1px 1px #333;\">\n\t\tGavil\u00e1n Hill\n\t<\/h3>\n<\/div>\n<\/a>\n<a href=\"#Valle\">\n<div class=\"Jump-box\" id=\"Pop\" style=\"background-image: url('https:\/\/adoptabosque.org\/wp-content\/uploads\/2022\/09\/WhatsApp-Image-2021-12-13-at-5.20.36-PM-e1663444677481.jpeg'); background-size: cover;\">\n\t<h3 style=\"text-shadow: -1px -1px 1px #333, 1px -1px 1px #333, -1px 1px 1px #333, 1px 1px 1px #333;\">\n\t\tValle de Agua\n\t<\/h3>\n<\/div>\n<\/a>\n<\/div><\/div><\/div><\/div><div id=\"panel-2814-0-0-2\" class=\"widget_text so-panel widget widget_custom_html\" data-index=\"2\" ><div style=\"text-align: left;\" id=\"BocasRidge\" data-title-color=\"#443f3f\" data-headings-color=\"#000000\" class=\"widget_text panel-widget-style panel-widget-style-for-2814-0-0-2\" ><div class=\"textwidget custom-html-widget\"><h2>\n\tBocas Ridge\n<\/h2>\n<p>\n\tLocated at the Bocas Ridge Hotel and Residences, this site is situated at the top of the first ridgeline inland from the Caribbean coast (approximately 450 m \/ 1,500 ft in elevation). Researchers and residents staying at the hotel have noted a large number of raptors migrating above the area during the fall and spring seasons for years, but no formal count was done here until the fall of 2021, when almost 2 million individuals were seen in the first Bocas del Toro HawkWatch.\n<\/p>\n<p><a href=\"https:\/\/hawkcount.org\/siteinfo.php?rsite=920\" target=\"_blank\">See more at HawkCount<\/a><\/p>\n<table style=\"width: 400px; float: right;\">\n\t<tr>\n\t\t<th style=\"width: 200px;\">Species<\/th>\n\t\t<th style=\"width: 100px;\">Fall 2021<\/th>\n\t\t<th style=\"width: 100px;\">Spring 2022<\/th>\n\t<\/tr>\n\t<tr>\n\t\t<td>King Vulture<\/td>\n\t\t<td>47<\/td>\n\t\t<td>0<\/td>\n\t<\/tr>\n\t<tr>\n\t\t<td>Turkey Vulture<\/td>\n\t\t<td>1.272.910<\/td>\n\t\t<td>995.765<\/td>\n\t<\/tr>\n\t<tr>\n\t\t<td>Osprey<\/td>\n\t\t<td>112<\/td>\n\t\t<td>942<\/td>\n\t<\/tr>\n\t<tr>\n\t\t<td>White-tailed Kite<\/td>\n\t\t<td>0<\/td>\n\t\t<td>3<\/td>\n\t<\/tr>\n\t<tr>\n\t\t<td>Hook-billed Kite<\/td>\n\t\t<td>162<\/td>\n\t\t<td>37<\/td>\n\t<\/tr>\n\t<tr>\n\t\t<td>Gray-headed Kite<\/td>\n\t\t<td>2<\/td>\n\t\t<td>1<\/td>\n\t<\/tr>\n\t<tr>\n\t\t<td>Swallow-tailed Kite<\/td>\n\t\t<td>1<\/td>\n\t\t<td>4.706<\/td>\n\t<\/tr>\n\t<tr>\n\t\t<td>Black Hawk-eagle<\/td>\n\t\t<td>9<\/td>\n\t\t<td>0<\/td>\n\t<\/tr>\n\t<tr>\n\t\t<td>Ornate Hawk-eagle<\/td>\n\t\t<td>0<\/td>\n\t\t<td>0<\/td>\n\t<\/tr>\n\t<tr>\n\t\t<td>Black-and-white Hawk-eagle<\/td>\n\t\t<td>0<\/td>\n\t\t<td>1<\/td>\n\t<\/tr>\n\t<tr>\n\t\t<td>Double-toothed Kite<\/td>\n\t\t<td>7<\/td>\n\t\t<td>16<\/td>\n\t<\/tr>\n\t<tr>\n\t\t<td>Mississippi Kite<\/td>\n\t\t<td>747<\/td>\n\t\t<td>67.878<\/td>\n\t<\/tr>\n\t<tr>\n\t\t<td>Plumbeous Kite<\/td>\n\t\t<td>0<\/td>\n\t\t<td>444<\/td>\n\t<\/tr>\n\t<tr>\n\t\t<td>Northern Harrier<\/td>\n\t\t<td>3<\/td>\n\t\t<td>1<\/td>\n\t<\/tr>\n\t<tr>\n\t\t<td>Sharp-shinned Hawk<\/td>\n\t\t<td>0<\/td>\n\t\t<td>12<\/td>\n\t<\/tr>\n\t<tr>\n\t\t<td>Cooper's Hawk<\/td>\n\t\t<td>4<\/td>\n\t\t<td>2<\/td>\n\t<\/tr>\n\t<tr>\n\t\t<td>Common Black-hawk<\/td>\n\t\t<td>12<\/td>\n\t\t<td>0<\/td>\n\t<\/tr>\n\t<tr>\n\t\t<td>Great Black-hawk<\/td>\n\t\t<td>0<\/td>\n\t\t<td>0<\/td>\n\t<\/tr>\n\t<tr>\n\t\t<td>White Hawk<\/td>\n\t\t<td>0<\/td>\n\t\t<td>3<\/td>\n\t<\/tr>\n\t<tr>\n\t\t<td>Gray Hawk<\/td>\n\t\t<td>0<\/td>\n\t\t<td>2<\/td>\n\t<\/tr>\n\t<tr>\n\t\t<td>White-tailed Hawk<\/td>\n\t\t<td>1<\/td>\n\t\t<td>0<\/td>\n\t<\/tr>\n\t<tr>\n\t\t<td>Broad-winged Hawk<\/td>\n\t\t<td>273.881<\/td>\n\t\t<td>381.596<\/td>\n\t<\/tr>\n\t<tr>\n\t\t<td>Short-tailed Hawk<\/td>\n\t\t<td>13<\/td>\n\t\t<td>0<\/td>\n\t<\/tr>\n\t<tr>\n\t\t<td>Swainson's Hawk<\/td>\n\t\t<td>389.876<\/td>\n\t\t<td>221.870<\/td>\n\t<\/tr>\n\t<tr>\n\t\t<td>Zone-tailed Hawk<\/td>\n\t\t<td>7<\/td>\n\t\t<td>4<\/td>\n\t<\/tr>\n\t<tr>\n\t\t<td>Red-tailed Hawk<\/td>\n\t\t<td>5<\/td>\n\t\t<td>1<\/td>\n\t<\/tr>\n\t<tr>\n\t\t<td>Crested Caracara<\/td>\n\t\t<td>5<\/td>\n\t\t<td>2<\/td>\n\t<\/tr>\n\t<tr>\n\t\t<td>American Kestrel<\/td>\n\t\t<td>2<\/td>\n\t\t<td>1<\/td>\n\t<\/tr>\n\t<tr>\n\t\t<td>Merlin<\/td>\n\t\t<td>4<\/td>\n\t\t<td>6<\/td>\n\t<\/tr>\n\t<tr>\n\t\t<td>Peregrine Falcon<\/td>\n\t\t<td>66<\/td>\n\t\t<td>153<\/td>\n\t<\/tr>\n\t<tr>\n\t\t<td>Snail Kite<\/td>\n\t\t<td>1<\/td>\n\t\t<td>0<\/td>\n\t<\/tr>\n\t<tr>\n\t\t<td>Total<\/td>\n\t\t<td>1.992.193<\/td>\n\t\t<td>1.678.646<\/td>\n\t<\/tr>\n<\/table><div class=\"visualizer-contain\" style=\"margin-top: 150px;\">\n<div class=\"visualizer-front-container visualizer-lazy-render\" id=\"chart_wrapper_visualizer-2868-2127779293\"><style type=\"text\/css\" name=\"visualizer-custom-css\" id=\"customcss-visualizer-2868\">.locker,.locker-loader{position:absolute;top:0;left:0;width:100%;height:100%}.locker{z-index:1000;opacity:.8;background-color:#fff;-ms-filter:\"progid:DXImageTransform.Microsoft.Alpha(Opacity=80)\";filter:alpha(opacity=80)}.locker-loader{z-index:1001;background:url(https:\/\/adoptabosque.org\/wp-content\/plugins\/visualizer\/images\/ajax-loader.gif) no-repeat center center}.dt-button{display:none!important}.visualizer-front-container.visualizer-lazy-render{content-visibility: auto;}.google-visualization-controls-categoryfilter label.google-visualization-controls-label {vertical-align: middle;}.google-visualization-controls-categoryfilter li.goog-inline-block {margin: 0 0.2em;}.google-visualization-controls-categoryfilter li {padding: 0 0.2em;}.visualizer-front-container .dataTables_scrollHeadInner{margin: 0 auto;}<\/style><div id=\"visualizer-2868-2127779293\" class=\"visualizer-front  visualizer-front-2868\"><\/div><!-- Not showing structured data for chart 2868 because description is empty --><\/div><\/div><\/div><\/div><\/div><div id=\"panel-2814-0-0-3\" class=\"widget_text so-panel widget widget_custom_html\" data-index=\"3\" ><div style=\"text-align: left;\" id=\"GavilanRidge\" data-title-color=\"#443f3f\" data-headings-color=\"#000000\" class=\"widget_text panel-widget-style panel-widget-style-for-2814-0-0-3\" ><div class=\"textwidget custom-html-widget\"><h2>\n\tGavil\u00e1n Hill\n<\/h2>\n<p>\nLocated at the top of a hill known locally as \"Cerro Gavil\u00e1n\", this site is surrounded by vegetation yet nevertheless offers a spectacular view. Its high elevation of 678m (2,224 ft) allows counters to see the Caribbean coast and mountains to the east, west, and south. The first count at this site is being held in the fall of 2022.\n<\/p>\n<a href=\"https:\/\/hawkcount.org\/siteinfo.php?rsite=943\" target=\"_blank\">See more at HawkCount<\/a><\/div><\/div><\/div><div id=\"panel-2814-0-0-4\" class=\"widget_text so-panel widget widget_custom_html panel-last-child\" data-index=\"4\" ><div style=\"text-align: left;\" id=\"Valle\" data-title-color=\"#443f3f\" data-headings-color=\"#000000\" class=\"widget_text panel-widget-style panel-widget-style-for-2814-0-0-4\" ><div class=\"textwidget custom-html-widget\"><h2>\n\tValle de Agua\n<\/h2>\n<p>\nThis site is located in the Corregimiento of Valle de Agua Arriba in Panama's Bocas del Toro Province. It has an elevation of 300 m (984 ft), which provides a perfect view of the Caribbean coast near Almirante Bay, the Bocas del Toro Archipelago, and parts of nearby mountains. The first count at this site is being held in the fall of 2022.\n<\/p>\n<a href=\"https:\/\/hawkcount.org\/siteinfo.php?rsite=943\" target=\"_blank\">See more at HawkCount<\/a><\/div><\/div><\/div><\/div><\/div><\/div><\/div>","protected":false},"excerpt":{"rendered":"<p>HawkWatch Resultados Bocas Ridge Cerro Gavil\u00e1n Valle de Agua Bocas Ridge Ubicado en Bocas Ridge Hotel and Residences, este sitio est\u00e1 ubicado en la cima de la primera cadena monta\u00f1osa interior de la costa del Caribe (aproximadamente 450 m \/ 1,500 pies de altura). Los investigadores y los residentes que se hospedan en el hotel [&hellip;]<\/p>\n","protected":false},"author":2,"featured_media":2754,"parent":952,"menu_order":0,"comment_status":"closed","ping_status":"closed","template":"page-templates\/page_single-header-wide.php","meta":{"footnotes":""},"class_list":["post-2814","page","type-page","status-publish","has-post-thumbnail","hentry"],"yoast_head":"<!-- This site is optimized with the Yoast SEO Premium plugin v25.3.1 (Yoast SEO v27.3) - https:\/\/yoast.com\/product\/yoast-seo-premium-wordpress\/ -->\n<title>HawkWatch Resultados - ADOPTA<\/title>\n<meta name=\"robots\" content=\"index, follow, max-snippet:-1, max-image-preview:large, max-video-preview:-1\" \/>\n<link rel=\"canonical\" href=\"https:\/\/adoptabosque.org\/en\/hawkwatch\/results\/\" \/>\n<meta property=\"og:locale\" content=\"en_US\" \/>\n<meta property=\"og:type\" content=\"article\" \/>\n<meta property=\"og:title\" content=\"HawkWatch Resultados\" \/>\n<meta property=\"og:description\" content=\"HawkWatch Resultados Bocas Ridge Cerro Gavil\u00e1n Valle de Agua Bocas Ridge Ubicado en Bocas Ridge Hotel and Residences, este sitio est\u00e1 ubicado en la cima de la primera cadena monta\u00f1osa interior de la costa del Caribe (aproximadamente 450 m \/ 1,500 pies de altura). Los investigadores y los residentes que se hospedan en el hotel [&hellip;]\" \/>\n<meta property=\"og:url\" content=\"https:\/\/adoptabosque.org\/en\/hawkwatch\/results\/\" \/>\n<meta property=\"og:site_name\" content=\"ADOPTA\" \/>\n<meta property=\"article:modified_time\" content=\"2022-09-19T14:36:59+00:00\" \/>\n<meta property=\"og:image\" content=\"https:\/\/adoptabosque.org\/wp-content\/uploads\/2022\/09\/Kites-scaled.jpg\" \/>\n\t<meta property=\"og:image:width\" content=\"2560\" \/>\n\t<meta property=\"og:image:height\" content=\"1707\" \/>\n\t<meta property=\"og:image:type\" content=\"image\/jpeg\" \/>\n<meta name=\"twitter:card\" content=\"summary_large_image\" \/>\n<meta name=\"twitter:label1\" content=\"Est. reading time\" \/>\n\t<meta name=\"twitter:data1\" content=\"1 minute\" \/>\n<script type=\"application\/ld+json\" class=\"yoast-schema-graph\">{\"@context\":\"https:\\\/\\\/schema.org\",\"@graph\":[{\"@type\":\"WebPage\",\"@id\":\"https:\\\/\\\/adoptabosque.org\\\/hawkwatch\\\/results\\\/\",\"url\":\"https:\\\/\\\/adoptabosque.org\\\/hawkwatch\\\/results\\\/\",\"name\":\"HawkWatch Resultados - ADOPTA\",\"isPartOf\":{\"@id\":\"https:\\\/\\\/adoptabosque.org\\\/#website\"},\"primaryImageOfPage\":{\"@id\":\"https:\\\/\\\/adoptabosque.org\\\/hawkwatch\\\/results\\\/#primaryimage\"},\"image\":{\"@id\":\"https:\\\/\\\/adoptabosque.org\\\/hawkwatch\\\/results\\\/#primaryimage\"},\"thumbnailUrl\":\"https:\\\/\\\/adoptabosque.org\\\/wp-content\\\/uploads\\\/2022\\\/09\\\/Kites-scaled.jpg\",\"datePublished\":\"2022-09-17T22:57:17+00:00\",\"dateModified\":\"2022-09-19T14:36:59+00:00\",\"breadcrumb\":{\"@id\":\"https:\\\/\\\/adoptabosque.org\\\/hawkwatch\\\/results\\\/#breadcrumb\"},\"inLanguage\":\"en-US\",\"potentialAction\":[{\"@type\":\"ReadAction\",\"target\":[\"https:\\\/\\\/adoptabosque.org\\\/hawkwatch\\\/results\\\/\"]}]},{\"@type\":\"ImageObject\",\"inLanguage\":\"en-US\",\"@id\":\"https:\\\/\\\/adoptabosque.org\\\/hawkwatch\\\/results\\\/#primaryimage\",\"url\":\"https:\\\/\\\/adoptabosque.org\\\/wp-content\\\/uploads\\\/2022\\\/09\\\/Kites-scaled.jpg\",\"contentUrl\":\"https:\\\/\\\/adoptabosque.org\\\/wp-content\\\/uploads\\\/2022\\\/09\\\/Kites-scaled.jpg\",\"width\":2560,\"height\":1707},{\"@type\":\"BreadcrumbList\",\"@id\":\"https:\\\/\\\/adoptabosque.org\\\/hawkwatch\\\/results\\\/#breadcrumb\",\"itemListElement\":[{\"@type\":\"ListItem\",\"position\":1,\"name\":\"Home\",\"item\":\"https:\\\/\\\/adoptabosque.org\\\/\"},{\"@type\":\"ListItem\",\"position\":2,\"name\":\"Bocas del Toro HawkWatch\",\"item\":\"https:\\\/\\\/adoptabosque.org\\\/hawkwatch\\\/\"},{\"@type\":\"ListItem\",\"position\":3,\"name\":\"HawkWatch Resultados\"}]},{\"@type\":\"WebSite\",\"@id\":\"https:\\\/\\\/adoptabosque.org\\\/#website\",\"url\":\"https:\\\/\\\/adoptabosque.org\\\/\",\"name\":\"ADOPTA\",\"description\":\"Bosque Panam\u00e1\",\"potentialAction\":[{\"@type\":\"SearchAction\",\"target\":{\"@type\":\"EntryPoint\",\"urlTemplate\":\"https:\\\/\\\/adoptabosque.org\\\/?s={search_term_string}\"},\"query-input\":{\"@type\":\"PropertyValueSpecification\",\"valueRequired\":true,\"valueName\":\"search_term_string\"}}],\"inLanguage\":\"en-US\"}]}<\/script>\n<!-- \/ Yoast SEO Premium plugin. -->","yoast_head_json":{"title":"HawkWatch Resultados - ADOPTA","robots":{"index":"index","follow":"follow","max-snippet":"max-snippet:-1","max-image-preview":"max-image-preview:large","max-video-preview":"max-video-preview:-1"},"canonical":"https:\/\/adoptabosque.org\/en\/hawkwatch\/results\/","og_locale":"en_US","og_type":"article","og_title":"HawkWatch Resultados","og_description":"HawkWatch Resultados Bocas Ridge Cerro Gavil\u00e1n Valle de Agua Bocas Ridge Ubicado en Bocas Ridge Hotel and Residences, este sitio est\u00e1 ubicado en la cima de la primera cadena monta\u00f1osa interior de la costa del Caribe (aproximadamente 450 m \/ 1,500 pies de altura). Los investigadores y los residentes que se hospedan en el hotel [&hellip;]","og_url":"https:\/\/adoptabosque.org\/en\/hawkwatch\/results\/","og_site_name":"ADOPTA","article_modified_time":"2022-09-19T14:36:59+00:00","og_image":[{"width":2560,"height":1707,"url":"https:\/\/adoptabosque.org\/wp-content\/uploads\/2022\/09\/Kites-scaled.jpg","type":"image\/jpeg"}],"twitter_card":"summary_large_image","twitter_misc":{"Est. reading time":"1 minute"},"schema":{"@context":"https:\/\/schema.org","@graph":[{"@type":"WebPage","@id":"https:\/\/adoptabosque.org\/hawkwatch\/results\/","url":"https:\/\/adoptabosque.org\/hawkwatch\/results\/","name":"HawkWatch Resultados - ADOPTA","isPartOf":{"@id":"https:\/\/adoptabosque.org\/#website"},"primaryImageOfPage":{"@id":"https:\/\/adoptabosque.org\/hawkwatch\/results\/#primaryimage"},"image":{"@id":"https:\/\/adoptabosque.org\/hawkwatch\/results\/#primaryimage"},"thumbnailUrl":"https:\/\/adoptabosque.org\/wp-content\/uploads\/2022\/09\/Kites-scaled.jpg","datePublished":"2022-09-17T22:57:17+00:00","dateModified":"2022-09-19T14:36:59+00:00","breadcrumb":{"@id":"https:\/\/adoptabosque.org\/hawkwatch\/results\/#breadcrumb"},"inLanguage":"en-US","potentialAction":[{"@type":"ReadAction","target":["https:\/\/adoptabosque.org\/hawkwatch\/results\/"]}]},{"@type":"ImageObject","inLanguage":"en-US","@id":"https:\/\/adoptabosque.org\/hawkwatch\/results\/#primaryimage","url":"https:\/\/adoptabosque.org\/wp-content\/uploads\/2022\/09\/Kites-scaled.jpg","contentUrl":"https:\/\/adoptabosque.org\/wp-content\/uploads\/2022\/09\/Kites-scaled.jpg","width":2560,"height":1707},{"@type":"BreadcrumbList","@id":"https:\/\/adoptabosque.org\/hawkwatch\/results\/#breadcrumb","itemListElement":[{"@type":"ListItem","position":1,"name":"Home","item":"https:\/\/adoptabosque.org\/"},{"@type":"ListItem","position":2,"name":"Bocas del Toro HawkWatch","item":"https:\/\/adoptabosque.org\/hawkwatch\/"},{"@type":"ListItem","position":3,"name":"HawkWatch Resultados"}]},{"@type":"WebSite","@id":"https:\/\/adoptabosque.org\/#website","url":"https:\/\/adoptabosque.org\/","name":"ADOPTA","description":"Bosque Panam\u00e1","potentialAction":[{"@type":"SearchAction","target":{"@type":"EntryPoint","urlTemplate":"https:\/\/adoptabosque.org\/?s={search_term_string}"},"query-input":{"@type":"PropertyValueSpecification","valueRequired":true,"valueName":"search_term_string"}}],"inLanguage":"en-US"}]}},"_links":{"self":[{"href":"https:\/\/adoptabosque.org\/en\/wp-json\/wp\/v2\/pages\/2814","targetHints":{"allow":["GET"]}}],"collection":[{"href":"https:\/\/adoptabosque.org\/en\/wp-json\/wp\/v2\/pages"}],"about":[{"href":"https:\/\/adoptabosque.org\/en\/wp-json\/wp\/v2\/types\/page"}],"author":[{"embeddable":true,"href":"https:\/\/adoptabosque.org\/en\/wp-json\/wp\/v2\/users\/2"}],"replies":[{"embeddable":true,"href":"https:\/\/adoptabosque.org\/en\/wp-json\/wp\/v2\/comments?post=2814"}],"version-history":[{"count":54,"href":"https:\/\/adoptabosque.org\/en\/wp-json\/wp\/v2\/pages\/2814\/revisions"}],"predecessor-version":[{"id":2937,"href":"https:\/\/adoptabosque.org\/en\/wp-json\/wp\/v2\/pages\/2814\/revisions\/2937"}],"up":[{"embeddable":true,"href":"https:\/\/adoptabosque.org\/en\/wp-json\/wp\/v2\/pages\/952"}],"wp:featuredmedia":[{"embeddable":true,"href":"https:\/\/adoptabosque.org\/en\/wp-json\/wp\/v2\/media\/2754"}],"wp:attachment":[{"href":"https:\/\/adoptabosque.org\/en\/wp-json\/wp\/v2\/media?parent=2814"}],"curies":[{"name":"wp","href":"https:\/\/api.w.org\/{rel}","templated":true}]}}