{"id":2953,"date":"2022-09-22T13:05:22","date_gmt":"2022-09-22T13:05:22","guid":{"rendered":"https:\/\/adoptabosque.org\/?page_id=2953"},"modified":"2023-09-15T02:07:07","modified_gmt":"2023-09-15T02:07:07","slug":"sobre-rapaces","status":"publish","type":"page","link":"https:\/\/adoptabosque.org\/en\/sobre-rapaces\/","title":{"rendered":"About Raptors"},"content":{"rendered":"<div id=\"pl-2953\"  class=\"panel-layout\" ><div id=\"pg-2953-0\"  class=\"panel-grid panel-has-style\" ><div style=\"padding: 0px 0; \" data-overlay=\"true\" data-overlay-color=\"#000000\" class=\"panel-row-style panel-row-style-for-2953-0\" ><div id=\"pgc-2953-0-0\"  class=\"panel-grid-cell\" ><div id=\"panel-2953-0-0-0\" class=\"widget_text so-panel widget widget_custom_html panel-first-child\" data-index=\"0\" ><div style=\"text-align: left;\" id=\"Top-Blurb\" data-title-color=\"#443f3f\" data-headings-color=\"#000000\" class=\"widget_text panel-widget-style panel-widget-style-for-2953-0-0-0\" ><div class=\"textwidget custom-html-widget\"><p style=\"margin-bottom: 20px;\">\n\t\n<\/p><\/div><\/div><\/div><div id=\"panel-2953-0-0-1\" class=\"widget_text so-panel widget widget_custom_html panel-last-child\" data-index=\"1\" ><div style=\"text-align: left;\" id=\"Top-Blurb\" data-title-color=\"#443f3f\" data-headings-color=\"#000000\" class=\"widget_text panel-widget-style panel-widget-style-for-2953-0-0-1\" ><div class=\"textwidget custom-html-widget\"><img loading=\"lazy\" decoding=\"async\" src=\"https:\/\/adoptabosque.org\/wp-content\/uploads\/2023\/09\/RaptorEN-1.png\" alt=\"\" width=\"500\" height=\"500\" class=\"alignright size-full wp-image-5244\" srcset=\"https:\/\/adoptabosque.org\/wp-content\/uploads\/2023\/09\/RaptorEN-1.png 1578w, https:\/\/adoptabosque.org\/wp-content\/uploads\/2023\/09\/RaptorEN-1-300x300.png 300w, https:\/\/adoptabosque.org\/wp-content\/uploads\/2023\/09\/RaptorEN-1-100x100.png 100w, https:\/\/adoptabosque.org\/wp-content\/uploads\/2023\/09\/RaptorEN-1-600x600.png 600w, https:\/\/adoptabosque.org\/wp-content\/uploads\/2023\/09\/RaptorEN-1-1024x1024.png 1024w, https:\/\/adoptabosque.org\/wp-content\/uploads\/2023\/09\/RaptorEN-1-150x150.png 150w, https:\/\/adoptabosque.org\/wp-content\/uploads\/2023\/09\/RaptorEN-1-768x768.png 768w, https:\/\/adoptabosque.org\/wp-content\/uploads\/2023\/09\/RaptorEN-1-1536x1536.png 1536w, https:\/\/adoptabosque.org\/wp-content\/uploads\/2023\/09\/RaptorEN-1-12x12.png 12w, https:\/\/adoptabosque.org\/wp-content\/uploads\/2023\/09\/RaptorEN-1-830x830.png 830w, https:\/\/adoptabosque.org\/wp-content\/uploads\/2023\/09\/RaptorEN-1-230x230.png 230w, https:\/\/adoptabosque.org\/wp-content\/uploads\/2023\/09\/RaptorEN-1-350x350.png 350w, https:\/\/adoptabosque.org\/wp-content\/uploads\/2023\/09\/RaptorEN-1-480x480.png 480w\" sizes=\"auto, (max-width: 500px) 100vw, 500px\" \/><h3>\n\tWhat is a raptor?\n<\/h3>\n<p style=\"margin-bottom: 20px;\">\n\tAlso known as birds of prey, raptors are a group of birds including hawks, falcons, vultures, owls, and more. In addition to being carnivores (only eating meat), they have three other traits which distinguish them form other birds:\n<\/p>\n<h3>\nWhy are they important?\n<\/h3>\n<p>\nComo depredadores, las aves rapaces brindan importantes servicios ecosist\u00e9micos. Los depredadores activos, como los gavilanes o los b\u00fahos, ayudan a controlar las plagas al comer roedores, mientras que los carro\u00f1eros, como los gallinazos, \u00a1eliminan las enfermedades del medio ambiente!\n<\/p>\n<p>\nAdditionally, predators such as birds of prey are important indicator species. Because they depend on healthy populations of their prey, declines in raptor numbers also often signal declines in other, less noticeable species.<\/p>\n<\/div><\/div><\/div><\/div><\/div><\/div><div id=\"pg-2953-1\"  class=\"panel-grid panel-has-style\" ><div style=\"padding: 0px 0; \" data-overlay=\"true\" data-overlay-color=\"#000000\" class=\"panel-row-style panel-row-style-for-2953-1\" ><div id=\"pgc-2953-1-0\"  class=\"panel-grid-cell\" ><div id=\"panel-2953-1-0-0\" class=\"so-panel widget widget_siteorigin-panels-builder panel-first-child panel-last-child\" data-index=\"2\" ><div style=\"text-align: left;\" data-title-color=\"#443f3f\" data-headings-color=\"#443f3f\" class=\"panel-widget-style panel-widget-style-for-2953-1-0-0\" ><div id=\"pl-w632dc34312d96\"  class=\"panel-layout\" ><div id=\"pg-w632dc34312d96-0\"  class=\"panel-grid panel-has-style\" ><div style=\"padding: 0px 0; \" data-overlay=\"true\" data-overlay-color=\"#000000\" class=\"panel-row-style panel-row-style-for-w632dc34312d96-0\" ><div id=\"pgc-w632dc34312d96-0-0\"  class=\"panel-grid-cell\" ><div class=\"contain panel-cell-style panel-cell-style-for-w632dc34312d96-0-0\" ><div id=\"panel-w632dc34312d96-0-0-0\" class=\"widget_text so-panel widget widget_custom_html panel-first-child\" data-index=\"0\" ><div style=\"text-align: left;\" data-title-color=\"#443f3f\" data-headings-color=\"#443f3f\" class=\"widget_text panel-widget-style panel-widget-style-for-w632dc34312d96-0-0-0\" ><div class=\"textwidget custom-html-widget\"><img loading=\"lazy\" decoding=\"async\" class=\"alignleft size-full wp-image-3053\" src=\"https:\/\/adoptabosque.org\/wp-content\/uploads\/2022\/09\/BWHA-Lyn-Ryan.jpeg\" alt=\"\" width=\"400\" height=\"500\" srcset=\"https:\/\/adoptabosque.org\/wp-content\/uploads\/2022\/09\/BWHA-Lyn-Ryan.jpeg 1075w, https:\/\/adoptabosque.org\/wp-content\/uploads\/2022\/09\/BWHA-Lyn-Ryan-600x750.jpeg 600w, https:\/\/adoptabosque.org\/wp-content\/uploads\/2022\/09\/BWHA-Lyn-Ryan-240x300.jpeg 240w, https:\/\/adoptabosque.org\/wp-content\/uploads\/2022\/09\/BWHA-Lyn-Ryan-820x1024.jpeg 820w, https:\/\/adoptabosque.org\/wp-content\/uploads\/2022\/09\/BWHA-Lyn-Ryan-768x959.jpeg 768w, https:\/\/adoptabosque.org\/wp-content\/uploads\/2022\/09\/BWHA-Lyn-Ryan-10x12.jpeg 10w, https:\/\/adoptabosque.org\/wp-content\/uploads\/2022\/09\/BWHA-Lyn-Ryan-830x1037.jpeg 830w, https:\/\/adoptabosque.org\/wp-content\/uploads\/2022\/09\/BWHA-Lyn-Ryan-230x287.jpeg 230w, https:\/\/adoptabosque.org\/wp-content\/uploads\/2022\/09\/BWHA-Lyn-Ryan-350x437.jpeg 350w, https:\/\/adoptabosque.org\/wp-content\/uploads\/2022\/09\/BWHA-Lyn-Ryan-480x600.jpeg 480w\" sizes=\"auto, (max-width: 400px) 100vw, 400px\" \/><\/div><\/div><\/div><div id=\"panel-w632dc34312d96-0-0-1\" class=\"widget_text so-panel widget widget_custom_html panel-last-child\" data-index=\"1\" ><div class=\"widget_text copyright panel-widget-style panel-widget-style-for-w632dc34312d96-0-0-1\" style=\"text-align: left;\" data-title-color=\"#443f3f\" data-headings-color=\"#443f3f\" ><div class=\"textwidget custom-html-widget\"><i class=\"fa fa-camera\"><\/i> Lyn Ryan<\/div><\/div><\/div><\/div><\/div><div id=\"pgc-w632dc34312d96-0-1\"  class=\"panel-grid-cell\" ><div id=\"panel-w632dc34312d96-0-1-0\" class=\"widget_text so-panel widget widget_custom_html panel-first-child panel-last-child\" data-index=\"2\" ><div style=\"text-align: left;\" data-title-color=\"#443f3f\" data-headings-color=\"#000000\" class=\"widget_text panel-widget-style panel-widget-style-for-w632dc34312d96-0-1-0\" ><div class=\"textwidget custom-html-widget\"><h3 style=\"margin-left: 30px; margin-top: 0px;\">\nWhat are the main threats to raptors?<\/h3><ul>\n\t<li><strong>Habitat loss\/degradation<\/strong> is the most important threat to the majority of animals in the world and raptors are no exception. As humans continue building over ecosystems, birds have less food and places for nesting available. Even remaining habitats may be degraded by the invasion of exotic species and the effects of climate change.<\/li>\n\t<li><strong>Poison<\/strong> can enter raptor's bodies in various ways. Lead can be ingested as fishing weights or bullets left in prey animals, while rodenticides can be ingested by both rodents and the birds which eat them.<\/li>\n\t<li><strong>Collisions<\/strong> with man-made objects such as windows, cars, wind turbines, planes, and electrical lines can be lethal for birds of prey.<\/li>\n\t<li><strong>Intentional hunting<\/strong> is not as common of a problem as other threats, but landowners in many countries have been known to trap, poison or shoot raptors they perceive as nuisances or dangers to livestock.<\/li>\n<\/ul><\/div><\/div><\/div><\/div><\/div><\/div><\/div><\/div><\/div><\/div><\/div><\/div><\/div>","protected":false},"excerpt":{"rendered":"<p>\u00bfQu\u00e9 es un ave de rapaz? Tambi\u00e9n conocido como aves de presa o aves de rapi\u00f1a, los aves rapaces son un grupo que contiene gavilanes, halcones, gallinazos, b\u00fahos y m\u00e1s. Adem\u00e1s de ser carn\u00edvoros (solo comen carne), tienen otras tres caracter\u00edsticas que, en combinaci\u00f3n, los distinguen de otras especies: \u00bfPor qu\u00e9 son importantes? Como depredadores, [&hellip;]<\/p>\n","protected":false},"author":2,"featured_media":2994,"parent":0,"menu_order":0,"comment_status":"closed","ping_status":"closed","template":"page-templates\/page_single-header-wide.php","meta":{"footnotes":""},"class_list":["post-2953","page","type-page","status-publish","has-post-thumbnail","hentry"],"yoast_head":"<!-- This site is optimized with the Yoast SEO Premium plugin v25.3.1 (Yoast SEO v27.4) - https:\/\/yoast.com\/product\/yoast-seo-premium-wordpress\/ -->\n<title>Sobre Aves Rapaces - ADOPTA<\/title>\n<meta name=\"robots\" content=\"index, follow, max-snippet:-1, max-image-preview:large, max-video-preview:-1\" \/>\n<link rel=\"canonical\" href=\"https:\/\/adoptabosque.org\/en\/sobre-rapaces\/\" \/>\n<meta property=\"og:locale\" content=\"en_US\" \/>\n<meta property=\"og:type\" content=\"article\" \/>\n<meta property=\"og:title\" content=\"Sobre Aves Rapaces\" \/>\n<meta property=\"og:description\" content=\"\u00bfQu\u00e9 es un ave de rapaz? Tambi\u00e9n conocido como aves de presa o aves de rapi\u00f1a, los aves rapaces son un grupo que contiene gavilanes, halcones, gallinazos, b\u00fahos y m\u00e1s. Adem\u00e1s de ser carn\u00edvoros (solo comen carne), tienen otras tres caracter\u00edsticas que, en combinaci\u00f3n, los distinguen de otras especies: \u00bfPor qu\u00e9 son importantes? Como depredadores, [&hellip;]\" \/>\n<meta property=\"og:url\" content=\"https:\/\/adoptabosque.org\/en\/sobre-rapaces\/\" \/>\n<meta property=\"og:site_name\" content=\"ADOPTA\" \/>\n<meta property=\"article:modified_time\" content=\"2023-09-15T02:07:07+00:00\" \/>\n<meta property=\"og:image\" content=\"https:\/\/adoptabosque.org\/wp-content\/uploads\/2022\/09\/6C275BDE-5047-4AA7-B161-5DF0999B3E88_1_100_o-scaled-e1663865070157.jpeg\" \/>\n\t<meta property=\"og:image:width\" content=\"1849\" \/>\n\t<meta property=\"og:image:height\" content=\"1388\" \/>\n\t<meta property=\"og:image:type\" content=\"image\/jpeg\" \/>\n<meta name=\"twitter:card\" content=\"summary_large_image\" \/>\n<meta name=\"twitter:label1\" content=\"Est. reading time\" \/>\n\t<meta name=\"twitter:data1\" content=\"2 minutes\" \/>\n<script type=\"application\/ld+json\" class=\"yoast-schema-graph\">{\"@context\":\"https:\\\/\\\/schema.org\",\"@graph\":[{\"@type\":\"WebPage\",\"@id\":\"https:\\\/\\\/adoptabosque.org\\\/sobre-rapaces\\\/\",\"url\":\"https:\\\/\\\/adoptabosque.org\\\/sobre-rapaces\\\/\",\"name\":\"Sobre Aves Rapaces - ADOPTA\",\"isPartOf\":{\"@id\":\"https:\\\/\\\/adoptabosque.org\\\/#website\"},\"primaryImageOfPage\":{\"@id\":\"https:\\\/\\\/adoptabosque.org\\\/sobre-rapaces\\\/#primaryimage\"},\"image\":{\"@id\":\"https:\\\/\\\/adoptabosque.org\\\/sobre-rapaces\\\/#primaryimage\"},\"thumbnailUrl\":\"https:\\\/\\\/adoptabosque.org\\\/wp-content\\\/uploads\\\/2022\\\/09\\\/6C275BDE-5047-4AA7-B161-5DF0999B3E88_1_100_o-scaled-e1663865070157.jpeg\",\"datePublished\":\"2022-09-22T13:05:22+00:00\",\"dateModified\":\"2023-09-15T02:07:07+00:00\",\"breadcrumb\":{\"@id\":\"https:\\\/\\\/adoptabosque.org\\\/sobre-rapaces\\\/#breadcrumb\"},\"inLanguage\":\"en-US\",\"potentialAction\":[{\"@type\":\"ReadAction\",\"target\":[\"https:\\\/\\\/adoptabosque.org\\\/sobre-rapaces\\\/\"]}]},{\"@type\":\"ImageObject\",\"inLanguage\":\"en-US\",\"@id\":\"https:\\\/\\\/adoptabosque.org\\\/sobre-rapaces\\\/#primaryimage\",\"url\":\"https:\\\/\\\/adoptabosque.org\\\/wp-content\\\/uploads\\\/2022\\\/09\\\/6C275BDE-5047-4AA7-B161-5DF0999B3E88_1_100_o-scaled-e1663865070157.jpeg\",\"contentUrl\":\"https:\\\/\\\/adoptabosque.org\\\/wp-content\\\/uploads\\\/2022\\\/09\\\/6C275BDE-5047-4AA7-B161-5DF0999B3E88_1_100_o-scaled-e1663865070157.jpeg\",\"width\":1849,\"height\":1388},{\"@type\":\"BreadcrumbList\",\"@id\":\"https:\\\/\\\/adoptabosque.org\\\/sobre-rapaces\\\/#breadcrumb\",\"itemListElement\":[{\"@type\":\"ListItem\",\"position\":1,\"name\":\"Home\",\"item\":\"https:\\\/\\\/adoptabosque.org\\\/\"},{\"@type\":\"ListItem\",\"position\":2,\"name\":\"Sobre Aves Rapaces\"}]},{\"@type\":\"WebSite\",\"@id\":\"https:\\\/\\\/adoptabosque.org\\\/#website\",\"url\":\"https:\\\/\\\/adoptabosque.org\\\/\",\"name\":\"ADOPTA\",\"description\":\"Bosque Panam\u00e1\",\"potentialAction\":[{\"@type\":\"SearchAction\",\"target\":{\"@type\":\"EntryPoint\",\"urlTemplate\":\"https:\\\/\\\/adoptabosque.org\\\/?s={search_term_string}\"},\"query-input\":{\"@type\":\"PropertyValueSpecification\",\"valueRequired\":true,\"valueName\":\"search_term_string\"}}],\"inLanguage\":\"en-US\"}]}<\/script>\n<!-- \/ Yoast SEO Premium plugin. -->","yoast_head_json":{"title":"Sobre Aves Rapaces - ADOPTA","robots":{"index":"index","follow":"follow","max-snippet":"max-snippet:-1","max-image-preview":"max-image-preview:large","max-video-preview":"max-video-preview:-1"},"canonical":"https:\/\/adoptabosque.org\/en\/sobre-rapaces\/","og_locale":"en_US","og_type":"article","og_title":"Sobre Aves Rapaces","og_description":"\u00bfQu\u00e9 es un ave de rapaz? Tambi\u00e9n conocido como aves de presa o aves de rapi\u00f1a, los aves rapaces son un grupo que contiene gavilanes, halcones, gallinazos, b\u00fahos y m\u00e1s. Adem\u00e1s de ser carn\u00edvoros (solo comen carne), tienen otras tres caracter\u00edsticas que, en combinaci\u00f3n, los distinguen de otras especies: \u00bfPor qu\u00e9 son importantes? Como depredadores, [&hellip;]","og_url":"https:\/\/adoptabosque.org\/en\/sobre-rapaces\/","og_site_name":"ADOPTA","article_modified_time":"2023-09-15T02:07:07+00:00","og_image":[{"width":1849,"height":1388,"url":"https:\/\/adoptabosque.org\/wp-content\/uploads\/2022\/09\/6C275BDE-5047-4AA7-B161-5DF0999B3E88_1_100_o-scaled-e1663865070157.jpeg","type":"image\/jpeg"}],"twitter_card":"summary_large_image","twitter_misc":{"Est. reading time":"2 minutes"},"schema":{"@context":"https:\/\/schema.org","@graph":[{"@type":"WebPage","@id":"https:\/\/adoptabosque.org\/sobre-rapaces\/","url":"https:\/\/adoptabosque.org\/sobre-rapaces\/","name":"Sobre Aves Rapaces - ADOPTA","isPartOf":{"@id":"https:\/\/adoptabosque.org\/#website"},"primaryImageOfPage":{"@id":"https:\/\/adoptabosque.org\/sobre-rapaces\/#primaryimage"},"image":{"@id":"https:\/\/adoptabosque.org\/sobre-rapaces\/#primaryimage"},"thumbnailUrl":"https:\/\/adoptabosque.org\/wp-content\/uploads\/2022\/09\/6C275BDE-5047-4AA7-B161-5DF0999B3E88_1_100_o-scaled-e1663865070157.jpeg","datePublished":"2022-09-22T13:05:22+00:00","dateModified":"2023-09-15T02:07:07+00:00","breadcrumb":{"@id":"https:\/\/adoptabosque.org\/sobre-rapaces\/#breadcrumb"},"inLanguage":"en-US","potentialAction":[{"@type":"ReadAction","target":["https:\/\/adoptabosque.org\/sobre-rapaces\/"]}]},{"@type":"ImageObject","inLanguage":"en-US","@id":"https:\/\/adoptabosque.org\/sobre-rapaces\/#primaryimage","url":"https:\/\/adoptabosque.org\/wp-content\/uploads\/2022\/09\/6C275BDE-5047-4AA7-B161-5DF0999B3E88_1_100_o-scaled-e1663865070157.jpeg","contentUrl":"https:\/\/adoptabosque.org\/wp-content\/uploads\/2022\/09\/6C275BDE-5047-4AA7-B161-5DF0999B3E88_1_100_o-scaled-e1663865070157.jpeg","width":1849,"height":1388},{"@type":"BreadcrumbList","@id":"https:\/\/adoptabosque.org\/sobre-rapaces\/#breadcrumb","itemListElement":[{"@type":"ListItem","position":1,"name":"Home","item":"https:\/\/adoptabosque.org\/"},{"@type":"ListItem","position":2,"name":"Sobre Aves Rapaces"}]},{"@type":"WebSite","@id":"https:\/\/adoptabosque.org\/#website","url":"https:\/\/adoptabosque.org\/","name":"ADOPTA","description":"Bosque Panam\u00e1","potentialAction":[{"@type":"SearchAction","target":{"@type":"EntryPoint","urlTemplate":"https:\/\/adoptabosque.org\/?s={search_term_string}"},"query-input":{"@type":"PropertyValueSpecification","valueRequired":true,"valueName":"search_term_string"}}],"inLanguage":"en-US"}]}},"_links":{"self":[{"href":"https:\/\/adoptabosque.org\/en\/wp-json\/wp\/v2\/pages\/2953","targetHints":{"allow":["GET"]}}],"collection":[{"href":"https:\/\/adoptabosque.org\/en\/wp-json\/wp\/v2\/pages"}],"about":[{"href":"https:\/\/adoptabosque.org\/en\/wp-json\/wp\/v2\/types\/page"}],"author":[{"embeddable":true,"href":"https:\/\/adoptabosque.org\/en\/wp-json\/wp\/v2\/users\/2"}],"replies":[{"embeddable":true,"href":"https:\/\/adoptabosque.org\/en\/wp-json\/wp\/v2\/comments?post=2953"}],"version-history":[{"count":61,"href":"https:\/\/adoptabosque.org\/en\/wp-json\/wp\/v2\/pages\/2953\/revisions"}],"predecessor-version":[{"id":2961,"href":"https:\/\/adoptabosque.org\/en\/wp-json\/wp\/v2\/pages\/2953\/revisions\/2961"}],"wp:featuredmedia":[{"embeddable":true,"href":"https:\/\/adoptabosque.org\/en\/wp-json\/wp\/v2\/media\/2994"}],"wp:attachment":[{"href":"https:\/\/adoptabosque.org\/en\/wp-json\/wp\/v2\/media?parent=2953"}],"curies":[{"name":"wp","href":"https:\/\/api.w.org\/{rel}","templated":true}]}}