{"id":3309,"date":"2022-09-24T18:26:49","date_gmt":"2022-09-24T18:26:49","guid":{"rendered":"https:\/\/adoptabosque.org\/?page_id=3309"},"modified":"2022-11-05T19:05:22","modified_gmt":"2022-11-05T19:05:22","slug":"nuestro-enfoque","status":"publish","type":"page","link":"https:\/\/adoptabosque.org\/en\/nuestro-enfoque\/","title":{"rendered":"Our Approach"},"content":{"rendered":"<div id=\"pl-3309\"  class=\"panel-layout\" ><div id=\"pg-3309-0\"  class=\"panel-grid panel-has-style\" ><div class=\"mob-pad-0 panel-row-style panel-row-style-for-3309-0\" style=\"padding: 25px 0; \" data-overlay=\"true\" data-overlay-color=\"#000000\" ><div id=\"pgc-3309-0-0\"  class=\"panel-grid-cell\" ><div id=\"panel-3309-0-0-0\" class=\"widget_text so-panel widget widget_custom_html panel-first-child panel-last-child\" data-index=\"0\" ><div style=\"text-align: left;\" data-title-color=\"#443f3f\" data-headings-color=\"#000000\" class=\"widget_text panel-widget-style panel-widget-style-for-3309-0-0-0\" ><div class=\"textwidget custom-html-widget\"><h2>\n\tOur Approach\n<\/h2>\n<p>\n\tPanama is such a diverse country that any single approach to conservation would be hopelessly inadequate!\n<\/p>\n<p>\nThis may seem obvious from an environmental perspective \u2013 birds are very different from salamanders, for example, and will require different approaches to their conservation \u2013 but Panama\u2019s diverse human communities are also a significant factor. If local communities are not invested in nature, protection efforts are likely to fail long-term.<\/p>\n<p>\nTo balance these different needs and save Panama\u2019s unique biodiversity in the long-term, we utilize a four-pronged approach:\n<\/p><\/div><\/div><\/div><\/div><\/div><\/div><div id=\"pg-3309-1\"  class=\"panel-grid panel-has-style\" ><div style=\"padding: 0px 0; \" data-overlay=\"true\" data-overlay-color=\"#000000\" class=\"panel-row-style panel-row-style-for-3309-1\" ><div id=\"pgc-3309-1-0\"  class=\"panel-grid-cell\" ><div id=\"panel-3309-1-0-0\" class=\"widget_text so-panel widget widget_custom_html panel-first-child panel-last-child\" data-index=\"1\" ><div class=\"widget_text ApproachBox panel-widget-style panel-widget-style-for-3309-1-0-0\" style=\"text-align: center;\" data-title-color=\"#443f3f\" data-headings-color=\"#ffffff\" ><div class=\"textwidget custom-html-widget\"><img loading=\"lazy\" decoding=\"async\" src=\"https:\/\/adoptabosque.org\/wp-content\/uploads\/2022\/09\/Chucanti-Sign-3-scaled-e1664045116712.jpg\" alt=\"\" width=\"1977\" height=\"1483\" class=\"alignleft size-full wp-image-3340\" srcset=\"https:\/\/adoptabosque.org\/wp-content\/uploads\/2022\/09\/Chucanti-Sign-3-scaled-e1664045116712.jpg 1977w, https:\/\/adoptabosque.org\/wp-content\/uploads\/2022\/09\/Chucanti-Sign-3-scaled-e1664045116712-600x450.jpg 600w, https:\/\/adoptabosque.org\/wp-content\/uploads\/2022\/09\/Chucanti-Sign-3-scaled-e1664045116712-300x225.jpg 300w, https:\/\/adoptabosque.org\/wp-content\/uploads\/2022\/09\/Chucanti-Sign-3-scaled-e1664045116712-1024x768.jpg 1024w, https:\/\/adoptabosque.org\/wp-content\/uploads\/2022\/09\/Chucanti-Sign-3-scaled-e1664045116712-768x576.jpg 768w, https:\/\/adoptabosque.org\/wp-content\/uploads\/2022\/09\/Chucanti-Sign-3-scaled-e1664045116712-1536x1152.jpg 1536w, https:\/\/adoptabosque.org\/wp-content\/uploads\/2022\/09\/Chucanti-Sign-3-scaled-e1664045116712-16x12.jpg 16w, https:\/\/adoptabosque.org\/wp-content\/uploads\/2022\/09\/Chucanti-Sign-3-scaled-e1664045116712-830x623.jpg 830w, https:\/\/adoptabosque.org\/wp-content\/uploads\/2022\/09\/Chucanti-Sign-3-scaled-e1664045116712-230x173.jpg 230w, https:\/\/adoptabosque.org\/wp-content\/uploads\/2022\/09\/Chucanti-Sign-3-scaled-e1664045116712-350x263.jpg 350w, https:\/\/adoptabosque.org\/wp-content\/uploads\/2022\/09\/Chucanti-Sign-3-scaled-e1664045116712-480x360.jpg 480w\" sizes=\"auto, (max-width: 1977px) 100vw, 1977px\" \/>\n<div class=\"ApproachName\">\n<h3>\n\tProtection\n<\/h3>\n<\/div><\/div><\/div><\/div><\/div><div id=\"pgc-3309-1-1\"  class=\"panel-grid-cell\" ><div id=\"panel-3309-1-1-0\" class=\"widget_text so-panel widget widget_custom_html panel-first-child panel-last-child\" data-index=\"2\" ><div class=\"widget_text ApproachBox panel-widget-style panel-widget-style-for-3309-1-1-0\" style=\"text-align: center;\" data-title-color=\"#443f3f\" data-headings-color=\"#ffffff\" ><div class=\"textwidget custom-html-widget\"><img loading=\"lazy\" decoding=\"async\" src=\"https:\/\/adoptabosque.org\/wp-content\/uploads\/2022\/09\/DSC_0003-scaled-e1664045333154.jpeg\" alt=\"\" width=\"2278\" height=\"1707\" class=\"alignleft size-full wp-image-3341\" srcset=\"https:\/\/adoptabosque.org\/wp-content\/uploads\/2022\/09\/DSC_0003-scaled-e1664045333154.jpeg 2278w, https:\/\/adoptabosque.org\/wp-content\/uploads\/2022\/09\/DSC_0003-scaled-e1664045333154-600x450.jpeg 600w, https:\/\/adoptabosque.org\/wp-content\/uploads\/2022\/09\/DSC_0003-scaled-e1664045333154-300x225.jpeg 300w, https:\/\/adoptabosque.org\/wp-content\/uploads\/2022\/09\/DSC_0003-scaled-e1664045333154-1024x767.jpeg 1024w, https:\/\/adoptabosque.org\/wp-content\/uploads\/2022\/09\/DSC_0003-scaled-e1664045333154-768x575.jpeg 768w, https:\/\/adoptabosque.org\/wp-content\/uploads\/2022\/09\/DSC_0003-scaled-e1664045333154-1536x1151.jpeg 1536w, https:\/\/adoptabosque.org\/wp-content\/uploads\/2022\/09\/DSC_0003-scaled-e1664045333154-2048x1535.jpeg 2048w, https:\/\/adoptabosque.org\/wp-content\/uploads\/2022\/09\/DSC_0003-scaled-e1664045333154-16x12.jpeg 16w, https:\/\/adoptabosque.org\/wp-content\/uploads\/2022\/09\/DSC_0003-scaled-e1664045333154-830x622.jpeg 830w, https:\/\/adoptabosque.org\/wp-content\/uploads\/2022\/09\/DSC_0003-scaled-e1664045333154-230x172.jpeg 230w, https:\/\/adoptabosque.org\/wp-content\/uploads\/2022\/09\/DSC_0003-scaled-e1664045333154-350x262.jpeg 350w, https:\/\/adoptabosque.org\/wp-content\/uploads\/2022\/09\/DSC_0003-scaled-e1664045333154-480x360.jpeg 480w\" sizes=\"auto, (max-width: 2278px) 100vw, 2278px\" \/>\n<div class=\"ApproachName\">\n<h3>\n\tResearch\n<\/h3>\n<\/div><\/div><\/div><\/div><\/div><div id=\"pgc-3309-1-2\"  class=\"panel-grid-cell\" ><div id=\"panel-3309-1-2-0\" class=\"widget_text so-panel widget widget_custom_html panel-first-child panel-last-child\" data-index=\"3\" ><div class=\"widget_text ApproachBox panel-widget-style panel-widget-style-for-3309-1-2-0\" style=\"text-align: center;\" data-title-color=\"#443f3f\" data-headings-color=\"#ffffff\" ><div class=\"textwidget custom-html-widget\"><img loading=\"lazy\" decoding=\"async\" class=\"alignleft size-full wp-image-3331\" src=\"https:\/\/adoptabosque.org\/wp-content\/uploads\/2022\/09\/Reading-scaled-e1664044833282.jpg\" alt=\"\" width=\"1907\" height=\"1426\" srcset=\"https:\/\/adoptabosque.org\/wp-content\/uploads\/2022\/09\/Reading-scaled-e1664044833282.jpg 1907w, https:\/\/adoptabosque.org\/wp-content\/uploads\/2022\/09\/Reading-scaled-e1664044833282-600x449.jpg 600w, https:\/\/adoptabosque.org\/wp-content\/uploads\/2022\/09\/Reading-scaled-e1664044833282-300x224.jpg 300w, https:\/\/adoptabosque.org\/wp-content\/uploads\/2022\/09\/Reading-scaled-e1664044833282-1024x766.jpg 1024w, https:\/\/adoptabosque.org\/wp-content\/uploads\/2022\/09\/Reading-scaled-e1664044833282-768x574.jpg 768w, https:\/\/adoptabosque.org\/wp-content\/uploads\/2022\/09\/Reading-scaled-e1664044833282-1536x1149.jpg 1536w, https:\/\/adoptabosque.org\/wp-content\/uploads\/2022\/09\/Reading-scaled-e1664044833282-16x12.jpg 16w, https:\/\/adoptabosque.org\/wp-content\/uploads\/2022\/09\/Reading-scaled-e1664044833282-830x621.jpg 830w, https:\/\/adoptabosque.org\/wp-content\/uploads\/2022\/09\/Reading-scaled-e1664044833282-230x172.jpg 230w, https:\/\/adoptabosque.org\/wp-content\/uploads\/2022\/09\/Reading-scaled-e1664044833282-350x262.jpg 350w, https:\/\/adoptabosque.org\/wp-content\/uploads\/2022\/09\/Reading-scaled-e1664044833282-480x359.jpg 480w\" sizes=\"auto, (max-width: 1907px) 100vw, 1907px\" \/>\n<div class=\"ApproachName\">\n<h3>\n\tEducation\n<\/h3>\n<\/div><\/div><\/div><\/div><\/div><div id=\"pgc-3309-1-3\"  class=\"panel-grid-cell\" ><div id=\"panel-3309-1-3-0\" class=\"widget_text so-panel widget widget_custom_html panel-first-child panel-last-child\" data-index=\"4\" ><div class=\"widget_text ApproachBox panel-widget-style panel-widget-style-for-3309-1-3-0\" style=\"text-align: center;\" data-title-color=\"#443f3f\" data-headings-color=\"#ffffff\" ><div class=\"textwidget custom-html-widget\"><img loading=\"lazy\" decoding=\"async\" src=\"https:\/\/adoptabosque.org\/wp-content\/uploads\/2022\/09\/WhatsApp-Image-2022-09-23-at-1.39.15-PM-1-e1664045406152.jpeg\" alt=\"\" width=\"1424\" height=\"1068\" class=\"alignleft size-full wp-image-3285\" srcset=\"https:\/\/adoptabosque.org\/wp-content\/uploads\/2022\/09\/WhatsApp-Image-2022-09-23-at-1.39.15-PM-1-e1664045406152.jpeg 1424w, https:\/\/adoptabosque.org\/wp-content\/uploads\/2022\/09\/WhatsApp-Image-2022-09-23-at-1.39.15-PM-1-e1664045406152-600x450.jpeg 600w, https:\/\/adoptabosque.org\/wp-content\/uploads\/2022\/09\/WhatsApp-Image-2022-09-23-at-1.39.15-PM-1-e1664045406152-300x225.jpeg 300w, https:\/\/adoptabosque.org\/wp-content\/uploads\/2022\/09\/WhatsApp-Image-2022-09-23-at-1.39.15-PM-1-e1664045406152-1024x768.jpeg 1024w, https:\/\/adoptabosque.org\/wp-content\/uploads\/2022\/09\/WhatsApp-Image-2022-09-23-at-1.39.15-PM-1-e1664045406152-768x576.jpeg 768w, https:\/\/adoptabosque.org\/wp-content\/uploads\/2022\/09\/WhatsApp-Image-2022-09-23-at-1.39.15-PM-1-e1664045406152-16x12.jpeg 16w, https:\/\/adoptabosque.org\/wp-content\/uploads\/2022\/09\/WhatsApp-Image-2022-09-23-at-1.39.15-PM-1-e1664045406152-830x623.jpeg 830w, https:\/\/adoptabosque.org\/wp-content\/uploads\/2022\/09\/WhatsApp-Image-2022-09-23-at-1.39.15-PM-1-e1664045406152-230x173.jpeg 230w, https:\/\/adoptabosque.org\/wp-content\/uploads\/2022\/09\/WhatsApp-Image-2022-09-23-at-1.39.15-PM-1-e1664045406152-350x263.jpeg 350w, https:\/\/adoptabosque.org\/wp-content\/uploads\/2022\/09\/WhatsApp-Image-2022-09-23-at-1.39.15-PM-1-e1664045406152-480x360.jpeg 480w\" sizes=\"auto, (max-width: 1424px) 100vw, 1424px\" \/>\n<div class=\"ApproachName\">\n<h3>\n\tOutreach\n<\/h3>\n<\/div><\/div><\/div><\/div><\/div><\/div><\/div><\/div>","protected":false},"excerpt":{"rendered":"<p>Nuestro Enfoque \u00a1Panam\u00e1 es un pa\u00eds tan diverso que cualquier enfoque \u00fanico para la conservaci\u00f3n ser\u00eda irremediablemente inadecuado! Esto puede parecer obvio desde una perspectiva ambiental: las aves son muy diferentes de las salamandras, por ejemplo, y requerir\u00e1n diferentes enfoques para su conservaci\u00f3n, pero las diversas comunidades humanas de Panam\u00e1 tambi\u00e9n son un factor importante. [&hellip;]<\/p>\n","protected":false},"author":2,"featured_media":0,"parent":0,"menu_order":0,"comment_status":"closed","ping_status":"closed","template":"page-templates\/page_no-header-wide.php","meta":{"footnotes":""},"class_list":["post-3309","page","type-page","status-publish","hentry"],"yoast_head":"<!-- This site is optimized with the Yoast SEO Premium plugin v25.3.1 (Yoast SEO v27.3) - https:\/\/yoast.com\/product\/yoast-seo-premium-wordpress\/ -->\n<title>Nuestro Enfoque - ADOPTA<\/title>\n<meta name=\"robots\" content=\"index, follow, max-snippet:-1, max-image-preview:large, max-video-preview:-1\" \/>\n<link rel=\"canonical\" href=\"https:\/\/adoptabosque.org\/en\/nuestro-enfoque\/\" \/>\n<meta property=\"og:locale\" content=\"en_US\" \/>\n<meta property=\"og:type\" content=\"article\" \/>\n<meta property=\"og:title\" content=\"Nuestro Enfoque\" \/>\n<meta property=\"og:description\" content=\"Nuestro Enfoque \u00a1Panam\u00e1 es un pa\u00eds tan diverso que cualquier enfoque \u00fanico para la conservaci\u00f3n ser\u00eda irremediablemente inadecuado! Esto puede parecer obvio desde una perspectiva ambiental: las aves son muy diferentes de las salamandras, por ejemplo, y requerir\u00e1n diferentes enfoques para su conservaci\u00f3n, pero las diversas comunidades humanas de Panam\u00e1 tambi\u00e9n son un factor importante. [&hellip;]\" \/>\n<meta property=\"og:url\" content=\"https:\/\/adoptabosque.org\/en\/nuestro-enfoque\/\" \/>\n<meta property=\"og:site_name\" content=\"ADOPTA\" \/>\n<meta property=\"article:modified_time\" content=\"2022-11-05T19:05:22+00:00\" \/>\n<meta name=\"twitter:card\" content=\"summary_large_image\" \/>\n<meta name=\"twitter:label1\" content=\"Est. reading time\" \/>\n\t<meta name=\"twitter:data1\" content=\"1 minute\" \/>\n<script type=\"application\/ld+json\" class=\"yoast-schema-graph\">{\"@context\":\"https:\\\/\\\/schema.org\",\"@graph\":[{\"@type\":\"WebPage\",\"@id\":\"https:\\\/\\\/adoptabosque.org\\\/nuestro-enfoque\\\/\",\"url\":\"https:\\\/\\\/adoptabosque.org\\\/nuestro-enfoque\\\/\",\"name\":\"Nuestro Enfoque - ADOPTA\",\"isPartOf\":{\"@id\":\"https:\\\/\\\/adoptabosque.org\\\/#website\"},\"datePublished\":\"2022-09-24T18:26:49+00:00\",\"dateModified\":\"2022-11-05T19:05:22+00:00\",\"breadcrumb\":{\"@id\":\"https:\\\/\\\/adoptabosque.org\\\/nuestro-enfoque\\\/#breadcrumb\"},\"inLanguage\":\"en-US\",\"potentialAction\":[{\"@type\":\"ReadAction\",\"target\":[\"https:\\\/\\\/adoptabosque.org\\\/nuestro-enfoque\\\/\"]}]},{\"@type\":\"BreadcrumbList\",\"@id\":\"https:\\\/\\\/adoptabosque.org\\\/nuestro-enfoque\\\/#breadcrumb\",\"itemListElement\":[{\"@type\":\"ListItem\",\"position\":1,\"name\":\"Home\",\"item\":\"https:\\\/\\\/adoptabosque.org\\\/\"},{\"@type\":\"ListItem\",\"position\":2,\"name\":\"Nuestro Enfoque\"}]},{\"@type\":\"WebSite\",\"@id\":\"https:\\\/\\\/adoptabosque.org\\\/#website\",\"url\":\"https:\\\/\\\/adoptabosque.org\\\/\",\"name\":\"ADOPTA\",\"description\":\"Bosque Panam\u00e1\",\"potentialAction\":[{\"@type\":\"SearchAction\",\"target\":{\"@type\":\"EntryPoint\",\"urlTemplate\":\"https:\\\/\\\/adoptabosque.org\\\/?s={search_term_string}\"},\"query-input\":{\"@type\":\"PropertyValueSpecification\",\"valueRequired\":true,\"valueName\":\"search_term_string\"}}],\"inLanguage\":\"en-US\"}]}<\/script>\n<!-- \/ Yoast SEO Premium plugin. -->","yoast_head_json":{"title":"Nuestro Enfoque - ADOPTA","robots":{"index":"index","follow":"follow","max-snippet":"max-snippet:-1","max-image-preview":"max-image-preview:large","max-video-preview":"max-video-preview:-1"},"canonical":"https:\/\/adoptabosque.org\/en\/nuestro-enfoque\/","og_locale":"en_US","og_type":"article","og_title":"Nuestro Enfoque","og_description":"Nuestro Enfoque \u00a1Panam\u00e1 es un pa\u00eds tan diverso que cualquier enfoque \u00fanico para la conservaci\u00f3n ser\u00eda irremediablemente inadecuado! Esto puede parecer obvio desde una perspectiva ambiental: las aves son muy diferentes de las salamandras, por ejemplo, y requerir\u00e1n diferentes enfoques para su conservaci\u00f3n, pero las diversas comunidades humanas de Panam\u00e1 tambi\u00e9n son un factor importante. [&hellip;]","og_url":"https:\/\/adoptabosque.org\/en\/nuestro-enfoque\/","og_site_name":"ADOPTA","article_modified_time":"2022-11-05T19:05:22+00:00","twitter_card":"summary_large_image","twitter_misc":{"Est. reading time":"1 minute"},"schema":{"@context":"https:\/\/schema.org","@graph":[{"@type":"WebPage","@id":"https:\/\/adoptabosque.org\/nuestro-enfoque\/","url":"https:\/\/adoptabosque.org\/nuestro-enfoque\/","name":"Nuestro Enfoque - ADOPTA","isPartOf":{"@id":"https:\/\/adoptabosque.org\/#website"},"datePublished":"2022-09-24T18:26:49+00:00","dateModified":"2022-11-05T19:05:22+00:00","breadcrumb":{"@id":"https:\/\/adoptabosque.org\/nuestro-enfoque\/#breadcrumb"},"inLanguage":"en-US","potentialAction":[{"@type":"ReadAction","target":["https:\/\/adoptabosque.org\/nuestro-enfoque\/"]}]},{"@type":"BreadcrumbList","@id":"https:\/\/adoptabosque.org\/nuestro-enfoque\/#breadcrumb","itemListElement":[{"@type":"ListItem","position":1,"name":"Home","item":"https:\/\/adoptabosque.org\/"},{"@type":"ListItem","position":2,"name":"Nuestro Enfoque"}]},{"@type":"WebSite","@id":"https:\/\/adoptabosque.org\/#website","url":"https:\/\/adoptabosque.org\/","name":"ADOPTA","description":"Bosque Panam\u00e1","potentialAction":[{"@type":"SearchAction","target":{"@type":"EntryPoint","urlTemplate":"https:\/\/adoptabosque.org\/?s={search_term_string}"},"query-input":{"@type":"PropertyValueSpecification","valueRequired":true,"valueName":"search_term_string"}}],"inLanguage":"en-US"}]}},"_links":{"self":[{"href":"https:\/\/adoptabosque.org\/en\/wp-json\/wp\/v2\/pages\/3309","targetHints":{"allow":["GET"]}}],"collection":[{"href":"https:\/\/adoptabosque.org\/en\/wp-json\/wp\/v2\/pages"}],"about":[{"href":"https:\/\/adoptabosque.org\/en\/wp-json\/wp\/v2\/types\/page"}],"author":[{"embeddable":true,"href":"https:\/\/adoptabosque.org\/en\/wp-json\/wp\/v2\/users\/2"}],"replies":[{"embeddable":true,"href":"https:\/\/adoptabosque.org\/en\/wp-json\/wp\/v2\/comments?post=3309"}],"version-history":[{"count":20,"href":"https:\/\/adoptabosque.org\/en\/wp-json\/wp\/v2\/pages\/3309\/revisions"}],"predecessor-version":[{"id":3781,"href":"https:\/\/adoptabosque.org\/en\/wp-json\/wp\/v2\/pages\/3309\/revisions\/3781"}],"wp:attachment":[{"href":"https:\/\/adoptabosque.org\/en\/wp-json\/wp\/v2\/media?parent=3309"}],"curies":[{"name":"wp","href":"https:\/\/api.w.org\/{rel}","templated":true}]}}