{"id":3461,"date":"2022-09-25T19:36:50","date_gmt":"2022-09-25T19:36:50","guid":{"rendered":"https:\/\/adoptabosque.org\/?page_id=3461"},"modified":"2022-10-05T20:46:43","modified_gmt":"2022-10-05T20:46:43","slug":"syscia-austrella","status":"publish","type":"page","link":"https:\/\/adoptabosque.org\/en\/chucanti\/new-species\/syscia-austrella\/","title":{"rendered":"Syscia austrella"},"content":{"rendered":"<div id=\"pl-3461\"  class=\"panel-layout\" ><div id=\"pg-3461-0\"  class=\"panel-grid panel-has-style\" ><div class=\"siteorigin-panels-stretch mob-pad-0 panel-row-style panel-row-style-for-3461-0\" style=\"padding: 50px 0; \" data-stretch-type=\"full-stretched-padded\" data-overlay=\"true\" data-overlay-color=\"#000000\" ><div id=\"pgc-3461-0-0\"  class=\"panel-grid-cell\" ><div class=\"panel-cell-style panel-cell-style-for-3461-0-0\" ><div id=\"panel-3461-0-0-0\" class=\"widget_text so-panel widget widget_custom_html panel-first-child\" data-index=\"0\" ><div style=\"text-align: left;\" id=\"MobOnly\" data-title-color=\"#443f3f\" data-headings-color=\"#7aac47\" class=\"widget_text panel-widget-style panel-widget-style-for-3461-0-0-0\" ><div class=\"textwidget custom-html-widget\"><h4 style=\"margin-bottom: 0px;\">\n\tOther Species\n<\/h4><\/div><\/div><\/div><div id=\"panel-3461-0-0-1\" class=\"widget_text so-panel widget widget_custom_html panel-last-child\" data-index=\"1\" ><div style=\"text-align: left;\" data-title-color=\"#443f3f\" data-headings-color=\"#443f3f\" class=\"widget_text panel-widget-style panel-widget-style-for-3461-0-0-1\" ><div class=\"textwidget custom-html-widget\"><div class=\"Species-Menu\" style=\"margin-top: -50px;\">\n \u00a0<a href=\"https:\/\/adoptabosque.org\/en\/chucanti\/new-species\/ssebastiani\/\"><em>Strophaeus sebastiani<\/em><\/a>\n\t<a href=\"https:\/\/adoptabosque.org\/en\/chucanti\/new-species\/tessaropa-elizabeth\/\"><em>Tessaropa elizabeth<\/em><\/a>\n  <a href=\"https:\/\/adoptabosque.org\/en\/chucanti\/new-species\/anelaphus-cordiforme\/\"><em>Anelaphus cordiforme<\/em><\/a>\n\t<a href=\"https:\/\/adoptabosque.org\/en\/chucanti\/new-species\/epropetes-tristis\/\"><em>Epropetes tristis<\/em><\/a>\n\t<a href=\"https:\/\/adoptabosque.org\/en\/chucanti\/new-species\/bolitoglossa-chucantiensis\/\"><strong>Chucant\u00ed Salamander<\/strong><br><em>Bolitoglossa chucantiensis<\/em><\/a>\n\t<a href=\"https:\/\/adoptabosque.org\/en\/chucanti\/new-species\/diasporus-majeensis\/\"><strong>Chucant\u00ed Tink Frog<\/strong><br><em>Diasporus majeensis<\/em><\/a>\n\t<a href=\"https:\/\/adoptabosque.org\/en\/chucanti\/new-species\/tantilla-berguidoi\/\"><strong>Chucant\u00ed Centipede Snake<\/strong><br><em>Tantilla berguidoi<\/em><\/a>\n\t<a href=\"https:\/\/adoptabosque.org\/en\/chucanti\/new-species\/anthurium-annularum\/\"><em>Anthurium annularum<\/em><\/a>\n\t<a href=\"https:\/\/adoptabosque.org\/en\/chucanti\/new-species\/anthurium-chucantiense\/\"><em>Anthurium chucantiense<\/em><\/a>\n\t<a href=\"https:\/\/adoptabosque.org\/en\/chucanti\/new-species\/heliconia-berguidoi\/\"><em>Heliconia berguidoi<\/em><\/a>\n\t<a href=\"https:\/\/adoptabosque.org\/en\/chucanti\/new-species\/photinus-interdius\/\"><em>Photinus interdius<\/em><\/a>\n\t<a href=\"https:\/\/adoptabosque.org\/en\/chucanti\/new-species\/quindina-kuna\/\"><em>Quindina kuna<\/em><\/a>\n\t<a href=\"https:\/\/adoptabosque.org\/en\/chucanti\/new-species\/notopleura-sallydavidsoniae\/\"><em>Notopleura sallydavidsoniae<\/em><\/a>\n\t<a href=\"https:\/\/adoptabosque.org\/en\/chucanti\/new-species\/dieffenbachia-mortoniana\/\"><em>Diffenbachia mortoniana<\/em><\/a>\n\t<a href=\"https:\/\/adoptabosque.org\/en\/chucanti\/new-species\/neaporia-chucanti\/\"><em>Neaporia chucanti<\/em><\/a>\n\t<a href=\"https:\/\/adoptabosque.org\/en\/chucanti\/new-species\/syscia-austrella\/\" class=\"active\"><em>Syscia austrella<\/em><\/a>\n\t<a href=\"https:\/\/adoptabosque.org\/en\/chucanti\/new-species\/pristimantis-gretathunbergae\/\"><strong>Greta Thunberg\u2019s Rainfrog<\/strong><br><em>Pristimantis gretathunbergae<\/em><\/a>\n\t<a href=\"https:\/\/adoptabosque.org\/en\/chucanti\/new-species\/anthurium-berguidoi\/\"><em>Anthurium berguidoi<\/em><\/a>\n<\/div><\/div><\/div><\/div><\/div><\/div><div id=\"pgc-3461-0-1\"  class=\"panel-grid-cell\" ><div class=\"panel-cell-style panel-cell-style-for-3461-0-1\" ><div id=\"panel-3461-0-1-0\" class=\"widget_text so-panel widget widget_custom_html panel-first-child\" data-index=\"2\" ><div style=\"text-align: left;\" id=\"NotMob\" data-title-color=\"#443f3f\" data-headings-color=\"#000000\" class=\"widget_text panel-widget-style panel-widget-style-for-3461-0-1-0\" ><div class=\"textwidget custom-html-widget\"><div class=\"Species-image-contain\"><img loading=\"lazy\" decoding=\"async\" class=\"alignleft size-full wp-image-3471\" src=\"https:\/\/adoptabosque.org\/wp-content\/uploads\/2022\/09\/S.austrella-e1664135098577.jpeg\" alt=\"\" width=\"400\" height=\"300\" srcset=\"https:\/\/adoptabosque.org\/wp-content\/uploads\/2022\/09\/S.austrella-e1664135098577.jpeg 976w, https:\/\/adoptabosque.org\/wp-content\/uploads\/2022\/09\/S.austrella-e1664135098577-600x451.jpeg 600w, https:\/\/adoptabosque.org\/wp-content\/uploads\/2022\/09\/S.austrella-e1664135098577-300x225.jpeg 300w, https:\/\/adoptabosque.org\/wp-content\/uploads\/2022\/09\/S.austrella-e1664135098577-768x577.jpeg 768w, https:\/\/adoptabosque.org\/wp-content\/uploads\/2022\/09\/S.austrella-e1664135098577-16x12.jpeg 16w, https:\/\/adoptabosque.org\/wp-content\/uploads\/2022\/09\/S.austrella-e1664135098577-830x623.jpeg 830w, https:\/\/adoptabosque.org\/wp-content\/uploads\/2022\/09\/S.austrella-e1664135098577-230x173.jpeg 230w, https:\/\/adoptabosque.org\/wp-content\/uploads\/2022\/09\/S.austrella-e1664135098577-350x263.jpeg 350w, https:\/\/adoptabosque.org\/wp-content\/uploads\/2022\/09\/S.austrella-e1664135098577-480x360.jpeg 480w\" sizes=\"auto, (max-width: 400px) 100vw, 400px\" \/><div class=\"Species-copyright-DarkBG\">\n\t\t<i class=\"fa fa-camera\"><\/i> J. Longino\n\t\t<\/div>\n\t<\/div>\n<h2 class=\"Species-Name\">\n\t<em>Syscia austrella<\/em>\n<\/h2><\/div><\/div><\/div><div id=\"panel-3461-0-1-1\" class=\"widget_text so-panel widget widget_custom_html\" data-index=\"3\" ><div style=\"text-align: center;\" id=\"MobOnly\" data-title-color=\"#443f3f\" data-headings-color=\"#000000\" class=\"widget_text panel-widget-style panel-widget-style-for-3461-0-1-1\" ><div class=\"textwidget custom-html-widget\"><div class=\"Species-image-contain\"><img loading=\"lazy\" decoding=\"async\" class=\"alignleft size-full wp-image-3471\" src=\"https:\/\/adoptabosque.org\/wp-content\/uploads\/2022\/09\/S.austrella-e1664135098577.jpeg\" alt=\"\" width=\"400\" height=\"300\" srcset=\"https:\/\/adoptabosque.org\/wp-content\/uploads\/2022\/09\/S.austrella-e1664135098577.jpeg 976w, https:\/\/adoptabosque.org\/wp-content\/uploads\/2022\/09\/S.austrella-e1664135098577-600x451.jpeg 600w, https:\/\/adoptabosque.org\/wp-content\/uploads\/2022\/09\/S.austrella-e1664135098577-300x225.jpeg 300w, https:\/\/adoptabosque.org\/wp-content\/uploads\/2022\/09\/S.austrella-e1664135098577-768x577.jpeg 768w, https:\/\/adoptabosque.org\/wp-content\/uploads\/2022\/09\/S.austrella-e1664135098577-16x12.jpeg 16w, https:\/\/adoptabosque.org\/wp-content\/uploads\/2022\/09\/S.austrella-e1664135098577-830x623.jpeg 830w, https:\/\/adoptabosque.org\/wp-content\/uploads\/2022\/09\/S.austrella-e1664135098577-230x173.jpeg 230w, https:\/\/adoptabosque.org\/wp-content\/uploads\/2022\/09\/S.austrella-e1664135098577-350x263.jpeg 350w, https:\/\/adoptabosque.org\/wp-content\/uploads\/2022\/09\/S.austrella-e1664135098577-480x360.jpeg 480w\" sizes=\"auto, (max-width: 400px) 100vw, 400px\" \/><div class=\"Species-copyright-DarkBG\">\n\t\t<i class=\"fa fa-camera\"><\/i> J. Longino\n\t\t<\/div>\n\t<\/div>\n<h2 class=\"Species-Name-Mob\">\n\t<em>Syscia austrella<\/em>\n<\/h2><\/div><\/div><\/div><div id=\"panel-3461-0-1-2\" class=\"widget_text so-panel widget widget_custom_html\" data-index=\"4\" ><div style=\"text-align: left;\" data-title-color=\"#443f3f\" data-headings-color=\"#000000\" class=\"widget_text panel-widget-style panel-widget-style-for-3461-0-1-2\" ><div class=\"textwidget custom-html-widget\"><h4 style=\"margin-bottom: 10px;\">\n\tDistribution\n<\/h4>\n<p>\n\tPanam\u00e1, Colombia, Ecuador\n<\/p>\n<\/div><\/div><\/div><div id=\"panel-3461-0-1-3\" class=\"widget_text so-panel widget widget_custom_html\" data-index=\"5\" ><div style=\"text-align: left;\" data-title-color=\"#443f3f\" data-headings-color=\"#000000\" class=\"widget_text panel-widget-style panel-widget-style-for-3461-0-1-3\" ><div class=\"textwidget custom-html-widget\"><h4 style=\"margin-bottom: 10px;\">\n\tBiology and Natural History\n<\/h4>\n<p>\n\t<strong style=\"color: black\">Habitat:<\/strong> This species lives in leaf litter and rotting wood within a variety of montane wet forests (primary, secondary, and cloud forest), from 500 to 1,350 m altitude.\n<\/p>\n<\/div><\/div><\/div><div id=\"panel-3461-0-1-4\" class=\"widget_text so-panel widget widget_custom_html panel-last-child\" data-index=\"6\" ><div style=\"text-align: left;\" data-title-color=\"#443f3f\" data-headings-color=\"#000000\" class=\"widget_text panel-widget-style panel-widget-style-for-3461-0-1-4\" ><div class=\"textwidget custom-html-widget\">\n\n<h4 style=\"margin-bottom: 10px;\">\n\tReferences\n<\/h4>\n\n<a href=\"https:\/\/www.antweb.org\/\/description.do?subfamily=dorylinae&genus=syscia&species=austrella&rank=species&adm1Name=Caquet%C3%A1&countryName=Colombia\" target=\"_blank\"><div class=\"Species-AntWeb\" id=\"Pop\">\n\t<img loading=\"lazy\" decoding=\"async\" src=\"https:\/\/adoptabosque.org\/wp-content\/uploads\/2022\/09\/antwebHeadIcon1.png\" alt=\"\" width=\"192\" height=\"50\" class=\"alignleft size-full wp-image-3478\" srcset=\"https:\/\/adoptabosque.org\/wp-content\/uploads\/2022\/09\/antwebHeadIcon1.png 609w, https:\/\/adoptabosque.org\/wp-content\/uploads\/2022\/09\/antwebHeadIcon1-600x157.png 600w, https:\/\/adoptabosque.org\/wp-content\/uploads\/2022\/09\/antwebHeadIcon1-300x78.png 300w, https:\/\/adoptabosque.org\/wp-content\/uploads\/2022\/09\/antwebHeadIcon1-18x5.png 18w, https:\/\/adoptabosque.org\/wp-content\/uploads\/2022\/09\/antwebHeadIcon1-230x60.png 230w, https:\/\/adoptabosque.org\/wp-content\/uploads\/2022\/09\/antwebHeadIcon1-350x91.png 350w, https:\/\/adoptabosque.org\/wp-content\/uploads\/2022\/09\/antwebHeadIcon1-480x125.png 480w\" sizes=\"auto, (max-width: 192px) 100vw, 192px\" \/>\n<\/div>\n<\/a>\n<ul style=\"margin-top: 15px;\">\n\t<li class=\"Citation\">Longino, J.T. &#38; M.G. Branstetter (2021). Integrating UCE Phylogenomics With Traditional Taxonomy\nReveals a Trove of New World <em>Syscia<\/em> Species (Formicidae: Dorylinae) <em>Insect Systematics and Diversity<\/em>. <strong> 5(2): 2;<\/strong> 1 \u2013 51. <a href=\"https:\/\/antwiki.org\/wiki\/images\/4\/42\/Longino%2C_J.T.%2C_Branstetter%2C_M.G._2021._Integrating_UCE_phylogenomics_with_traditional_taxonomy_reveals_a_trove_of_New_World_Syscia_species_%2810.1093%40isd%40ixab001%29.pdf\" target=\"_blank\">(Link)<\/a><\/li>\n<\/ul><\/div><\/div><\/div><\/div><\/div><\/div><\/div><\/div>","protected":false},"excerpt":{"rendered":"<p>Otras Especies \u00a0Strophaeus sebastiani Tessaropa elizabeth Anelaphus cordiforme Epropetes tristis Salamandra de Chucant\u00edBolitoglossa chucantiensis Rana Chucant\u00ed TinkDiasporus majeensis Centipedivora de Chucant\u00edTantilla berguidoi Anthurium annularum Anthurium chucantiense Heliconia berguidoi Photinus interdius Quindina kuna Notopleura sallydavidsoniae Diffenbachia mortoniana Neaporia chucanti Syscia austrella Greta Thunberg\u2019s RainfrogPristimantis gretathunbergae Anthurium berguidoi J. Longino Syscia austrella J. Longino Syscia austrella Distribuci\u00f3n [&hellip;]<\/p>\n","protected":false},"author":2,"featured_media":700,"parent":1619,"menu_order":0,"comment_status":"closed","ping_status":"closed","template":"page-templates\/page_single-header-wide.php","meta":{"footnotes":""},"class_list":["post-3461","page","type-page","status-publish","has-post-thumbnail","hentry"],"yoast_head":"<!-- This site is optimized with the Yoast SEO Premium plugin v25.3.1 (Yoast SEO v27.4) - https:\/\/yoast.com\/product\/yoast-seo-premium-wordpress\/ -->\n<title>Syscia austrella - ADOPTA<\/title>\n<meta name=\"robots\" content=\"index, follow, max-snippet:-1, max-image-preview:large, max-video-preview:-1\" \/>\n<link rel=\"canonical\" href=\"https:\/\/adoptabosque.org\/en\/chucanti\/new-species\/syscia-austrella\/\" \/>\n<meta property=\"og:locale\" content=\"en_US\" \/>\n<meta property=\"og:type\" content=\"article\" \/>\n<meta property=\"og:title\" content=\"Syscia austrella\" \/>\n<meta property=\"og:description\" content=\"Otras Especies \u00a0Strophaeus sebastiani Tessaropa elizabeth Anelaphus cordiforme Epropetes tristis Salamandra de Chucant\u00edBolitoglossa chucantiensis Rana Chucant\u00ed TinkDiasporus majeensis Centipedivora de Chucant\u00edTantilla berguidoi Anthurium annularum Anthurium chucantiense Heliconia berguidoi Photinus interdius Quindina kuna Notopleura sallydavidsoniae Diffenbachia mortoniana Neaporia chucanti Syscia austrella Greta Thunberg\u2019s RainfrogPristimantis gretathunbergae Anthurium berguidoi J. Longino Syscia austrella J. Longino Syscia austrella Distribuci\u00f3n [&hellip;]\" \/>\n<meta property=\"og:url\" content=\"https:\/\/adoptabosque.org\/en\/chucanti\/new-species\/syscia-austrella\/\" \/>\n<meta property=\"og:site_name\" content=\"ADOPTA\" \/>\n<meta property=\"article:modified_time\" content=\"2022-10-05T20:46:43+00:00\" \/>\n<meta property=\"og:image\" content=\"https:\/\/adoptabosque.org\/wp-content\/uploads\/2022\/02\/Chucanti-Cloud-Forest.jpg\" \/>\n\t<meta property=\"og:image:width\" content=\"1024\" \/>\n\t<meta property=\"og:image:height\" content=\"683\" \/>\n\t<meta property=\"og:image:type\" content=\"image\/jpeg\" \/>\n<meta name=\"twitter:card\" content=\"summary_large_image\" \/>\n<meta name=\"twitter:label1\" content=\"Est. reading time\" \/>\n\t<meta name=\"twitter:data1\" content=\"1 minute\" \/>\n<script type=\"application\/ld+json\" class=\"yoast-schema-graph\">{\"@context\":\"https:\\\/\\\/schema.org\",\"@graph\":[{\"@type\":\"WebPage\",\"@id\":\"https:\\\/\\\/adoptabosque.org\\\/chucanti\\\/new-species\\\/syscia-austrella\\\/\",\"url\":\"https:\\\/\\\/adoptabosque.org\\\/chucanti\\\/new-species\\\/syscia-austrella\\\/\",\"name\":\"Syscia austrella - ADOPTA\",\"isPartOf\":{\"@id\":\"https:\\\/\\\/adoptabosque.org\\\/#website\"},\"primaryImageOfPage\":{\"@id\":\"https:\\\/\\\/adoptabosque.org\\\/chucanti\\\/new-species\\\/syscia-austrella\\\/#primaryimage\"},\"image\":{\"@id\":\"https:\\\/\\\/adoptabosque.org\\\/chucanti\\\/new-species\\\/syscia-austrella\\\/#primaryimage\"},\"thumbnailUrl\":\"https:\\\/\\\/adoptabosque.org\\\/wp-content\\\/uploads\\\/2022\\\/02\\\/Chucanti-Cloud-Forest.jpg\",\"datePublished\":\"2022-09-25T19:36:50+00:00\",\"dateModified\":\"2022-10-05T20:46:43+00:00\",\"breadcrumb\":{\"@id\":\"https:\\\/\\\/adoptabosque.org\\\/chucanti\\\/new-species\\\/syscia-austrella\\\/#breadcrumb\"},\"inLanguage\":\"en-US\",\"potentialAction\":[{\"@type\":\"ReadAction\",\"target\":[\"https:\\\/\\\/adoptabosque.org\\\/chucanti\\\/new-species\\\/syscia-austrella\\\/\"]}]},{\"@type\":\"ImageObject\",\"inLanguage\":\"en-US\",\"@id\":\"https:\\\/\\\/adoptabosque.org\\\/chucanti\\\/new-species\\\/syscia-austrella\\\/#primaryimage\",\"url\":\"https:\\\/\\\/adoptabosque.org\\\/wp-content\\\/uploads\\\/2022\\\/02\\\/Chucanti-Cloud-Forest.jpg\",\"contentUrl\":\"https:\\\/\\\/adoptabosque.org\\\/wp-content\\\/uploads\\\/2022\\\/02\\\/Chucanti-Cloud-Forest.jpg\",\"width\":1024,\"height\":683},{\"@type\":\"BreadcrumbList\",\"@id\":\"https:\\\/\\\/adoptabosque.org\\\/chucanti\\\/new-species\\\/syscia-austrella\\\/#breadcrumb\",\"itemListElement\":[{\"@type\":\"ListItem\",\"position\":1,\"name\":\"Home\",\"item\":\"https:\\\/\\\/adoptabosque.org\\\/\"},{\"@type\":\"ListItem\",\"position\":2,\"name\":\"Cerro Chucant\u00ed\",\"item\":\"https:\\\/\\\/adoptabosque.org\\\/chucanti\\\/\"},{\"@type\":\"ListItem\",\"position\":3,\"name\":\"Especies descubiertas en Chucant\u00ed\",\"item\":\"https:\\\/\\\/adoptabosque.org\\\/chucanti\\\/new-species\\\/\"},{\"@type\":\"ListItem\",\"position\":4,\"name\":\"Syscia austrella\"}]},{\"@type\":\"WebSite\",\"@id\":\"https:\\\/\\\/adoptabosque.org\\\/#website\",\"url\":\"https:\\\/\\\/adoptabosque.org\\\/\",\"name\":\"ADOPTA\",\"description\":\"Bosque Panam\u00e1\",\"potentialAction\":[{\"@type\":\"SearchAction\",\"target\":{\"@type\":\"EntryPoint\",\"urlTemplate\":\"https:\\\/\\\/adoptabosque.org\\\/?s={search_term_string}\"},\"query-input\":{\"@type\":\"PropertyValueSpecification\",\"valueRequired\":true,\"valueName\":\"search_term_string\"}}],\"inLanguage\":\"en-US\"}]}<\/script>\n<!-- \/ Yoast SEO Premium plugin. -->","yoast_head_json":{"title":"Syscia austrella - ADOPTA","robots":{"index":"index","follow":"follow","max-snippet":"max-snippet:-1","max-image-preview":"max-image-preview:large","max-video-preview":"max-video-preview:-1"},"canonical":"https:\/\/adoptabosque.org\/en\/chucanti\/new-species\/syscia-austrella\/","og_locale":"en_US","og_type":"article","og_title":"Syscia austrella","og_description":"Otras Especies \u00a0Strophaeus sebastiani Tessaropa elizabeth Anelaphus cordiforme Epropetes tristis Salamandra de Chucant\u00edBolitoglossa chucantiensis Rana Chucant\u00ed TinkDiasporus majeensis Centipedivora de Chucant\u00edTantilla berguidoi Anthurium annularum Anthurium chucantiense Heliconia berguidoi Photinus interdius Quindina kuna Notopleura sallydavidsoniae Diffenbachia mortoniana Neaporia chucanti Syscia austrella Greta Thunberg\u2019s RainfrogPristimantis gretathunbergae Anthurium berguidoi J. Longino Syscia austrella J. Longino Syscia austrella Distribuci\u00f3n [&hellip;]","og_url":"https:\/\/adoptabosque.org\/en\/chucanti\/new-species\/syscia-austrella\/","og_site_name":"ADOPTA","article_modified_time":"2022-10-05T20:46:43+00:00","og_image":[{"width":1024,"height":683,"url":"https:\/\/adoptabosque.org\/wp-content\/uploads\/2022\/02\/Chucanti-Cloud-Forest.jpg","type":"image\/jpeg"}],"twitter_card":"summary_large_image","twitter_misc":{"Est. reading time":"1 minute"},"schema":{"@context":"https:\/\/schema.org","@graph":[{"@type":"WebPage","@id":"https:\/\/adoptabosque.org\/chucanti\/new-species\/syscia-austrella\/","url":"https:\/\/adoptabosque.org\/chucanti\/new-species\/syscia-austrella\/","name":"Syscia austrella - ADOPTA","isPartOf":{"@id":"https:\/\/adoptabosque.org\/#website"},"primaryImageOfPage":{"@id":"https:\/\/adoptabosque.org\/chucanti\/new-species\/syscia-austrella\/#primaryimage"},"image":{"@id":"https:\/\/adoptabosque.org\/chucanti\/new-species\/syscia-austrella\/#primaryimage"},"thumbnailUrl":"https:\/\/adoptabosque.org\/wp-content\/uploads\/2022\/02\/Chucanti-Cloud-Forest.jpg","datePublished":"2022-09-25T19:36:50+00:00","dateModified":"2022-10-05T20:46:43+00:00","breadcrumb":{"@id":"https:\/\/adoptabosque.org\/chucanti\/new-species\/syscia-austrella\/#breadcrumb"},"inLanguage":"en-US","potentialAction":[{"@type":"ReadAction","target":["https:\/\/adoptabosque.org\/chucanti\/new-species\/syscia-austrella\/"]}]},{"@type":"ImageObject","inLanguage":"en-US","@id":"https:\/\/adoptabosque.org\/chucanti\/new-species\/syscia-austrella\/#primaryimage","url":"https:\/\/adoptabosque.org\/wp-content\/uploads\/2022\/02\/Chucanti-Cloud-Forest.jpg","contentUrl":"https:\/\/adoptabosque.org\/wp-content\/uploads\/2022\/02\/Chucanti-Cloud-Forest.jpg","width":1024,"height":683},{"@type":"BreadcrumbList","@id":"https:\/\/adoptabosque.org\/chucanti\/new-species\/syscia-austrella\/#breadcrumb","itemListElement":[{"@type":"ListItem","position":1,"name":"Home","item":"https:\/\/adoptabosque.org\/"},{"@type":"ListItem","position":2,"name":"Cerro Chucant\u00ed","item":"https:\/\/adoptabosque.org\/chucanti\/"},{"@type":"ListItem","position":3,"name":"Especies descubiertas en Chucant\u00ed","item":"https:\/\/adoptabosque.org\/chucanti\/new-species\/"},{"@type":"ListItem","position":4,"name":"Syscia austrella"}]},{"@type":"WebSite","@id":"https:\/\/adoptabosque.org\/#website","url":"https:\/\/adoptabosque.org\/","name":"ADOPTA","description":"Bosque Panam\u00e1","potentialAction":[{"@type":"SearchAction","target":{"@type":"EntryPoint","urlTemplate":"https:\/\/adoptabosque.org\/?s={search_term_string}"},"query-input":{"@type":"PropertyValueSpecification","valueRequired":true,"valueName":"search_term_string"}}],"inLanguage":"en-US"}]}},"_links":{"self":[{"href":"https:\/\/adoptabosque.org\/en\/wp-json\/wp\/v2\/pages\/3461","targetHints":{"allow":["GET"]}}],"collection":[{"href":"https:\/\/adoptabosque.org\/en\/wp-json\/wp\/v2\/pages"}],"about":[{"href":"https:\/\/adoptabosque.org\/en\/wp-json\/wp\/v2\/types\/page"}],"author":[{"embeddable":true,"href":"https:\/\/adoptabosque.org\/en\/wp-json\/wp\/v2\/users\/2"}],"replies":[{"embeddable":true,"href":"https:\/\/adoptabosque.org\/en\/wp-json\/wp\/v2\/comments?post=3461"}],"version-history":[{"count":14,"href":"https:\/\/adoptabosque.org\/en\/wp-json\/wp\/v2\/pages\/3461\/revisions"}],"predecessor-version":[{"id":3623,"href":"https:\/\/adoptabosque.org\/en\/wp-json\/wp\/v2\/pages\/3461\/revisions\/3623"}],"up":[{"embeddable":true,"href":"https:\/\/adoptabosque.org\/en\/wp-json\/wp\/v2\/pages\/1619"}],"wp:featuredmedia":[{"embeddable":true,"href":"https:\/\/adoptabosque.org\/en\/wp-json\/wp\/v2\/media\/700"}],"wp:attachment":[{"href":"https:\/\/adoptabosque.org\/en\/wp-json\/wp\/v2\/media?parent=3461"}],"curies":[{"name":"wp","href":"https:\/\/api.w.org\/{rel}","templated":true}]}}