{"id":4398,"date":"2023-03-20T23:34:37","date_gmt":"2023-03-20T23:34:37","guid":{"rendered":"https:\/\/adoptabosque.org\/?page_id=4398"},"modified":"2023-03-22T01:37:07","modified_gmt":"2023-03-22T01:37:07","slug":"discount","status":"publish","type":"page","link":"https:\/\/adoptabosque.org\/en\/discount\/","title":{"rendered":"Discount"},"content":{"rendered":"<div id=\"pl-4398\"  class=\"panel-layout\" ><div id=\"pg-4398-0\"  class=\"panel-grid panel-has-style\" ><div style=\"padding: 25px 0; \" data-overlay=\"true\" data-overlay-color=\"#000000\" class=\"panel-row-style panel-row-style-for-4398-0\" ><div id=\"pgc-4398-0-0\"  class=\"panel-grid-cell\" ><div id=\"panel-4398-0-0-0\" class=\"widget_text so-panel widget widget_custom_html panel-first-child panel-last-child\" data-index=\"0\" ><div style=\"text-align: left;\" data-title-color=\"#443f3f\" class=\"widget_text panel-widget-style panel-widget-style-for-4398-0-0-0\" ><div class=\"textwidget custom-html-widget\"><div style=\"box-shadow: 1px 2px 5px 2px rgba(0, 0, 0, 0.5);\n\t-webkit-box-shadow: 1px 2px 5px 2px rgba(0, 0, 0, 0.5);\n\t-moz-box-shadow: 1px 2px 5px 2px rgba(0, 0, 0, 0.5);\n\t\t\t\t\t\tpadding: 25px; background: rgb(255,255,255);\n\t\t\t\t\t\twidth: 75vw; height: 72vh; margin: auto;\">\n\t<div style=\"display: block; padding-bottom: 35px;\">\n\t\t<img loading=\"lazy\" decoding=\"async\" src=\"https:\/\/adoptabosque.org\/wp-content\/uploads\/2023\/03\/312092117_3258676604396553_4896965900949496735_n-e1679444417243.jpeg\" alt=\"\" width=\"350\" height=\"525\" class=\"alignleft size-full wp-image-4480\" style=\"border-radius: 5px;\" srcset=\"https:\/\/adoptabosque.org\/wp-content\/uploads\/2023\/03\/312092117_3258676604396553_4896965900949496735_n-e1679444417243.jpeg 718w, https:\/\/adoptabosque.org\/wp-content\/uploads\/2023\/03\/312092117_3258676604396553_4896965900949496735_n-e1679444417243-600x899.jpeg 600w, https:\/\/adoptabosque.org\/wp-content\/uploads\/2023\/03\/312092117_3258676604396553_4896965900949496735_n-e1679444417243-200x300.jpeg 200w, https:\/\/adoptabosque.org\/wp-content\/uploads\/2023\/03\/312092117_3258676604396553_4896965900949496735_n-e1679444417243-683x1024.jpeg 683w, https:\/\/adoptabosque.org\/wp-content\/uploads\/2023\/03\/312092117_3258676604396553_4896965900949496735_n-e1679444417243-8x12.jpeg 8w, https:\/\/adoptabosque.org\/wp-content\/uploads\/2023\/03\/312092117_3258676604396553_4896965900949496735_n-e1679444417243-230x345.jpeg 230w, https:\/\/adoptabosque.org\/wp-content\/uploads\/2023\/03\/312092117_3258676604396553_4896965900949496735_n-e1679444417243-350x525.jpeg 350w, https:\/\/adoptabosque.org\/wp-content\/uploads\/2023\/03\/312092117_3258676604396553_4896965900949496735_n-e1679444417243-480x719.jpeg 480w\" sizes=\"auto, (max-width: 350px) 100vw, 350px\" \/>\n\t<\/div>\n\t<div>\n\t<div>\n\t\t<h2 style=\"color:#7aac47 !important;\">\n\t\t\t<em>Thank you for donating to support our conservation programs!<\/em>\n\t\t<\/h2>\n\t<\/div>\n\t<div>\n\t\t<h6 style=\"font-weight:lighter !important;\">\n\t\t\tThe Adopt A Panama Rainforest Association (ADOPTA) is a non-profit, public charity NGO whose mission is to promote the conservation and sustainable development of natural ecosystems for the benefit of both people and wildlife.\n\t\t<\/h6>\n\t\t<p style=\"margin-bottom: -25px !important;\">\n\tWe have just a few quick questions before you receive your discount code:\n<\/p>\n\t\t<div style=\"display: inline-block;\">\n<div class=\"wpforms-container wpforms-container-full\" id=\"wpforms-4417\"><form id=\"wpforms-form-4417\" class=\"wpforms-validate wpforms-form wpforms-ajax-form\" data-formid=\"4417\" method=\"post\" enctype=\"multipart\/form-data\" action=\"\/en\/wp-json\/wp\/v2\/pages\/4398\" data-token=\"b3ef0eb8cf19759db2c76d146eda4882\" data-token-time=\"1775409089\"><noscript class=\"wpforms-error-noscript\">Please enable JavaScript in your browser to complete this form.<\/noscript><div class=\"wpforms-field-container\"><div id=\"wpforms-4417-field_1-container\" class=\"wpforms-field wpforms-field-text\" data-field-id=\"1\"><label class=\"wpforms-field-label\" for=\"wpforms-4417-field_1\">\u00bfCom\u00f3 recibi\u00f3 su cup\u00f3n? <span class=\"wpforms-required-label\">*<\/span><\/label><input type=\"text\" id=\"wpforms-4417-field_1\" class=\"wpforms-field-medium wpforms-field-required\" name=\"wpforms[fields][1]\" required><\/div><div id=\"wpforms-4417-field_2-container\" class=\"wpforms-field wpforms-field-text\" data-field-id=\"2\"><label class=\"wpforms-field-label\" for=\"wpforms-4417-field_2\">\u00bfCu\u00e1l es tu e-mail? <span class=\"wpforms-required-label\">*<\/span><\/label><input type=\"text\" id=\"wpforms-4417-field_2\" class=\"wpforms-field-medium wpforms-field-required\" name=\"wpforms[fields][2]\" required><div class=\"wpforms-field-description\">No damos su correo electr\u00f3nico a terceros, esto es \u00fanicamente para nuestros propios registros.<\/div><\/div><\/div><!-- .wpforms-field-container --><div class=\"wpforms-submit-container\" ><input type=\"hidden\" name=\"wpforms[id]\" value=\"4417\"><input type=\"hidden\" name=\"page_title\" value=\"\"><input type=\"hidden\" name=\"page_url\" value=\"https:\/\/adoptabosque.org\/en\/wp-json\/wp\/v2\/pages\/4398\"><input type=\"hidden\" name=\"url_referer\" value=\"\"><button type=\"submit\" name=\"wpforms[submit]\" id=\"wpforms-submit-4417\" class=\"wpforms-submit\" data-alt-text=\"Sending...\" data-submit-text=\"Submit\" aria-live=\"assertive\" value=\"wpforms-submit\">Submit<\/button><img loading=\"lazy\" decoding=\"async\" src=\"https:\/\/adoptabosque.org\/wp-content\/plugins\/wpforms-lite\/assets\/images\/submit-spin.svg\" class=\"wpforms-submit-spinner\" style=\"display: none;\" width=\"26\" height=\"26\" alt=\"Loading\"><\/div><\/form><\/div>  <!-- .wpforms-container -->\n\t\t<\/div>\n\t<\/div>\n\t<\/div>\n<\/div>\n<\/div><\/div><\/div><\/div><\/div><\/div><\/div>","protected":false},"excerpt":{"rendered":"<p>Thank you for donating to support our conservation programs! The Adopt A Panama Rainforest Association (ADOPTA) is a non-profit, public charity NGO whose mission is to promote the conservation and sustainable development of natural ecosystems for the benefit of both people and wildlife. We have just a few quick questions before you receive your discount [&hellip;]<\/p>\n","protected":false},"author":2,"featured_media":0,"parent":0,"menu_order":0,"comment_status":"closed","ping_status":"closed","template":"page-templates\/page_no-header-wide.php","meta":{"footnotes":""},"class_list":["post-4398","page","type-page","status-publish","hentry"],"yoast_head":"<!-- This site is optimized with the Yoast SEO Premium plugin v25.3.1 (Yoast SEO v27.3) - https:\/\/yoast.com\/product\/yoast-seo-premium-wordpress\/ -->\n<title>Discount - ADOPTA<\/title>\n<meta name=\"robots\" content=\"index, follow, max-snippet:-1, max-image-preview:large, max-video-preview:-1\" \/>\n<link rel=\"canonical\" href=\"https:\/\/adoptabosque.org\/en\/discount\/\" \/>\n<meta property=\"og:locale\" content=\"en_US\" \/>\n<meta property=\"og:type\" content=\"article\" \/>\n<meta property=\"og:title\" content=\"Discount\" \/>\n<meta property=\"og:description\" content=\"Thank you for donating to support our conservation programs! The Adopt A Panama Rainforest Association (ADOPTA) is a non-profit, public charity NGO whose mission is to promote the conservation and sustainable development of natural ecosystems for the benefit of both people and wildlife. We have just a few quick questions before you receive your discount [&hellip;]\" \/>\n<meta property=\"og:url\" content=\"https:\/\/adoptabosque.org\/en\/discount\/\" \/>\n<meta property=\"og:site_name\" content=\"ADOPTA\" \/>\n<meta property=\"article:modified_time\" content=\"2023-03-22T01:37:07+00:00\" \/>\n<meta name=\"twitter:card\" content=\"summary_large_image\" \/>\n<meta name=\"twitter:label1\" content=\"Est. reading time\" \/>\n\t<meta name=\"twitter:data1\" content=\"1 minute\" \/>\n<script type=\"application\/ld+json\" class=\"yoast-schema-graph\">{\"@context\":\"https:\\\/\\\/schema.org\",\"@graph\":[{\"@type\":\"WebPage\",\"@id\":\"https:\\\/\\\/adoptabosque.org\\\/discount\\\/\",\"url\":\"https:\\\/\\\/adoptabosque.org\\\/discount\\\/\",\"name\":\"Discount - ADOPTA\",\"isPartOf\":{\"@id\":\"https:\\\/\\\/adoptabosque.org\\\/#website\"},\"datePublished\":\"2023-03-20T23:34:37+00:00\",\"dateModified\":\"2023-03-22T01:37:07+00:00\",\"breadcrumb\":{\"@id\":\"https:\\\/\\\/adoptabosque.org\\\/discount\\\/#breadcrumb\"},\"inLanguage\":\"en-US\",\"potentialAction\":[{\"@type\":\"ReadAction\",\"target\":[\"https:\\\/\\\/adoptabosque.org\\\/discount\\\/\"]}]},{\"@type\":\"BreadcrumbList\",\"@id\":\"https:\\\/\\\/adoptabosque.org\\\/discount\\\/#breadcrumb\",\"itemListElement\":[{\"@type\":\"ListItem\",\"position\":1,\"name\":\"Home\",\"item\":\"https:\\\/\\\/adoptabosque.org\\\/\"},{\"@type\":\"ListItem\",\"position\":2,\"name\":\"Discount\"}]},{\"@type\":\"WebSite\",\"@id\":\"https:\\\/\\\/adoptabosque.org\\\/#website\",\"url\":\"https:\\\/\\\/adoptabosque.org\\\/\",\"name\":\"ADOPTA\",\"description\":\"Bosque Panam\u00e1\",\"potentialAction\":[{\"@type\":\"SearchAction\",\"target\":{\"@type\":\"EntryPoint\",\"urlTemplate\":\"https:\\\/\\\/adoptabosque.org\\\/?s={search_term_string}\"},\"query-input\":{\"@type\":\"PropertyValueSpecification\",\"valueRequired\":true,\"valueName\":\"search_term_string\"}}],\"inLanguage\":\"en-US\"}]}<\/script>\n<!-- \/ Yoast SEO Premium plugin. -->","yoast_head_json":{"title":"Discount - ADOPTA","robots":{"index":"index","follow":"follow","max-snippet":"max-snippet:-1","max-image-preview":"max-image-preview:large","max-video-preview":"max-video-preview:-1"},"canonical":"https:\/\/adoptabosque.org\/en\/discount\/","og_locale":"en_US","og_type":"article","og_title":"Discount","og_description":"Thank you for donating to support our conservation programs! The Adopt A Panama Rainforest Association (ADOPTA) is a non-profit, public charity NGO whose mission is to promote the conservation and sustainable development of natural ecosystems for the benefit of both people and wildlife. We have just a few quick questions before you receive your discount [&hellip;]","og_url":"https:\/\/adoptabosque.org\/en\/discount\/","og_site_name":"ADOPTA","article_modified_time":"2023-03-22T01:37:07+00:00","twitter_card":"summary_large_image","twitter_misc":{"Est. reading time":"1 minute"},"schema":{"@context":"https:\/\/schema.org","@graph":[{"@type":"WebPage","@id":"https:\/\/adoptabosque.org\/discount\/","url":"https:\/\/adoptabosque.org\/discount\/","name":"Discount - ADOPTA","isPartOf":{"@id":"https:\/\/adoptabosque.org\/#website"},"datePublished":"2023-03-20T23:34:37+00:00","dateModified":"2023-03-22T01:37:07+00:00","breadcrumb":{"@id":"https:\/\/adoptabosque.org\/discount\/#breadcrumb"},"inLanguage":"en-US","potentialAction":[{"@type":"ReadAction","target":["https:\/\/adoptabosque.org\/discount\/"]}]},{"@type":"BreadcrumbList","@id":"https:\/\/adoptabosque.org\/discount\/#breadcrumb","itemListElement":[{"@type":"ListItem","position":1,"name":"Home","item":"https:\/\/adoptabosque.org\/"},{"@type":"ListItem","position":2,"name":"Discount"}]},{"@type":"WebSite","@id":"https:\/\/adoptabosque.org\/#website","url":"https:\/\/adoptabosque.org\/","name":"ADOPTA","description":"Bosque Panam\u00e1","potentialAction":[{"@type":"SearchAction","target":{"@type":"EntryPoint","urlTemplate":"https:\/\/adoptabosque.org\/?s={search_term_string}"},"query-input":{"@type":"PropertyValueSpecification","valueRequired":true,"valueName":"search_term_string"}}],"inLanguage":"en-US"}]}},"_links":{"self":[{"href":"https:\/\/adoptabosque.org\/en\/wp-json\/wp\/v2\/pages\/4398","targetHints":{"allow":["GET"]}}],"collection":[{"href":"https:\/\/adoptabosque.org\/en\/wp-json\/wp\/v2\/pages"}],"about":[{"href":"https:\/\/adoptabosque.org\/en\/wp-json\/wp\/v2\/types\/page"}],"author":[{"embeddable":true,"href":"https:\/\/adoptabosque.org\/en\/wp-json\/wp\/v2\/users\/2"}],"replies":[{"embeddable":true,"href":"https:\/\/adoptabosque.org\/en\/wp-json\/wp\/v2\/comments?post=4398"}],"version-history":[{"count":41,"href":"https:\/\/adoptabosque.org\/en\/wp-json\/wp\/v2\/pages\/4398\/revisions"}],"predecessor-version":[{"id":4410,"href":"https:\/\/adoptabosque.org\/en\/wp-json\/wp\/v2\/pages\/4398\/revisions\/4410"}],"wp:attachment":[{"href":"https:\/\/adoptabosque.org\/en\/wp-json\/wp\/v2\/media?parent=4398"}],"curies":[{"name":"wp","href":"https:\/\/api.w.org\/{rel}","templated":true}]}}