{"id":5146,"date":"2023-08-08T03:59:26","date_gmt":"2023-08-08T03:59:26","guid":{"rendered":"https:\/\/adoptabosque.org\/?page_id=5146"},"modified":"2023-09-15T01:07:47","modified_gmt":"2023-09-15T01:07:47","slug":"donate","status":"publish","type":"page","link":"https:\/\/adoptabosque.org\/en\/donate\/","title":{"rendered":"Donate"},"content":{"rendered":"<div id=\"pl-5146\"  class=\"panel-layout\" ><div id=\"pg-5146-0\"  class=\"panel-grid panel-has-style\" ><div class=\"siteorigin-panels-stretch panel-row-style panel-row-style-for-5146-0\" style=\"padding: 50px 0; \" data-stretch-type=\"full\" data-overlay=\"true\" data-overlay-color=\"#000000\" ><div id=\"pgc-5146-0-0\"  class=\"panel-grid-cell\" ><div id=\"panel-5146-0-0-0\" class=\"widget_text so-panel widget widget_custom_html panel-first-child panel-last-child\" data-index=\"0\" ><div style=\"text-align: left;\" data-title-color=\"#443f3f\" data-headings-color=\"#000000\" class=\"widget_text panel-widget-style panel-widget-style-for-5146-0-0-0\" ><div class=\"textwidget custom-html-widget\"><img loading=\"lazy\" decoding=\"async\" src=\"https:\/\/adoptabosque.org\/wp-content\/uploads\/2023\/08\/yappy-color-landscape.png\" alt=\"\" width=\"1200\" height=\"300\" class=\"aligncenter size-full wp-image-5177\" style=\"border-radius: 15px; border: 1px solid black; padding: 25px; margin-bottom: 25px;\" srcset=\"https:\/\/adoptabosque.org\/wp-content\/uploads\/2023\/08\/yappy-color-landscape.png 1200w, https:\/\/adoptabosque.org\/wp-content\/uploads\/2023\/08\/yappy-color-landscape-600x150.png 600w, https:\/\/adoptabosque.org\/wp-content\/uploads\/2023\/08\/yappy-color-landscape-300x75.png 300w, https:\/\/adoptabosque.org\/wp-content\/uploads\/2023\/08\/yappy-color-landscape-1024x256.png 1024w, https:\/\/adoptabosque.org\/wp-content\/uploads\/2023\/08\/yappy-color-landscape-768x192.png 768w, https:\/\/adoptabosque.org\/wp-content\/uploads\/2023\/08\/yappy-color-landscape-18x5.png 18w, https:\/\/adoptabosque.org\/wp-content\/uploads\/2023\/08\/yappy-color-landscape-830x208.png 830w, https:\/\/adoptabosque.org\/wp-content\/uploads\/2023\/08\/yappy-color-landscape-230x58.png 230w, https:\/\/adoptabosque.org\/wp-content\/uploads\/2023\/08\/yappy-color-landscape-350x88.png 350w, https:\/\/adoptabosque.org\/wp-content\/uploads\/2023\/08\/yappy-color-landscape-480x120.png 480w\" sizes=\"auto, (max-width: 1200px) 100vw, 1200px\" \/>\n<img decoding=\"async\" src=\"https:\/\/adoptabosque.org\/wp-content\/uploads\/2023\/09\/flag-of-panama-1588674037Zcv-e1694738526270.jpeg\" alt=\"\" width=\"75\" height=\"auto\" class=\"alignleft size-full wp-image-5232\" \/><h2>\n\tDonations from Panama\n<\/h2>\n<p>\n\tUsers of Panama's largest bank can donate via Yappy by searching for @AdoptaBosque in the directory. \n<\/p>\n<p>\n\tAlternatively, you can also email us at <strong>info@adoptabosque.org<\/strong> for bank details.\n<\/p>\n<\/div><\/div><\/div><\/div><div id=\"pgc-5146-0-1\"  class=\"panel-grid-cell\" ><div class=\"panel-cell-style panel-cell-style-for-5146-0-1\" ><div id=\"panel-5146-0-1-0\" class=\"widget_text so-panel widget widget_custom_html panel-first-child panel-last-child\" data-index=\"1\" ><div style=\"text-align: left;\" data-title-color=\"#443f3f\" data-headings-color=\"#000000\" class=\"widget_text panel-widget-style panel-widget-style-for-5146-0-1-0\" ><div class=\"textwidget custom-html-widget\"><a href=\"https:\/\/www.conservationallies.org\/partner\/adopta\/\" target=\"_blank\"><img loading=\"lazy\" decoding=\"async\" src=\"https:\/\/adoptabosque.org\/wp-content\/uploads\/2023\/08\/download.png\" alt=\"\" width=\"386\" height=\"131\" class=\"aligncenter size-full wp-image-5158\" style=\"border-radius: 15px; border: 1px solid black; padding: 15px; margin-bottom: 25px;\" id=\"Pop\" srcset=\"https:\/\/adoptabosque.org\/wp-content\/uploads\/2023\/08\/download.png 386w, https:\/\/adoptabosque.org\/wp-content\/uploads\/2023\/08\/download-300x102.png 300w, https:\/\/adoptabosque.org\/wp-content\/uploads\/2023\/08\/download-18x6.png 18w, https:\/\/adoptabosque.org\/wp-content\/uploads\/2023\/08\/download-230x78.png 230w, https:\/\/adoptabosque.org\/wp-content\/uploads\/2023\/08\/download-350x119.png 350w\" sizes=\"auto, (max-width: 386px) 100vw, 386px\" \/><\/a>\n<img decoding=\"async\" src=\"https:\/\/adoptabosque.org\/wp-content\/uploads\/2023\/09\/NicePng_usa-png_63506-e1694738748395.png\" alt=\"\" width=\"75\" height=\"autop\" class=\"alignleft size-full wp-image-5233\" \/><h2>\n\tDonations from the USA\n<\/h2>\n<p>\n\tConservation Allies is 501(c)3 USA Tax Exempt, so all donations made from the United States are fully tax-deductible. Conservation Allies charges no overhead fees or administration costs; 100% of your donation goes directly to ADOPTA.\n<\/p>\n<p>\n\tClick on the logo above to donate, or visit this link: <a href=\"https:\/\/www.conservationallies.org\/partner\/adopta\/\" target=\"_blank\">https:\/\/www.conservationallies.org\/partner\/adopta\/<\/a>\n<\/p><\/div><\/div><\/div><\/div><\/div><\/div><\/div><div id=\"pg-5146-1\"  class=\"panel-grid panel-has-style\" ><div style=\"padding: 0px 0; \" data-overlay=\"true\" data-overlay-color=\"#000000\" class=\"panel-row-style panel-row-style-for-5146-1\" ><div id=\"pgc-5146-1-0\"  class=\"panel-grid-cell\" ><div id=\"panel-5146-1-0-0\" class=\"widget_text so-panel widget widget_custom_html panel-first-child\" data-index=\"2\" ><div style=\"text-align: left;\" data-title-color=\"#443f3f\" data-headings-color=\"#000000\" class=\"widget_text panel-widget-style panel-widget-style-for-5146-1-0-0\" ><div class=\"textwidget custom-html-widget\"><h2>\nGoFundMe Fundraisers\n<\/h2><\/div><\/div><\/div><div id=\"panel-5146-1-0-1\" class=\"widget_text so-panel widget widget_custom_html\" data-index=\"3\" ><div style=\"text-align: left;\" data-title-color=\"#443f3f\" data-headings-color=\"#000000\" class=\"widget_text panel-widget-style panel-widget-style-for-5146-1-0-1\" ><div class=\"textwidget custom-html-widget\"><a href=\"https:\/\/www.gofundme.com\/f\/support-the-bocas-de-toro-hawkwatch-in-panama\" target=\"_blank\">\n<div class=\"GFM\">\n\t<img loading=\"lazy\" decoding=\"async\" src=\"https:\/\/adoptabosque.org\/wp-content\/uploads\/2022\/02\/HawkWatch-Web-e1644424072933-300x225.png\" alt=\"\" width=\"300\" height=\"225\" class=\"alignleft size-medium wp-image-311\" \/>\n\t<div class=\"GFMgoal\">\n\t\t$15,000 goal\n\t<\/div>\n\t<h3>\n\t\tSupport the Bocas del Toro HawkWatch<span style=\"color: white\">__<\/span>\n\t<\/h3>\n\t<p>\n\t\tYour donation helps provide training and income for local hawk counters to continue monitoring at one of the most prolific migration sites in the world, where nearly 2 million raptors were observed in fall 2021.\n\t<\/p>\n\t<div class=\"GFMdonate\" id=\"Pop\">\n\t\tDonate\n\t<\/div>\n\t<div class=\"GFMorganizedby\">\n\t\tJonathan Mills-Anderson is organizing this fundraiser.\n\t<\/div>\n<\/div>\n<\/a><\/div><\/div><\/div><div id=\"panel-5146-1-0-2\" class=\"widget_text so-panel widget widget_custom_html\" data-index=\"4\" ><div style=\"text-align: left;\" data-title-color=\"#443f3f\" data-headings-color=\"#000000\" class=\"widget_text panel-widget-style panel-widget-style-for-5146-1-0-2\" ><div class=\"textwidget custom-html-widget\"><a href=\"https:\/\/www.gofundme.com\/f\/nombremos-esta-nueva-rana-de-panama\" target=\"_blank\">\n\t<div class=\"GFM\">\n\t<img loading=\"lazy\" decoding=\"async\" src=\"https:\/\/adoptabosque.org\/wp-content\/uploads\/2022\/02\/SspNov-e1644423607516-300x225.png\" alt=\"\" width=\"300\" height=\"225\" class=\"alignleft size-medium wp-image-308\" srcset=\"https:\/\/adoptabosque.org\/wp-content\/uploads\/2022\/02\/SspNov-e1644423607516-300x225.png 300w, https:\/\/adoptabosque.org\/wp-content\/uploads\/2022\/02\/SspNov-e1644423607516-230x172.png 230w, https:\/\/adoptabosque.org\/wp-content\/uploads\/2022\/02\/SspNov-e1644423607516-350x262.png 350w, https:\/\/adoptabosque.org\/wp-content\/uploads\/2022\/02\/SspNov-e1644423607516-480x359.png 480w, https:\/\/adoptabosque.org\/wp-content\/uploads\/2022\/02\/SspNov-e1644423607516.png 533w\" sizes=\"auto, (max-width: 300px) 100vw, 300px\" \/>\n\t<div class=\"GFMcopyright\">\n\t\t<i class=\"fa fa-camera\"><\/i> Abel Batista\n\t\t<\/div>\n\t<div class=\"GFMgoal\">\n\t\t$11,500 goal\n\t<\/div>\n\t<h3>\n\t\tLet's name this new Panamanian frog!\n\t<\/h3>\n\t<p>\nWe need your help to describe this new species of frog and protect its habitat in the Cerro Chucant\u00ed Private Nature Reserve.\t<\/p>\n\t<div class=\"GFMdonate\" id=\"Pop\">\n\t\tDonate\n\t<\/div>\n\t<div class=\"GFMorganizedby\">\n\t\tJonathan Mills-Anderson is organizing this fundraiser.\n\t<\/div>\n<\/div>\n<\/a><\/div><\/div><\/div><div id=\"panel-5146-1-0-3\" class=\"widget_text so-panel widget widget_custom_html\" data-index=\"5\" ><div style=\"text-align: left;\" data-title-color=\"#443f3f\" data-headings-color=\"#000000\" class=\"widget_text panel-widget-style panel-widget-style-for-5146-1-0-3\" ><div class=\"textwidget custom-html-widget\"><a href=\"https:\/\/www.gofundme.com\/f\/install-migratory-bird-tracking-systems-in-panama\" target=\"_blank\">\n<div class=\"GFM\">\n\t<img loading=\"lazy\" decoding=\"async\" src=\"https:\/\/adoptabosque.org\/wp-content\/uploads\/2023\/08\/WhatsApp-Image-2023-06-23-at-2.06.56-AM.jpeg\" alt=\"\" width=\"300\" height=\"225\" class=\"alignleft size-full wp-image-5192\" srcset=\"https:\/\/adoptabosque.org\/wp-content\/uploads\/2023\/08\/WhatsApp-Image-2023-06-23-at-2.06.56-AM.jpeg 1280w, https:\/\/adoptabosque.org\/wp-content\/uploads\/2023\/08\/WhatsApp-Image-2023-06-23-at-2.06.56-AM-600x450.jpeg 600w, https:\/\/adoptabosque.org\/wp-content\/uploads\/2023\/08\/WhatsApp-Image-2023-06-23-at-2.06.56-AM-300x225.jpeg 300w, https:\/\/adoptabosque.org\/wp-content\/uploads\/2023\/08\/WhatsApp-Image-2023-06-23-at-2.06.56-AM-1024x768.jpeg 1024w, https:\/\/adoptabosque.org\/wp-content\/uploads\/2023\/08\/WhatsApp-Image-2023-06-23-at-2.06.56-AM-768x576.jpeg 768w, https:\/\/adoptabosque.org\/wp-content\/uploads\/2023\/08\/WhatsApp-Image-2023-06-23-at-2.06.56-AM-16x12.jpeg 16w, https:\/\/adoptabosque.org\/wp-content\/uploads\/2023\/08\/WhatsApp-Image-2023-06-23-at-2.06.56-AM-830x623.jpeg 830w, https:\/\/adoptabosque.org\/wp-content\/uploads\/2023\/08\/WhatsApp-Image-2023-06-23-at-2.06.56-AM-230x173.jpeg 230w, https:\/\/adoptabosque.org\/wp-content\/uploads\/2023\/08\/WhatsApp-Image-2023-06-23-at-2.06.56-AM-350x263.jpeg 350w, https:\/\/adoptabosque.org\/wp-content\/uploads\/2023\/08\/WhatsApp-Image-2023-06-23-at-2.06.56-AM-480x360.jpeg 480w\" sizes=\"auto, (max-width: 300px) 100vw, 300px\" \/>\n\t<div class=\"GFMgoal\">\n\t\t$12,000 goal\n\t<\/div>\n\t<h3>\n\t\tInstall migratory bird monitoring systems<span style=\"color: white\">__<\/span>\n\t<\/h3>\n\t<p>\nMore funding is needed as we expand our migratory bird monitoring programs. Our goal is to purchase and install Motus monitoring stations to passively record tagged birds as they pass through the country.\t<\/p>\n\t<div class=\"GFMdonate\" id=\"Pop\">\n\t\tDonate\n\t<\/div>\n\t<div class=\"GFMorganizedby\">\n\t\tJonathan Mills-Anderson is organizing this fundraiser.\n\t<\/div>\n<\/div>\n<\/a><\/div><\/div><\/div><div id=\"panel-5146-1-0-4\" class=\"widget_text so-panel widget widget_custom_html panel-last-child\" data-index=\"6\" ><div style=\"text-align: left;\" data-title-color=\"#443f3f\" data-headings-color=\"#000000\" class=\"widget_text panel-widget-style panel-widget-style-for-5146-1-0-4\" ><div class=\"textwidget custom-html-widget\"><a href=\"https:\/\/www.gofundme.com\/f\/expand-the-cerro-chucant-reserve\" target=\"_blank\">\n<div class=\"GFM\">\n\t<img loading=\"lazy\" decoding=\"async\" src=\"https:\/\/adoptabosque.org\/wp-content\/uploads\/2022\/02\/Chucanti-Cloud-Forest.jpg\" alt=\"\" width=\"300\" height=\"225\" class=\"alignleft size-full wp-image-700\" \/>\n\t<div class=\"GFMcopyright\">\n\t\t<i class=\"fa fa-camera\"><\/i> Anand Varma\n\t\t<\/div>\n\t<div class=\"GFMgoal\">\n\t\t$25,000 goal\n\t<\/div>\n\t<h3>\n\t\tExpand the Cerro Chucant\u00ed reserve<span style=\"color: white\">__<\/span>\n\t<\/h3>\n\t<p>\nThanks to the generous support of the Rainforest Trust, we have most of the funds needed to purchase neighboring land to expand the Cerro Chucant\u00ed Private Nature Reserve, but we need your help to raise the rest.\t<\/p>\n\t<div class=\"GFMdonate\" id=\"Pop\">\n\t\tDonate\n\t<\/div>\n\t<div class=\"GFMorganizedby\">\n\t\tJonathan Mills-Anderson is organizing this fundraiser.\n\t<\/div>\n<\/div>\n<\/a><\/div><\/div><\/div><\/div><\/div><\/div><div id=\"pg-5146-2\"  class=\"panel-grid panel-has-style\" ><div class=\"siteorigin-panels-stretch panel-row-style panel-row-style-for-5146-2\" style=\"background-image: url(https:\/\/adoptabosque.org\/wp-content\/uploads\/2023\/08\/Chucanti.jpeg);padding: 0px 0; \" data-stretch-type=\"full-stretched-padded\" data-hasbg=\"hasbg\" data-overlay=\"true\" data-overlay-color=\"#555655\" ><div id=\"pgc-5146-2-0\"  class=\"panel-grid-cell\" ><div class=\"panel-cell-style panel-cell-style-for-5146-2-0\" ><div id=\"panel-5146-2-0-0\" class=\"widget_text so-panel widget widget_custom_html panel-first-child panel-last-child\" data-index=\"7\" ><div style=\"text-align: left;\" data-title-color=\"#443f3f\" data-headings-color=\"#443f3f\" class=\"widget_text panel-widget-style panel-widget-style-for-5146-2-0-0\" ><div class=\"textwidget custom-html-widget\"><img loading=\"lazy\" decoding=\"async\" src=\"https:\/\/adoptabosque.org\/wp-content\/uploads\/2023\/08\/Donate.png\" alt=\"\" width=\"1588\" height=\"2253\" class=\"aligncenter size-full wp-image-5161\" id=\"NotMob\" style=\"margin-top: 100px; margin-bottom: 100px;\" srcset=\"https:\/\/adoptabosque.org\/wp-content\/uploads\/2023\/08\/Donate.png 1588w, https:\/\/adoptabosque.org\/wp-content\/uploads\/2023\/08\/Donate-600x851.png 600w, https:\/\/adoptabosque.org\/wp-content\/uploads\/2023\/08\/Donate-211x300.png 211w, https:\/\/adoptabosque.org\/wp-content\/uploads\/2023\/08\/Donate-722x1024.png 722w, https:\/\/adoptabosque.org\/wp-content\/uploads\/2023\/08\/Donate-768x1090.png 768w, https:\/\/adoptabosque.org\/wp-content\/uploads\/2023\/08\/Donate-1083x1536.png 1083w, https:\/\/adoptabosque.org\/wp-content\/uploads\/2023\/08\/Donate-1444x2048.png 1444w, https:\/\/adoptabosque.org\/wp-content\/uploads\/2023\/08\/Donate-8x12.png 8w, https:\/\/adoptabosque.org\/wp-content\/uploads\/2023\/08\/Donate-830x1178.png 830w, https:\/\/adoptabosque.org\/wp-content\/uploads\/2023\/08\/Donate-230x326.png 230w, https:\/\/adoptabosque.org\/wp-content\/uploads\/2023\/08\/Donate-350x497.png 350w, https:\/\/adoptabosque.org\/wp-content\/uploads\/2023\/08\/Donate-480x681.png 480w\" sizes=\"auto, (max-width: 1588px) 100vw, 1588px\" \/><img loading=\"lazy\" decoding=\"async\" src=\"https:\/\/adoptabosque.org\/wp-content\/uploads\/2023\/09\/donate2.png\" alt=\"\" width=\"1802\" height=\"1176\" class=\"aligncenter size-full wp-image-5206\" id=\"MobOnly\" srcset=\"https:\/\/adoptabosque.org\/wp-content\/uploads\/2023\/09\/donate2.png 1802w, https:\/\/adoptabosque.org\/wp-content\/uploads\/2023\/09\/donate2-600x392.png 600w, https:\/\/adoptabosque.org\/wp-content\/uploads\/2023\/09\/donate2-300x196.png 300w, https:\/\/adoptabosque.org\/wp-content\/uploads\/2023\/09\/donate2-1024x668.png 1024w, https:\/\/adoptabosque.org\/wp-content\/uploads\/2023\/09\/donate2-768x501.png 768w, https:\/\/adoptabosque.org\/wp-content\/uploads\/2023\/09\/donate2-1536x1002.png 1536w, https:\/\/adoptabosque.org\/wp-content\/uploads\/2023\/09\/donate2-18x12.png 18w, https:\/\/adoptabosque.org\/wp-content\/uploads\/2023\/09\/donate2-830x542.png 830w, https:\/\/adoptabosque.org\/wp-content\/uploads\/2023\/09\/donate2-230x150.png 230w, https:\/\/adoptabosque.org\/wp-content\/uploads\/2023\/09\/donate2-350x228.png 350w, https:\/\/adoptabosque.org\/wp-content\/uploads\/2023\/09\/donate2-480x313.png 480w\" sizes=\"auto, (max-width: 1802px) 100vw, 1802px\" \/><\/div><\/div><\/div><\/div><\/div><div id=\"pgc-5146-2-1\"  class=\"panel-grid-cell\" ><div class=\"panel-cell-style panel-cell-style-for-5146-2-1\" ><div id=\"panel-5146-2-1-0\" class=\"widget_text so-panel widget widget_custom_html panel-first-child\" data-index=\"8\" ><div style=\"text-align: left;\" id=\"NotPhone\" data-title-color=\"#443f3f\" data-headings-color=\"#7fc241\" class=\"widget_text panel-widget-style panel-widget-style-for-5146-2-1-0\" ><div class=\"textwidget custom-html-widget\"><p style=\"font-family: Arial;\">\n\tDonor support is critical for many of our programs and projects. Unrestricted funding is especially vital to cover travel costs to access remote areas, vehicle maintenance costs and scientific field stations within our private nature reserves, reserve ranger salaries, and administrative expenses generally excluded in typical grants (office rent, supplies, internet, phone, etc).\n<\/p><\/div><\/div><\/div><div id=\"panel-5146-2-1-1\" class=\"widget_text so-panel widget widget_custom_html\" data-index=\"9\" ><div style=\"text-align: left;\" id=\"PhoneOnly\" data-title-color=\"#443f3f\" data-headings-color=\"#7fc241\" class=\"widget_text panel-widget-style panel-widget-style-for-5146-2-1-1\" ><div class=\"textwidget custom-html-widget\"><p style=\"font-family: Arial;\">\n\tDonor support is critical for many of our programs and projects. Unrestricted funding is especially vital to cover travel costs to access remote areas, vehicle maintenance costs and scientific field stations within our private nature reserves, reserve ranger salaries, and administrative expenses generally excluded in typical grants (office rent, supplies, internet, phone, etc).\n<\/p><\/div><\/div><\/div><div id=\"panel-5146-2-1-2\" class=\"widget_text so-panel widget widget_custom_html\" data-index=\"10\" ><div style=\"text-align: right;\" data-title-color=\"#443f3f\" data-headings-color=\"#338733\" class=\"widget_text panel-widget-style panel-widget-style-for-5146-2-1-2\" ><div class=\"textwidget custom-html-widget\"><h1 style=\"color:#7fc241;\">\n\t<em>\u00a1Muchas gracias!<\/em>\n<\/h1><\/div><\/div><\/div><div id=\"panel-5146-2-1-3\" class=\"widget_text so-panel widget widget_custom_html panel-last-child\" data-index=\"11\" ><div class=\"widget_text Banner-copyright panel-widget-style panel-widget-style-for-5146-2-1-3\" style=\"text-align: left;\" data-title-color=\"#443f3f\" data-headings-color=\"#443f3f\" ><div class=\"textwidget custom-html-widget\"><div>\n\t<i class=\"fa fa-camera\"><\/i> Olmo van Herwaarden\n<\/div><\/div><\/div><\/div><\/div><\/div><\/div><\/div><\/div>","protected":false},"excerpt":{"rendered":"<p>Donaciones de Panam\u00e1 Los usuarios del banco m\u00e1s grande de Panam\u00e1 pueden donar a trav\u00e9s de Yappy buscando @AdoptaBosque en el directorio. Alternativamente, tambi\u00e9n puede enviarnos un correo electr\u00f3nico a info@adoptabosque.org para obtener los datos bancarios. Donaciones de los EE.UU. Conservation Allies est\u00e1 exento de impuestos de EE. UU. 501(c)3, por lo que todas las [&hellip;]<\/p>\n","protected":false},"author":2,"featured_media":0,"parent":0,"menu_order":0,"comment_status":"closed","ping_status":"closed","template":"page-templates\/page_no-header-wide.php","meta":{"footnotes":""},"class_list":["post-5146","page","type-page","status-publish","hentry"],"yoast_head":"<!-- This site is optimized with the Yoast SEO Premium plugin v25.3.1 (Yoast SEO v27.3) - https:\/\/yoast.com\/product\/yoast-seo-premium-wordpress\/ -->\n<title>Donate - ADOPTA<\/title>\n<meta name=\"robots\" content=\"index, follow, max-snippet:-1, max-image-preview:large, max-video-preview:-1\" \/>\n<link rel=\"canonical\" href=\"https:\/\/adoptabosque.org\/en\/donate\/\" \/>\n<meta property=\"og:locale\" content=\"en_US\" \/>\n<meta property=\"og:type\" content=\"article\" \/>\n<meta property=\"og:title\" content=\"Donate\" \/>\n<meta property=\"og:description\" content=\"Donaciones de Panam\u00e1 Los usuarios del banco m\u00e1s grande de Panam\u00e1 pueden donar a trav\u00e9s de Yappy buscando @AdoptaBosque en el directorio. Alternativamente, tambi\u00e9n puede enviarnos un correo electr\u00f3nico a info@adoptabosque.org para obtener los datos bancarios. Donaciones de los EE.UU. Conservation Allies est\u00e1 exento de impuestos de EE. UU. 501(c)3, por lo que todas las [&hellip;]\" \/>\n<meta property=\"og:url\" content=\"https:\/\/adoptabosque.org\/en\/donate\/\" \/>\n<meta property=\"og:site_name\" content=\"ADOPTA\" \/>\n<meta property=\"article:modified_time\" content=\"2023-09-15T01:07:47+00:00\" \/>\n<meta name=\"twitter:card\" content=\"summary_large_image\" \/>\n<meta name=\"twitter:label1\" content=\"Est. reading time\" \/>\n\t<meta name=\"twitter:data1\" content=\"4 minutes\" \/>\n<script type=\"application\/ld+json\" class=\"yoast-schema-graph\">{\"@context\":\"https:\\\/\\\/schema.org\",\"@graph\":[{\"@type\":\"WebPage\",\"@id\":\"https:\\\/\\\/adoptabosque.org\\\/donate\\\/\",\"url\":\"https:\\\/\\\/adoptabosque.org\\\/donate\\\/\",\"name\":\"Donate - ADOPTA\",\"isPartOf\":{\"@id\":\"https:\\\/\\\/adoptabosque.org\\\/#website\"},\"datePublished\":\"2023-08-08T03:59:26+00:00\",\"dateModified\":\"2023-09-15T01:07:47+00:00\",\"breadcrumb\":{\"@id\":\"https:\\\/\\\/adoptabosque.org\\\/donate\\\/#breadcrumb\"},\"inLanguage\":\"en-US\",\"potentialAction\":[{\"@type\":\"ReadAction\",\"target\":[\"https:\\\/\\\/adoptabosque.org\\\/donate\\\/\"]}]},{\"@type\":\"BreadcrumbList\",\"@id\":\"https:\\\/\\\/adoptabosque.org\\\/donate\\\/#breadcrumb\",\"itemListElement\":[{\"@type\":\"ListItem\",\"position\":1,\"name\":\"Home\",\"item\":\"https:\\\/\\\/adoptabosque.org\\\/\"},{\"@type\":\"ListItem\",\"position\":2,\"name\":\"Donate\"}]},{\"@type\":\"WebSite\",\"@id\":\"https:\\\/\\\/adoptabosque.org\\\/#website\",\"url\":\"https:\\\/\\\/adoptabosque.org\\\/\",\"name\":\"ADOPTA\",\"description\":\"Bosque Panam\u00e1\",\"potentialAction\":[{\"@type\":\"SearchAction\",\"target\":{\"@type\":\"EntryPoint\",\"urlTemplate\":\"https:\\\/\\\/adoptabosque.org\\\/?s={search_term_string}\"},\"query-input\":{\"@type\":\"PropertyValueSpecification\",\"valueRequired\":true,\"valueName\":\"search_term_string\"}}],\"inLanguage\":\"en-US\"}]}<\/script>\n<!-- \/ Yoast SEO Premium plugin. -->","yoast_head_json":{"title":"Donate - ADOPTA","robots":{"index":"index","follow":"follow","max-snippet":"max-snippet:-1","max-image-preview":"max-image-preview:large","max-video-preview":"max-video-preview:-1"},"canonical":"https:\/\/adoptabosque.org\/en\/donate\/","og_locale":"en_US","og_type":"article","og_title":"Donate","og_description":"Donaciones de Panam\u00e1 Los usuarios del banco m\u00e1s grande de Panam\u00e1 pueden donar a trav\u00e9s de Yappy buscando @AdoptaBosque en el directorio. Alternativamente, tambi\u00e9n puede enviarnos un correo electr\u00f3nico a info@adoptabosque.org para obtener los datos bancarios. Donaciones de los EE.UU. Conservation Allies est\u00e1 exento de impuestos de EE. UU. 501(c)3, por lo que todas las [&hellip;]","og_url":"https:\/\/adoptabosque.org\/en\/donate\/","og_site_name":"ADOPTA","article_modified_time":"2023-09-15T01:07:47+00:00","twitter_card":"summary_large_image","twitter_misc":{"Est. reading time":"4 minutes"},"schema":{"@context":"https:\/\/schema.org","@graph":[{"@type":"WebPage","@id":"https:\/\/adoptabosque.org\/donate\/","url":"https:\/\/adoptabosque.org\/donate\/","name":"Donate - ADOPTA","isPartOf":{"@id":"https:\/\/adoptabosque.org\/#website"},"datePublished":"2023-08-08T03:59:26+00:00","dateModified":"2023-09-15T01:07:47+00:00","breadcrumb":{"@id":"https:\/\/adoptabosque.org\/donate\/#breadcrumb"},"inLanguage":"en-US","potentialAction":[{"@type":"ReadAction","target":["https:\/\/adoptabosque.org\/donate\/"]}]},{"@type":"BreadcrumbList","@id":"https:\/\/adoptabosque.org\/donate\/#breadcrumb","itemListElement":[{"@type":"ListItem","position":1,"name":"Home","item":"https:\/\/adoptabosque.org\/"},{"@type":"ListItem","position":2,"name":"Donate"}]},{"@type":"WebSite","@id":"https:\/\/adoptabosque.org\/#website","url":"https:\/\/adoptabosque.org\/","name":"ADOPTA","description":"Bosque Panam\u00e1","potentialAction":[{"@type":"SearchAction","target":{"@type":"EntryPoint","urlTemplate":"https:\/\/adoptabosque.org\/?s={search_term_string}"},"query-input":{"@type":"PropertyValueSpecification","valueRequired":true,"valueName":"search_term_string"}}],"inLanguage":"en-US"}]}},"_links":{"self":[{"href":"https:\/\/adoptabosque.org\/en\/wp-json\/wp\/v2\/pages\/5146","targetHints":{"allow":["GET"]}}],"collection":[{"href":"https:\/\/adoptabosque.org\/en\/wp-json\/wp\/v2\/pages"}],"about":[{"href":"https:\/\/adoptabosque.org\/en\/wp-json\/wp\/v2\/types\/page"}],"author":[{"embeddable":true,"href":"https:\/\/adoptabosque.org\/en\/wp-json\/wp\/v2\/users\/2"}],"replies":[{"embeddable":true,"href":"https:\/\/adoptabosque.org\/en\/wp-json\/wp\/v2\/comments?post=5146"}],"version-history":[{"count":51,"href":"https:\/\/adoptabosque.org\/en\/wp-json\/wp\/v2\/pages\/5146\/revisions"}],"predecessor-version":[{"id":5235,"href":"https:\/\/adoptabosque.org\/en\/wp-json\/wp\/v2\/pages\/5146\/revisions\/5235"}],"wp:attachment":[{"href":"https:\/\/adoptabosque.org\/en\/wp-json\/wp\/v2\/media?parent=5146"}],"curies":[{"name":"wp","href":"https:\/\/api.w.org\/{rel}","templated":true}]}}