{"id":5445,"date":"2024-09-01T16:29:50","date_gmt":"2024-09-01T16:29:50","guid":{"rendered":"https:\/\/adoptabosque.org\/?page_id=5445"},"modified":"2025-02-27T00:47:03","modified_gmt":"2025-02-27T00:47:03","slug":"sierra-llorona","status":"publish","type":"page","link":"https:\/\/adoptabosque.org\/en\/sierra-llorona\/","title":{"rendered":"Sierra Llorona"},"content":{"rendered":"<div id=\"pl-5445\"  class=\"panel-layout\" ><div id=\"pg-5445-0\"  class=\"panel-grid panel-has-style\" ><div class=\"siteorigin-panels-stretch panel-row-style panel-row-style-for-5445-0\" style=\"padding: 50px 0; \" id=\"NOMOB\" data-stretch-type=\"full\" data-overlay=\"true\" data-overlay-color=\"#000000\" ><div id=\"pgc-5445-0-0\"  class=\"panel-grid-cell\" ><div id=\"panel-5445-0-0-0\" class=\"widget_text so-panel widget widget_custom_html panel-first-child panel-last-child\" data-index=\"0\" ><div style=\"text-align: center;\" data-title-color=\"#443f3f\" data-headings-color=\"#443f3f\" class=\"widget_text panel-widget-style panel-widget-style-for-5445-0-0-0\" ><div class=\"textwidget custom-html-widget\"><div class=\"Vert_iframe_container\" id=\"ES\">\n\t<iframe class=\"Vert_iframe\" \n\t\t\t\t\tsrc=\"https:\/\/www.youtube.com\/embed\/75JVPCF5mFI?si=sqzua99pf-ersZKr&mute=1\"><\/iframe>\n<\/div>\n<div class=\"Vert_iframe_container\" id=\"EN\">\n\t<iframe class=\"Vert_iframe\" \n\t\t\t\t\tsrc=\"https:\/\/www.youtube.com\/embed\/k76SrvVjMzk?si=eVSEu_e1v_PPdQyd&mute=1\"><\/iframe>\n<\/div>\n\n<\/div><\/div><\/div><\/div><div id=\"pgc-5445-0-1\"  class=\"panel-grid-cell\" ><div class=\"panel-cell-style panel-cell-style-for-5445-0-1\" ><div id=\"panel-5445-0-1-0\" class=\"widget_text so-panel widget widget_custom_html panel-first-child panel-last-child\" data-index=\"1\" ><div style=\"text-align: left;\" data-title-color=\"#443f3f\" data-headings-color=\"#443f3f\" class=\"widget_text panel-widget-style panel-widget-style-for-5445-0-1-0\" ><div class=\"textwidget custom-html-widget\"><p style=\"font-size: 18px;\">\n\tLa Reserva Natural Privada Sierra Llorona ocupa una zona de transici\u00f3n entre el Canal de Panam\u00e1 y la vertiente atl\u00e1ntica de la provincia de Col\u00f3n. Los antiguos bosques primarios de esta regi\u00f3n protegen una red de v\u00edas fluviales pr\u00edstinas y una biodiversidad impresionante. \n<\/p>\n<p style=\"font-size: 18px;\">\n\tEn la reserva habitan muchas especies raras, como el jaguar [<span style=\"color: #DAA520;\">NT<\/span>], el \u00e1guila arp\u00eda [<span style=\"color: #F28C28;\">VU<\/span>], el tapir centroamericano [<span style=\"color: #FF0000;\">EN<\/span>] y la rana arlequ\u00edn de Limosa [<span style=\"color: #B30000;\">CR<\/span>], as\u00ed como especies posiblemente a\u00fan no descritas.\n<\/p>\n<p style=\"font-size: 18px;\">\n\tLamentablemente, esta zona est\u00e1 gravemente amenazada por el desarrollo, especialmente la construcci\u00f3n de carreteras. Las carreteras facilitan el acceso a los bosques a cazadores ilegales, buscadores de oro y especies invasoras. \n<\/p>\n<p style=\"font-size: 18px;\">\n\tLas carreteras tambi\u00e9n dividen los h\u00e1bitats, lo que es particularmente importante porque esta zona forma parte vital del Corredor de Biodiversidad Mesoamericana, una importante ruta de tr\u00e1nsito para la vida silvestre. Sierra Llorona es un lugar especialmente vital, ya que forma parte de la conexi\u00f3n entre el Parque Nacional Soberan\u00eda y el Parque Nacional Chagres. Cortar esta ruta plantea un grave riesgo para la supervivencia de muchas especies paname\u00f1as de importancia cultural.\n<\/p><\/div><\/div><\/div><\/div><\/div><\/div><\/div><div id=\"pg-5445-1\"  class=\"panel-grid panel-has-style\" ><div class=\"siteorigin-panels-stretch panel-row-style panel-row-style-for-5445-1\" style=\"padding: 50px 0; \" id=\"MOBONLY\" data-stretch-type=\"full\" data-overlay=\"true\" data-overlay-color=\"#000000\" ><div id=\"pgc-5445-1-0\"  class=\"panel-grid-cell\" ><div id=\"panel-5445-1-0-0\" class=\"widget_text so-panel widget widget_custom_html panel-first-child\" data-index=\"2\" ><div style=\"text-align: left;\" data-title-color=\"#443f3f\" data-headings-color=\"#443f3f\" class=\"widget_text panel-widget-style panel-widget-style-for-5445-1-0-0\" ><div class=\"textwidget custom-html-widget\"><p style=\"font-size: 18px;\">\n\tLa Reserva Natural Privada Sierra Llorona ocupa una zona de transici\u00f3n entre el Canal de Panam\u00e1 y la vertiente atl\u00e1ntica de la provincia de Col\u00f3n. Los antiguos bosques primarios de esta regi\u00f3n protegen una red de v\u00edas fluviales pr\u00edstinas y una biodiversidad impresionante. \n<\/p>\n<p style=\"font-size: 18px;\">\n\tEn la reserva habitan muchas especies raras, como el jaguar [<span style=\"color: #DAA520;\">NT<\/span>], el \u00e1guila arp\u00eda [<span style=\"color: #F28C28;\">VU<\/span>], el tapir centroamericano [<span style=\"color: #FF0000;\">EN<\/span>] y la rana arlequ\u00edn de Limosa [<span style=\"color: #B30000;\">CR<\/span>], as\u00ed como especies posiblemente a\u00fan no descritas.\n<\/p><\/div><\/div><\/div><div id=\"panel-5445-1-0-1\" class=\"widget_text so-panel widget widget_custom_html\" data-index=\"3\" ><div style=\"text-align: center;\" data-title-color=\"#443f3f\" data-headings-color=\"#443f3f\" class=\"widget_text panel-widget-style panel-widget-style-for-5445-1-0-1\" ><div class=\"textwidget custom-html-widget\"><div class=\"Vert_iframe_container\" id=\"ES\">\n\t<iframe class=\"Vert_iframe\" \n\t\t\t\t\tsrc=\"https:\/\/www.youtube.com\/embed\/75JVPCF5mFI?si=sqzua99pf-ersZKr&mute=1\"><\/iframe>\n<\/div>\n<div class=\"Vert_iframe_container\" id=\"EN\">\n\t<iframe class=\"Vert_iframe\" \n\t\t\t\t\tsrc=\"https:\/\/www.youtube.com\/embed\/k76SrvVjMzk?si=eVSEu_e1v_PPdQyd&mute=1\"><\/iframe>\n<\/div>\n\n<\/div><\/div><\/div><div id=\"panel-5445-1-0-2\" class=\"widget_text so-panel widget widget_custom_html panel-last-child\" data-index=\"4\" ><div style=\"text-align: left;\" data-title-color=\"#443f3f\" data-headings-color=\"#443f3f\" class=\"widget_text panel-widget-style panel-widget-style-for-5445-1-0-2\" ><div class=\"textwidget custom-html-widget\"><p style=\"font-size: 18px;\">\n\tLamentablemente, esta zona est\u00e1 gravemente amenazada por el desarrollo, especialmente la construcci\u00f3n de carreteras. Las carreteras facilitan el acceso a los bosques a cazadores ilegales, buscadores de oro y especies invasoras. \n<\/p>\n<p style=\"font-size: 18px;\">\n\tLas carreteras tambi\u00e9n dividen los h\u00e1bitats, lo que es particularmente importante porque esta zona forma parte vital del Corredor de Biodiversidad Mesoamericana, una importante ruta de tr\u00e1nsito para la vida silvestre. Sierra Llorona es un lugar especialmente vital, ya que forma parte de la conexi\u00f3n entre el Parque Nacional Soberan\u00eda y el Parque Nacional Chagres. Cortar esta ruta plantea un grave riesgo para la supervivencia de muchas especies paname\u00f1as de importancia cultural.\n<\/p><\/div><\/div><\/div><\/div><\/div><\/div><div id=\"pg-5445-2\"  class=\"panel-grid panel-has-style\" ><div class=\"siteorigin-panels-stretch panel-row-style panel-row-style-for-5445-2\" style=\"padding: 0px 0; \" data-stretch-type=\"full-width-stretch\" data-overlay=\"true\" data-overlay-color=\"#000000\" ><div id=\"pgc-5445-2-0\"  class=\"panel-grid-cell\" ><div id=\"panel-5445-2-0-0\" class=\"so-panel widget widget_siteorigin-panels-builder panel-first-child panel-last-child\" data-index=\"5\" ><div class=\"Banner1 panel-widget-style panel-widget-style-for-5445-2-0-0\" style=\"text-align: left;\" data-title-color=\"#443f3f\" data-headings-color=\"#443f3f\" ><div id=\"pl-w67bfaaa1164ef\"  class=\"panel-layout\" ><div id=\"pg-w67bfaaa1164ef-0\"  class=\"panel-grid panel-has-style\" ><div class=\"siteorigin-panels-stretch panel-row-style panel-row-style-for-w67bfaaa1164ef-0\" style=\"padding: 0px 0; \" data-stretch-type=\"full-width-stretch\" data-overlay=\"true\" data-overlay-color=\"#000000\" ><div id=\"pgc-w67bfaaa1164ef-0-0\"  class=\"panel-grid-cell\" ><div id=\"panel-w67bfaaa1164ef-0-0-0\" class=\"widget_text so-panel widget widget_custom_html panel-first-child\" data-index=\"0\" ><div style=\"text-align: left;\" data-title-color=\"#443f3f\" data-headings-color=\"#ffffff\" class=\"widget_text panel-widget-style panel-widget-style-for-w67bfaaa1164ef-0-0-0\" ><div class=\"textwidget custom-html-widget\"><div style=\"min-height: 350px;\">\n<h3><em>Dentro del alineamiento de la carretera propuesta existen bosques importantes y bien conservados... donde existen especies por reconocer y de importancia ecol\u00f3gica para Panam\u00e1<\/em><\/h3>\n<\/div><\/div><\/div><\/div><div id=\"panel-w67bfaaa1164ef-0-0-1\" class=\"widget_text so-panel widget widget_custom_html panel-last-child\" data-index=\"1\" ><div class=\"widget_text Banner-copyright panel-widget-style panel-widget-style-for-w67bfaaa1164ef-0-0-1\" style=\"text-align: left;\" data-title-color=\"#443f3f\" data-headings-color=\"#443f3f\" ><div class=\"textwidget custom-html-widget\"><div>\n\t<i class=\"fa fa-camera\"><\/i> Alex Collins\n<\/div><\/div><\/div><\/div><\/div><\/div><\/div><\/div><\/div><\/div><\/div><\/div><\/div><div id=\"pg-5445-3\"  class=\"panel-grid panel-has-style\" ><div class=\"mob-pad-30 panel-row-style panel-row-style-for-5445-3\" style=\"padding: 75px 0; \" data-overlay=\"true\" data-overlay-color=\"#000000\" ><div id=\"pgc-5445-3-0\"  class=\"panel-grid-cell\" ><div id=\"panel-5445-3-0-0\" class=\"widget_text so-panel widget widget_custom_html panel-first-child panel-last-child\" data-index=\"6\" ><div style=\"text-align: left;\" id=\"Thanks\" data-title-color=\"#443f3f\" data-headings-color=\"#000000\" class=\"widget_text panel-widget-style panel-widget-style-for-5445-3-0-0\" ><div class=\"textwidget custom-html-widget\"><h4 style=\"margin-bottom: 5px;\">\n\tAgradecimientos\n<\/h4>\n<p style=\"font-size: 18px;\">\n\tUn agradecimiento especial a Primate Conservation Inc. y al Herbario PMA de la Universidad de Panam\u00e1 por apoyar a la Reserva Natural Privada Sierra Llorona.<\/p>\n<a href=\"http:\/\/www.primate.org\/\" target=\"_blank\"><img decoding=\"async\" src=\"https:\/\/adoptabosque.org\/wp-content\/uploads\/2024\/09\/PrimateConservationInc.png\" alt=\"\" height=\"100\" width=\"auto\" class=\"alignleft wp-image-5462\" srcset=\"https:\/\/adoptabosque.org\/wp-content\/uploads\/2024\/09\/PrimateConservationInc.png 196w, https:\/\/adoptabosque.org\/wp-content\/uploads\/2024\/09\/PrimateConservationInc-18x8.png 18w\" sizes=\"(max-width: 196px) 100vw, 196px\" \/><\/a>\n<a href=\"https:\/\/herbario.up.ac.pa\/\" target=\"_blank\"><img loading=\"lazy\" decoding=\"async\" src=\"https:\/\/adoptabosque.org\/wp-content\/uploads\/2024\/09\/PA_University_Herbarium.png\" alt=\"\" height=\"100\" width=\"100\" class=\"alignleft wp-image-5463\" style=\"margin-left: 10px;\" srcset=\"https:\/\/adoptabosque.org\/wp-content\/uploads\/2024\/09\/PA_University_Herbarium.png 1080w, https:\/\/adoptabosque.org\/wp-content\/uploads\/2024\/09\/PA_University_Herbarium-300x300.png 300w, https:\/\/adoptabosque.org\/wp-content\/uploads\/2024\/09\/PA_University_Herbarium-1024x1024.png 1024w, https:\/\/adoptabosque.org\/wp-content\/uploads\/2024\/09\/PA_University_Herbarium-150x150.png 150w, https:\/\/adoptabosque.org\/wp-content\/uploads\/2024\/09\/PA_University_Herbarium-768x768.png 768w, https:\/\/adoptabosque.org\/wp-content\/uploads\/2024\/09\/PA_University_Herbarium-12x12.png 12w, https:\/\/adoptabosque.org\/wp-content\/uploads\/2024\/09\/PA_University_Herbarium-830x830.png 830w, https:\/\/adoptabosque.org\/wp-content\/uploads\/2024\/09\/PA_University_Herbarium-230x230.png 230w, https:\/\/adoptabosque.org\/wp-content\/uploads\/2024\/09\/PA_University_Herbarium-350x350.png 350w, https:\/\/adoptabosque.org\/wp-content\/uploads\/2024\/09\/PA_University_Herbarium-480x480.png 480w, https:\/\/adoptabosque.org\/wp-content\/uploads\/2024\/09\/PA_University_Herbarium-600x600.png 600w, https:\/\/adoptabosque.org\/wp-content\/uploads\/2024\/09\/PA_University_Herbarium-100x100.png 100w\" sizes=\"auto, (max-width: 100px) 100vw, 100px\" \/><\/a><\/div><\/div><\/div><\/div><\/div><\/div><\/div>","protected":false},"excerpt":{"rendered":"<p>La Reserva Natural Privada Sierra Llorona ocupa una zona de transici\u00f3n entre el Canal de Panam\u00e1 y la vertiente atl\u00e1ntica de la provincia de Col\u00f3n. Los antiguos bosques primarios de esta regi\u00f3n protegen una red de v\u00edas fluviales pr\u00edstinas y una biodiversidad impresionante. En la reserva habitan muchas especies raras, como el jaguar [NT], el [&hellip;]<\/p>\n","protected":false},"author":2,"featured_media":5446,"parent":0,"menu_order":0,"comment_status":"closed","ping_status":"closed","template":"page-templates\/page_single-header-wide.php","meta":{"footnotes":""},"class_list":["post-5445","page","type-page","status-publish","has-post-thumbnail","hentry"],"yoast_head":"<!-- This site is optimized with the Yoast SEO Premium plugin v25.3.1 (Yoast SEO v27.3) - https:\/\/yoast.com\/product\/yoast-seo-premium-wordpress\/ -->\n<title>Sierra Llorona - ADOPTA<\/title>\n<meta name=\"robots\" content=\"index, follow, max-snippet:-1, max-image-preview:large, max-video-preview:-1\" \/>\n<link rel=\"canonical\" href=\"https:\/\/adoptabosque.org\/en\/sierra-llorona\/\" \/>\n<meta property=\"og:locale\" content=\"en_US\" \/>\n<meta property=\"og:type\" content=\"article\" \/>\n<meta property=\"og:title\" content=\"Sierra Llorona\" \/>\n<meta property=\"og:description\" content=\"La Reserva Natural Privada Sierra Llorona ocupa una zona de transici\u00f3n entre el Canal de Panam\u00e1 y la vertiente atl\u00e1ntica de la provincia de Col\u00f3n. Los antiguos bosques primarios de esta regi\u00f3n protegen una red de v\u00edas fluviales pr\u00edstinas y una biodiversidad impresionante. En la reserva habitan muchas especies raras, como el jaguar [NT], el [&hellip;]\" \/>\n<meta property=\"og:url\" content=\"https:\/\/adoptabosque.org\/en\/sierra-llorona\/\" \/>\n<meta property=\"og:site_name\" content=\"ADOPTA\" \/>\n<meta property=\"article:modified_time\" content=\"2025-02-27T00:47:03+00:00\" \/>\n<meta property=\"og:image\" content=\"https:\/\/adoptabosque.org\/wp-content\/uploads\/2024\/09\/Copy-of-DJI_0338-scaled.jpeg\" \/>\n\t<meta property=\"og:image:width\" content=\"2560\" \/>\n\t<meta property=\"og:image:height\" content=\"1440\" \/>\n\t<meta property=\"og:image:type\" content=\"image\/jpeg\" \/>\n<meta name=\"twitter:card\" content=\"summary_large_image\" \/>\n<meta name=\"twitter:label1\" content=\"Est. reading time\" \/>\n\t<meta name=\"twitter:data1\" content=\"3 minutes\" \/>\n<script type=\"application\/ld+json\" class=\"yoast-schema-graph\">{\"@context\":\"https:\\\/\\\/schema.org\",\"@graph\":[{\"@type\":\"WebPage\",\"@id\":\"https:\\\/\\\/adoptabosque.org\\\/sierra-llorona\\\/\",\"url\":\"https:\\\/\\\/adoptabosque.org\\\/sierra-llorona\\\/\",\"name\":\"Sierra Llorona - ADOPTA\",\"isPartOf\":{\"@id\":\"https:\\\/\\\/adoptabosque.org\\\/#website\"},\"primaryImageOfPage\":{\"@id\":\"https:\\\/\\\/adoptabosque.org\\\/sierra-llorona\\\/#primaryimage\"},\"image\":{\"@id\":\"https:\\\/\\\/adoptabosque.org\\\/sierra-llorona\\\/#primaryimage\"},\"thumbnailUrl\":\"https:\\\/\\\/adoptabosque.org\\\/wp-content\\\/uploads\\\/2024\\\/09\\\/Copy-of-DJI_0338-scaled.jpeg\",\"datePublished\":\"2024-09-01T16:29:50+00:00\",\"dateModified\":\"2025-02-27T00:47:03+00:00\",\"breadcrumb\":{\"@id\":\"https:\\\/\\\/adoptabosque.org\\\/sierra-llorona\\\/#breadcrumb\"},\"inLanguage\":\"en-US\",\"potentialAction\":[{\"@type\":\"ReadAction\",\"target\":[\"https:\\\/\\\/adoptabosque.org\\\/sierra-llorona\\\/\"]}]},{\"@type\":\"ImageObject\",\"inLanguage\":\"en-US\",\"@id\":\"https:\\\/\\\/adoptabosque.org\\\/sierra-llorona\\\/#primaryimage\",\"url\":\"https:\\\/\\\/adoptabosque.org\\\/wp-content\\\/uploads\\\/2024\\\/09\\\/Copy-of-DJI_0338-scaled.jpeg\",\"contentUrl\":\"https:\\\/\\\/adoptabosque.org\\\/wp-content\\\/uploads\\\/2024\\\/09\\\/Copy-of-DJI_0338-scaled.jpeg\",\"width\":2560,\"height\":1440,\"caption\":\"default\"},{\"@type\":\"BreadcrumbList\",\"@id\":\"https:\\\/\\\/adoptabosque.org\\\/sierra-llorona\\\/#breadcrumb\",\"itemListElement\":[{\"@type\":\"ListItem\",\"position\":1,\"name\":\"Home\",\"item\":\"https:\\\/\\\/adoptabosque.org\\\/\"},{\"@type\":\"ListItem\",\"position\":2,\"name\":\"Sierra Llorona\"}]},{\"@type\":\"WebSite\",\"@id\":\"https:\\\/\\\/adoptabosque.org\\\/#website\",\"url\":\"https:\\\/\\\/adoptabosque.org\\\/\",\"name\":\"ADOPTA\",\"description\":\"Bosque Panam\u00e1\",\"potentialAction\":[{\"@type\":\"SearchAction\",\"target\":{\"@type\":\"EntryPoint\",\"urlTemplate\":\"https:\\\/\\\/adoptabosque.org\\\/?s={search_term_string}\"},\"query-input\":{\"@type\":\"PropertyValueSpecification\",\"valueRequired\":true,\"valueName\":\"search_term_string\"}}],\"inLanguage\":\"en-US\"}]}<\/script>\n<!-- \/ Yoast SEO Premium plugin. -->","yoast_head_json":{"title":"Sierra Llorona - ADOPTA","robots":{"index":"index","follow":"follow","max-snippet":"max-snippet:-1","max-image-preview":"max-image-preview:large","max-video-preview":"max-video-preview:-1"},"canonical":"https:\/\/adoptabosque.org\/en\/sierra-llorona\/","og_locale":"en_US","og_type":"article","og_title":"Sierra Llorona","og_description":"La Reserva Natural Privada Sierra Llorona ocupa una zona de transici\u00f3n entre el Canal de Panam\u00e1 y la vertiente atl\u00e1ntica de la provincia de Col\u00f3n. Los antiguos bosques primarios de esta regi\u00f3n protegen una red de v\u00edas fluviales pr\u00edstinas y una biodiversidad impresionante. En la reserva habitan muchas especies raras, como el jaguar [NT], el [&hellip;]","og_url":"https:\/\/adoptabosque.org\/en\/sierra-llorona\/","og_site_name":"ADOPTA","article_modified_time":"2025-02-27T00:47:03+00:00","og_image":[{"width":2560,"height":1440,"url":"https:\/\/adoptabosque.org\/wp-content\/uploads\/2024\/09\/Copy-of-DJI_0338-scaled.jpeg","type":"image\/jpeg"}],"twitter_card":"summary_large_image","twitter_misc":{"Est. reading time":"3 minutes"},"schema":{"@context":"https:\/\/schema.org","@graph":[{"@type":"WebPage","@id":"https:\/\/adoptabosque.org\/sierra-llorona\/","url":"https:\/\/adoptabosque.org\/sierra-llorona\/","name":"Sierra Llorona - ADOPTA","isPartOf":{"@id":"https:\/\/adoptabosque.org\/#website"},"primaryImageOfPage":{"@id":"https:\/\/adoptabosque.org\/sierra-llorona\/#primaryimage"},"image":{"@id":"https:\/\/adoptabosque.org\/sierra-llorona\/#primaryimage"},"thumbnailUrl":"https:\/\/adoptabosque.org\/wp-content\/uploads\/2024\/09\/Copy-of-DJI_0338-scaled.jpeg","datePublished":"2024-09-01T16:29:50+00:00","dateModified":"2025-02-27T00:47:03+00:00","breadcrumb":{"@id":"https:\/\/adoptabosque.org\/sierra-llorona\/#breadcrumb"},"inLanguage":"en-US","potentialAction":[{"@type":"ReadAction","target":["https:\/\/adoptabosque.org\/sierra-llorona\/"]}]},{"@type":"ImageObject","inLanguage":"en-US","@id":"https:\/\/adoptabosque.org\/sierra-llorona\/#primaryimage","url":"https:\/\/adoptabosque.org\/wp-content\/uploads\/2024\/09\/Copy-of-DJI_0338-scaled.jpeg","contentUrl":"https:\/\/adoptabosque.org\/wp-content\/uploads\/2024\/09\/Copy-of-DJI_0338-scaled.jpeg","width":2560,"height":1440,"caption":"default"},{"@type":"BreadcrumbList","@id":"https:\/\/adoptabosque.org\/sierra-llorona\/#breadcrumb","itemListElement":[{"@type":"ListItem","position":1,"name":"Home","item":"https:\/\/adoptabosque.org\/"},{"@type":"ListItem","position":2,"name":"Sierra Llorona"}]},{"@type":"WebSite","@id":"https:\/\/adoptabosque.org\/#website","url":"https:\/\/adoptabosque.org\/","name":"ADOPTA","description":"Bosque Panam\u00e1","potentialAction":[{"@type":"SearchAction","target":{"@type":"EntryPoint","urlTemplate":"https:\/\/adoptabosque.org\/?s={search_term_string}"},"query-input":{"@type":"PropertyValueSpecification","valueRequired":true,"valueName":"search_term_string"}}],"inLanguage":"en-US"}]}},"_links":{"self":[{"href":"https:\/\/adoptabosque.org\/en\/wp-json\/wp\/v2\/pages\/5445","targetHints":{"allow":["GET"]}}],"collection":[{"href":"https:\/\/adoptabosque.org\/en\/wp-json\/wp\/v2\/pages"}],"about":[{"href":"https:\/\/adoptabosque.org\/en\/wp-json\/wp\/v2\/types\/page"}],"author":[{"embeddable":true,"href":"https:\/\/adoptabosque.org\/en\/wp-json\/wp\/v2\/users\/2"}],"replies":[{"embeddable":true,"href":"https:\/\/adoptabosque.org\/en\/wp-json\/wp\/v2\/comments?post=5445"}],"version-history":[{"count":21,"href":"https:\/\/adoptabosque.org\/en\/wp-json\/wp\/v2\/pages\/5445\/revisions"}],"predecessor-version":[{"id":5537,"href":"https:\/\/adoptabosque.org\/en\/wp-json\/wp\/v2\/pages\/5445\/revisions\/5537"}],"wp:featuredmedia":[{"embeddable":true,"href":"https:\/\/adoptabosque.org\/en\/wp-json\/wp\/v2\/media\/5446"}],"wp:attachment":[{"href":"https:\/\/adoptabosque.org\/en\/wp-json\/wp\/v2\/media?parent=5445"}],"curies":[{"name":"wp","href":"https:\/\/api.w.org\/{rel}","templated":true}]}}